{"id":283,"date":"2025-07-12T18:04:24","date_gmt":"2025-07-12T18:04:24","guid":{"rendered":"https:\/\/888starz.futbol\/cm\/?page_id=283"},"modified":"2025-07-23T11:31:11","modified_gmt":"2025-07-23T11:31:11","slug":"deposit-and-withdrawal","status":"publish","type":"page","link":"https:\/\/888starz.futbol\/cm\/deposit-and-withdrawal\/","title":{"rendered":"D\u00e9p\u00f4t et retrait"},"content":{"rendered":"","protected":false},"excerpt":{"rendered":"","protected":false},"author":1,"featured_media":0,"parent":0,"menu_order":0,"comment_status":"closed","ping_status":"closed","template":"","meta":{"footnotes":""},"class_list":["post-283","page","type-page","status-publish","hentry"],"yoast_head":"<!-- This site is optimized with the Yoast SEO plugin v27.4 - https:\/\/yoast.com\/product\/yoast-seo-wordpress\/ -->\n<title>888Starz D\u00e9p\u00f4t et retrait des gains \u2714 M\u00e9thodes de paiement<\/title>\n<meta name=\"description\" content=\"M\u00e9thodes de d\u00e9p\u00f4t et de retrait des gains sur 888Starz Cameroun - rapides et s\u00fbres pour les joueurs. Vue d&#039;ensemble des m\u00e9thodes de paiement, des caract\u00e9ristiques de paiement, des conseils pour les joueurs.\" \/>\n<meta name=\"robots\" content=\"index, follow, max-snippet:-1, max-image-preview:large, max-video-preview:-1\" \/>\n<meta property=\"og:locale\" content=\"fr_FR\" \/>\n<meta property=\"og:type\" content=\"article\" \/>\n<meta property=\"og:title\" content=\"888Starz D\u00e9p\u00f4t et retrait des gains \u2714 M\u00e9thodes de paiement\" \/>\n<meta property=\"og:description\" content=\"M\u00e9thodes de d\u00e9p\u00f4t et de retrait des gains sur 888Starz Cameroun - rapides et s\u00fbres pour les joueurs. Vue d&#039;ensemble des m\u00e9thodes de paiement, des caract\u00e9ristiques de paiement, des conseils pour les joueurs.\" \/>\n<meta property=\"og:url\" content=\"https:\/\/888starz.futbol\/cm\/deposit-and-withdrawal\/\" \/>\n<meta property=\"og:site_name\" content=\"888Starz Futbol cm\" \/>\n<meta property=\"article:modified_time\" content=\"2025-07-23T11:31:11+00:00\" \/>\n<meta name=\"twitter:card\" content=\"summary_large_image\" \/>\n<script type=\"application\/ld+json\" class=\"yoast-schema-graph\">{\"@context\":\"https:\\\/\\\/schema.org\",\"@graph\":[{\"@type\":\"WebPage\",\"@id\":\"https:\\\/\\\/888starz.futbol\\\/cm\\\/deposit-and-withdrawal\\\/\",\"url\":\"https:\\\/\\\/888starz.futbol\\\/cm\\\/deposit-and-withdrawal\\\/\",\"name\":\"888Starz D\u00e9p\u00f4t et retrait des gains \u2714 M\u00e9thodes de paiement\",\"isPartOf\":{\"@id\":\"https:\\\/\\\/888starz.futbol\\\/cm\\\/#website\"},\"datePublished\":\"2025-07-12T18:04:24+00:00\",\"dateModified\":\"2025-07-23T11:31:11+00:00\",\"description\":\"M\u00e9thodes de d\u00e9p\u00f4t et de retrait des gains sur 888Starz Cameroun - rapides et s\u00fbres pour les joueurs. Vue d'ensemble des m\u00e9thodes de paiement, des caract\u00e9ristiques de paiement, des conseils pour les joueurs.\",\"breadcrumb\":{\"@id\":\"https:\\\/\\\/888starz.futbol\\\/cm\\\/deposit-and-withdrawal\\\/#breadcrumb\"},\"inLanguage\":\"fr-CM\",\"potentialAction\":[{\"@type\":\"ReadAction\",\"target\":[\"https:\\\/\\\/888starz.futbol\\\/cm\\\/deposit-and-withdrawal\\\/\"]}]},{\"@type\":\"BreadcrumbList\",\"@id\":\"https:\\\/\\\/888starz.futbol\\\/cm\\\/deposit-and-withdrawal\\\/#breadcrumb\",\"itemListElement\":[{\"@type\":\"ListItem\",\"position\":1,\"name\":\"Home\",\"item\":\"https:\\\/\\\/888starz.futbol\\\/cm\\\/\"},{\"@type\":\"ListItem\",\"position\":2,\"name\":\"D\u00e9p\u00f4t et retrait\"}]},{\"@type\":\"WebSite\",\"@id\":\"https:\\\/\\\/888starz.futbol\\\/cm\\\/#website\",\"url\":\"https:\\\/\\\/888starz.futbol\\\/cm\\\/\",\"name\":\"888Starz Futbol cm\",\"description\":\"My WordPress Blog\",\"potentialAction\":[{\"@type\":\"SearchAction\",\"target\":{\"@type\":\"EntryPoint\",\"urlTemplate\":\"https:\\\/\\\/888starz.futbol\\\/cm\\\/?s={search_term_string}\"},\"query-input\":{\"@type\":\"PropertyValueSpecification\",\"valueRequired\":true,\"valueName\":\"search_term_string\"}}],\"inLanguage\":\"fr-CM\"}]}<\/script>\n<!-- \/ Yoast SEO plugin. -->","yoast_head_json":{"title":"888Starz D\u00e9p\u00f4t et retrait des gains \u2714 M\u00e9thodes de paiement","description":"M\u00e9thodes de d\u00e9p\u00f4t et de retrait des gains sur 888Starz Cameroun - rapides et s\u00fbres pour les joueurs. Vue d'ensemble des m\u00e9thodes de paiement, des caract\u00e9ristiques de paiement, des conseils pour les joueurs.","robots":{"index":"index","follow":"follow","max-snippet":"max-snippet:-1","max-image-preview":"max-image-preview:large","max-video-preview":"max-video-preview:-1"},"og_locale":"fr_FR","og_type":"article","og_title":"888Starz D\u00e9p\u00f4t et retrait des gains \u2714 M\u00e9thodes de paiement","og_description":"M\u00e9thodes de d\u00e9p\u00f4t et de retrait des gains sur 888Starz Cameroun - rapides et s\u00fbres pour les joueurs. Vue d'ensemble des m\u00e9thodes de paiement, des caract\u00e9ristiques de paiement, des conseils pour les joueurs.","og_url":"https:\/\/888starz.futbol\/cm\/deposit-and-withdrawal\/","og_site_name":"888Starz Futbol cm","article_modified_time":"2025-07-23T11:31:11+00:00","twitter_card":"summary_large_image","schema":{"@context":"https:\/\/schema.org","@graph":[{"@type":"WebPage","@id":"https:\/\/888starz.futbol\/cm\/deposit-and-withdrawal\/","url":"https:\/\/888starz.futbol\/cm\/deposit-and-withdrawal\/","name":"888Starz D\u00e9p\u00f4t et retrait des gains \u2714 M\u00e9thodes de paiement","isPartOf":{"@id":"https:\/\/888starz.futbol\/cm\/#website"},"datePublished":"2025-07-12T18:04:24+00:00","dateModified":"2025-07-23T11:31:11+00:00","description":"M\u00e9thodes de d\u00e9p\u00f4t et de retrait des gains sur 888Starz Cameroun - rapides et s\u00fbres pour les joueurs. Vue d'ensemble des m\u00e9thodes de paiement, des caract\u00e9ristiques de paiement, des conseils pour les joueurs.","breadcrumb":{"@id":"https:\/\/888starz.futbol\/cm\/deposit-and-withdrawal\/#breadcrumb"},"inLanguage":"fr-CM","potentialAction":[{"@type":"ReadAction","target":["https:\/\/888starz.futbol\/cm\/deposit-and-withdrawal\/"]}]},{"@type":"BreadcrumbList","@id":"https:\/\/888starz.futbol\/cm\/deposit-and-withdrawal\/#breadcrumb","itemListElement":[{"@type":"ListItem","position":1,"name":"Home","item":"https:\/\/888starz.futbol\/cm\/"},{"@type":"ListItem","position":2,"name":"D\u00e9p\u00f4t et retrait"}]},{"@type":"WebSite","@id":"https:\/\/888starz.futbol\/cm\/#website","url":"https:\/\/888starz.futbol\/cm\/","name":"888Starz Futbol cm","description":"My WordPress Blog","potentialAction":[{"@type":"SearchAction","target":{"@type":"EntryPoint","urlTemplate":"https:\/\/888starz.futbol\/cm\/?s={search_term_string}"},"query-input":{"@type":"PropertyValueSpecification","valueRequired":true,"valueName":"search_term_string"}}],"inLanguage":"fr-CM"}]}},"_links":{"self":[{"href":"https:\/\/888starz.futbol\/cm\/wp-json\/wp\/v2\/pages\/283","targetHints":{"allow":["GET"]}}],"collection":[{"href":"https:\/\/888starz.futbol\/cm\/wp-json\/wp\/v2\/pages"}],"about":[{"href":"https:\/\/888starz.futbol\/cm\/wp-json\/wp\/v2\/types\/page"}],"author":[{"embeddable":true,"href":"https:\/\/888starz.futbol\/cm\/wp-json\/wp\/v2\/users\/1"}],"replies":[{"embeddable":true,"href":"https:\/\/888starz.futbol\/cm\/wp-json\/wp\/v2\/comments?post=283"}],"version-history":[{"count":7,"href":"https:\/\/888starz.futbol\/cm\/wp-json\/wp\/v2\/pages\/283\/revisions"}],"predecessor-version":[{"id":450,"href":"https:\/\/888starz.futbol\/cm\/wp-json\/wp\/v2\/pages\/283\/revisions\/450"}],"wp:attachment":[{"href":"https:\/\/888starz.futbol\/cm\/wp-json\/wp\/v2\/media?parent=283"}],"curies":[{"name":"wp","href":"https:\/\/api.w.org\/{rel}","templated":true}]}}