{"id":292,"date":"2025-07-13T17:56:54","date_gmt":"2025-07-13T17:56:54","guid":{"rendered":"https:\/\/888starz.futbol\/cm\/?page_id=292"},"modified":"2025-07-23T13:02:37","modified_gmt":"2025-07-23T13:02:37","slug":"no-deposit-bonus","status":"publish","type":"page","link":"https:\/\/888starz.futbol\/cm\/no-deposit-bonus\/","title":{"rendered":"Bonus sans d\u00e9p\u00f4t"},"content":{"rendered":"","protected":false},"excerpt":{"rendered":"","protected":false},"author":1,"featured_media":0,"parent":0,"menu_order":0,"comment_status":"closed","ping_status":"closed","template":"","meta":{"footnotes":""},"class_list":["post-292","page","type-page","status-publish","hentry"],"yoast_head":"<!-- This site is optimized with the Yoast SEO plugin v27.4 - https:\/\/yoast.com\/product\/yoast-seo-wordpress\/ -->\n<title>888Starz Bonus sans d\u00e9p\u00f4t \u23e9 Comment obtenir un bonus<\/title>\n<meta name=\"description\" content=\"Apprenez comment obtenir un bonus sans d\u00e9p\u00f4t sur 888Starz Cameroun - des r\u00e9compenses exclusives sans d\u00e9p\u00f4t. Obtenez des cadeaux pour l&#039;inscription et l&#039;activit\u00e9.\" \/>\n<meta name=\"robots\" content=\"index, follow, max-snippet:-1, max-image-preview:large, max-video-preview:-1\" \/>\n<meta property=\"og:locale\" content=\"fr_FR\" \/>\n<meta property=\"og:type\" content=\"article\" \/>\n<meta property=\"og:title\" content=\"888Starz Bonus sans d\u00e9p\u00f4t \u23e9 Comment obtenir un bonus\" \/>\n<meta property=\"og:description\" content=\"Apprenez comment obtenir un bonus sans d\u00e9p\u00f4t sur 888Starz Cameroun - des r\u00e9compenses exclusives sans d\u00e9p\u00f4t. Obtenez des cadeaux pour l&#039;inscription et l&#039;activit\u00e9.\" \/>\n<meta property=\"og:url\" content=\"https:\/\/888starz.futbol\/cm\/no-deposit-bonus\/\" \/>\n<meta property=\"og:site_name\" content=\"888Starz Futbol cm\" \/>\n<meta property=\"article:modified_time\" content=\"2025-07-23T13:02:37+00:00\" \/>\n<meta name=\"twitter:card\" content=\"summary_large_image\" \/>\n<script type=\"application\/ld+json\" class=\"yoast-schema-graph\">{\"@context\":\"https:\\\/\\\/schema.org\",\"@graph\":[{\"@type\":\"WebPage\",\"@id\":\"https:\\\/\\\/888starz.futbol\\\/cm\\\/no-deposit-bonus\\\/\",\"url\":\"https:\\\/\\\/888starz.futbol\\\/cm\\\/no-deposit-bonus\\\/\",\"name\":\"888Starz Bonus sans d\u00e9p\u00f4t \u23e9 Comment obtenir un bonus\",\"isPartOf\":{\"@id\":\"https:\\\/\\\/888starz.futbol\\\/cm\\\/#website\"},\"datePublished\":\"2025-07-13T17:56:54+00:00\",\"dateModified\":\"2025-07-23T13:02:37+00:00\",\"description\":\"Apprenez comment obtenir un bonus sans d\u00e9p\u00f4t sur 888Starz Cameroun - des r\u00e9compenses exclusives sans d\u00e9p\u00f4t. Obtenez des cadeaux pour l'inscription et l'activit\u00e9.\",\"breadcrumb\":{\"@id\":\"https:\\\/\\\/888starz.futbol\\\/cm\\\/no-deposit-bonus\\\/#breadcrumb\"},\"inLanguage\":\"fr-CM\",\"potentialAction\":[{\"@type\":\"ReadAction\",\"target\":[\"https:\\\/\\\/888starz.futbol\\\/cm\\\/no-deposit-bonus\\\/\"]}]},{\"@type\":\"BreadcrumbList\",\"@id\":\"https:\\\/\\\/888starz.futbol\\\/cm\\\/no-deposit-bonus\\\/#breadcrumb\",\"itemListElement\":[{\"@type\":\"ListItem\",\"position\":1,\"name\":\"Home\",\"item\":\"https:\\\/\\\/888starz.futbol\\\/cm\\\/\"},{\"@type\":\"ListItem\",\"position\":2,\"name\":\"Bonus sans d\u00e9p\u00f4t\"}]},{\"@type\":\"WebSite\",\"@id\":\"https:\\\/\\\/888starz.futbol\\\/cm\\\/#website\",\"url\":\"https:\\\/\\\/888starz.futbol\\\/cm\\\/\",\"name\":\"888Starz Futbol cm\",\"description\":\"My WordPress Blog\",\"potentialAction\":[{\"@type\":\"SearchAction\",\"target\":{\"@type\":\"EntryPoint\",\"urlTemplate\":\"https:\\\/\\\/888starz.futbol\\\/cm\\\/?s={search_term_string}\"},\"query-input\":{\"@type\":\"PropertyValueSpecification\",\"valueRequired\":true,\"valueName\":\"search_term_string\"}}],\"inLanguage\":\"fr-CM\"}]}<\/script>\n<!-- \/ Yoast SEO plugin. -->","yoast_head_json":{"title":"888Starz Bonus sans d\u00e9p\u00f4t \u23e9 Comment obtenir un bonus","description":"Apprenez comment obtenir un bonus sans d\u00e9p\u00f4t sur 888Starz Cameroun - des r\u00e9compenses exclusives sans d\u00e9p\u00f4t. Obtenez des cadeaux pour l'inscription et l'activit\u00e9.","robots":{"index":"index","follow":"follow","max-snippet":"max-snippet:-1","max-image-preview":"max-image-preview:large","max-video-preview":"max-video-preview:-1"},"og_locale":"fr_FR","og_type":"article","og_title":"888Starz Bonus sans d\u00e9p\u00f4t \u23e9 Comment obtenir un bonus","og_description":"Apprenez comment obtenir un bonus sans d\u00e9p\u00f4t sur 888Starz Cameroun - des r\u00e9compenses exclusives sans d\u00e9p\u00f4t. Obtenez des cadeaux pour l'inscription et l'activit\u00e9.","og_url":"https:\/\/888starz.futbol\/cm\/no-deposit-bonus\/","og_site_name":"888Starz Futbol cm","article_modified_time":"2025-07-23T13:02:37+00:00","twitter_card":"summary_large_image","schema":{"@context":"https:\/\/schema.org","@graph":[{"@type":"WebPage","@id":"https:\/\/888starz.futbol\/cm\/no-deposit-bonus\/","url":"https:\/\/888starz.futbol\/cm\/no-deposit-bonus\/","name":"888Starz Bonus sans d\u00e9p\u00f4t \u23e9 Comment obtenir un bonus","isPartOf":{"@id":"https:\/\/888starz.futbol\/cm\/#website"},"datePublished":"2025-07-13T17:56:54+00:00","dateModified":"2025-07-23T13:02:37+00:00","description":"Apprenez comment obtenir un bonus sans d\u00e9p\u00f4t sur 888Starz Cameroun - des r\u00e9compenses exclusives sans d\u00e9p\u00f4t. Obtenez des cadeaux pour l'inscription et l'activit\u00e9.","breadcrumb":{"@id":"https:\/\/888starz.futbol\/cm\/no-deposit-bonus\/#breadcrumb"},"inLanguage":"fr-CM","potentialAction":[{"@type":"ReadAction","target":["https:\/\/888starz.futbol\/cm\/no-deposit-bonus\/"]}]},{"@type":"BreadcrumbList","@id":"https:\/\/888starz.futbol\/cm\/no-deposit-bonus\/#breadcrumb","itemListElement":[{"@type":"ListItem","position":1,"name":"Home","item":"https:\/\/888starz.futbol\/cm\/"},{"@type":"ListItem","position":2,"name":"Bonus sans d\u00e9p\u00f4t"}]},{"@type":"WebSite","@id":"https:\/\/888starz.futbol\/cm\/#website","url":"https:\/\/888starz.futbol\/cm\/","name":"888Starz Futbol cm","description":"My WordPress Blog","potentialAction":[{"@type":"SearchAction","target":{"@type":"EntryPoint","urlTemplate":"https:\/\/888starz.futbol\/cm\/?s={search_term_string}"},"query-input":{"@type":"PropertyValueSpecification","valueRequired":true,"valueName":"search_term_string"}}],"inLanguage":"fr-CM"}]}},"_links":{"self":[{"href":"https:\/\/888starz.futbol\/cm\/wp-json\/wp\/v2\/pages\/292","targetHints":{"allow":["GET"]}}],"collection":[{"href":"https:\/\/888starz.futbol\/cm\/wp-json\/wp\/v2\/pages"}],"about":[{"href":"https:\/\/888starz.futbol\/cm\/wp-json\/wp\/v2\/types\/page"}],"author":[{"embeddable":true,"href":"https:\/\/888starz.futbol\/cm\/wp-json\/wp\/v2\/users\/1"}],"replies":[{"embeddable":true,"href":"https:\/\/888starz.futbol\/cm\/wp-json\/wp\/v2\/comments?post=292"}],"version-history":[{"count":10,"href":"https:\/\/888starz.futbol\/cm\/wp-json\/wp\/v2\/pages\/292\/revisions"}],"predecessor-version":[{"id":471,"href":"https:\/\/888starz.futbol\/cm\/wp-json\/wp\/v2\/pages\/292\/revisions\/471"}],"wp:attachment":[{"href":"https:\/\/888starz.futbol\/cm\/wp-json\/wp\/v2\/media?parent=292"}],"curies":[{"name":"wp","href":"https:\/\/api.w.org\/{rel}","templated":true}]}}