{"id":302,"date":"2025-07-14T05:48:52","date_gmt":"2025-07-14T05:48:52","guid":{"rendered":"https:\/\/888starz.futbol\/cm\/?page_id=302"},"modified":"2025-11-18T05:19:21","modified_gmt":"2025-11-18T05:19:21","slug":"sports-betting","status":"publish","type":"page","link":"https:\/\/888starz.futbol\/cm\/sports-betting\/","title":{"rendered":"Paris sportifs"},"content":{"rendered":"","protected":false},"excerpt":{"rendered":"","protected":false},"author":1,"featured_media":0,"parent":0,"menu_order":0,"comment_status":"closed","ping_status":"closed","template":"","meta":{"footnotes":""},"class_list":["post-302","page","type-page","status-publish","hentry"],"yoast_head":"<!-- This site is optimized with the Yoast SEO plugin v27.4 - https:\/\/yoast.com\/product\/yoast-seo-wordpress\/ -->\n<title>888Starz Paris sportifs \u25b6\ufe0f Une large gamme de paris sportifs<\/title>\n<meta name=\"description\" content=\"888Starz Cameroun paris sportifs en ligne: un vaste choix d&#039;\u00e9v\u00e9nements, des \u00e9motions fortes et une chance de gagner vous attendent! Placez vos paris!\" \/>\n<meta name=\"robots\" content=\"index, follow, max-snippet:-1, max-image-preview:large, max-video-preview:-1\" \/>\n<meta property=\"og:locale\" content=\"fr_FR\" \/>\n<meta property=\"og:type\" content=\"article\" \/>\n<meta property=\"og:title\" content=\"888Starz Paris sportifs \u25b6\ufe0f Une large gamme de paris sportifs\" \/>\n<meta property=\"og:description\" content=\"888Starz Cameroun paris sportifs en ligne: un vaste choix d&#039;\u00e9v\u00e9nements, des \u00e9motions fortes et une chance de gagner vous attendent! Placez vos paris!\" \/>\n<meta property=\"og:url\" content=\"https:\/\/888starz.futbol\/cm\/sports-betting\/\" \/>\n<meta property=\"og:site_name\" content=\"888Starz Futbol cm\" \/>\n<meta property=\"article:modified_time\" content=\"2025-11-18T05:19:21+00:00\" \/>\n<meta name=\"twitter:card\" content=\"summary_large_image\" \/>\n<script type=\"application\/ld+json\" class=\"yoast-schema-graph\">{\"@context\":\"https:\\\/\\\/schema.org\",\"@graph\":[{\"@type\":\"WebPage\",\"@id\":\"https:\\\/\\\/888starz.futbol\\\/cm\\\/sports-betting\\\/\",\"url\":\"https:\\\/\\\/888starz.futbol\\\/cm\\\/sports-betting\\\/\",\"name\":\"888Starz Paris sportifs \u25b6\ufe0f Une large gamme de paris sportifs\",\"isPartOf\":{\"@id\":\"https:\\\/\\\/888starz.futbol\\\/cm\\\/#website\"},\"datePublished\":\"2025-07-14T05:48:52+00:00\",\"dateModified\":\"2025-11-18T05:19:21+00:00\",\"description\":\"888Starz Cameroun paris sportifs en ligne: un vaste choix d'\u00e9v\u00e9nements, des \u00e9motions fortes et une chance de gagner vous attendent! Placez vos paris!\",\"breadcrumb\":{\"@id\":\"https:\\\/\\\/888starz.futbol\\\/cm\\\/sports-betting\\\/#breadcrumb\"},\"inLanguage\":\"fr-CM\",\"potentialAction\":[{\"@type\":\"ReadAction\",\"target\":[\"https:\\\/\\\/888starz.futbol\\\/cm\\\/sports-betting\\\/\"]}]},{\"@type\":\"BreadcrumbList\",\"@id\":\"https:\\\/\\\/888starz.futbol\\\/cm\\\/sports-betting\\\/#breadcrumb\",\"itemListElement\":[{\"@type\":\"ListItem\",\"position\":1,\"name\":\"Home\",\"item\":\"https:\\\/\\\/888starz.futbol\\\/cm\\\/\"},{\"@type\":\"ListItem\",\"position\":2,\"name\":\"Paris sportifs\"}]},{\"@type\":\"WebSite\",\"@id\":\"https:\\\/\\\/888starz.futbol\\\/cm\\\/#website\",\"url\":\"https:\\\/\\\/888starz.futbol\\\/cm\\\/\",\"name\":\"888Starz Futbol cm\",\"description\":\"My WordPress Blog\",\"potentialAction\":[{\"@type\":\"SearchAction\",\"target\":{\"@type\":\"EntryPoint\",\"urlTemplate\":\"https:\\\/\\\/888starz.futbol\\\/cm\\\/?s={search_term_string}\"},\"query-input\":{\"@type\":\"PropertyValueSpecification\",\"valueRequired\":true,\"valueName\":\"search_term_string\"}}],\"inLanguage\":\"fr-CM\"}]}<\/script>\n<!-- \/ Yoast SEO plugin. -->","yoast_head_json":{"title":"888Starz Paris sportifs \u25b6\ufe0f Une large gamme de paris sportifs","description":"888Starz Cameroun paris sportifs en ligne: un vaste choix d'\u00e9v\u00e9nements, des \u00e9motions fortes et une chance de gagner vous attendent! Placez vos paris!","robots":{"index":"index","follow":"follow","max-snippet":"max-snippet:-1","max-image-preview":"max-image-preview:large","max-video-preview":"max-video-preview:-1"},"og_locale":"fr_FR","og_type":"article","og_title":"888Starz Paris sportifs \u25b6\ufe0f Une large gamme de paris sportifs","og_description":"888Starz Cameroun paris sportifs en ligne: un vaste choix d'\u00e9v\u00e9nements, des \u00e9motions fortes et une chance de gagner vous attendent! Placez vos paris!","og_url":"https:\/\/888starz.futbol\/cm\/sports-betting\/","og_site_name":"888Starz Futbol cm","article_modified_time":"2025-11-18T05:19:21+00:00","twitter_card":"summary_large_image","schema":{"@context":"https:\/\/schema.org","@graph":[{"@type":"WebPage","@id":"https:\/\/888starz.futbol\/cm\/sports-betting\/","url":"https:\/\/888starz.futbol\/cm\/sports-betting\/","name":"888Starz Paris sportifs \u25b6\ufe0f Une large gamme de paris sportifs","isPartOf":{"@id":"https:\/\/888starz.futbol\/cm\/#website"},"datePublished":"2025-07-14T05:48:52+00:00","dateModified":"2025-11-18T05:19:21+00:00","description":"888Starz Cameroun paris sportifs en ligne: un vaste choix d'\u00e9v\u00e9nements, des \u00e9motions fortes et une chance de gagner vous attendent! Placez vos paris!","breadcrumb":{"@id":"https:\/\/888starz.futbol\/cm\/sports-betting\/#breadcrumb"},"inLanguage":"fr-CM","potentialAction":[{"@type":"ReadAction","target":["https:\/\/888starz.futbol\/cm\/sports-betting\/"]}]},{"@type":"BreadcrumbList","@id":"https:\/\/888starz.futbol\/cm\/sports-betting\/#breadcrumb","itemListElement":[{"@type":"ListItem","position":1,"name":"Home","item":"https:\/\/888starz.futbol\/cm\/"},{"@type":"ListItem","position":2,"name":"Paris sportifs"}]},{"@type":"WebSite","@id":"https:\/\/888starz.futbol\/cm\/#website","url":"https:\/\/888starz.futbol\/cm\/","name":"888Starz Futbol cm","description":"My WordPress Blog","potentialAction":[{"@type":"SearchAction","target":{"@type":"EntryPoint","urlTemplate":"https:\/\/888starz.futbol\/cm\/?s={search_term_string}"},"query-input":{"@type":"PropertyValueSpecification","valueRequired":true,"valueName":"search_term_string"}}],"inLanguage":"fr-CM"}]}},"_links":{"self":[{"href":"https:\/\/888starz.futbol\/cm\/wp-json\/wp\/v2\/pages\/302","targetHints":{"allow":["GET"]}}],"collection":[{"href":"https:\/\/888starz.futbol\/cm\/wp-json\/wp\/v2\/pages"}],"about":[{"href":"https:\/\/888starz.futbol\/cm\/wp-json\/wp\/v2\/types\/page"}],"author":[{"embeddable":true,"href":"https:\/\/888starz.futbol\/cm\/wp-json\/wp\/v2\/users\/1"}],"replies":[{"embeddable":true,"href":"https:\/\/888starz.futbol\/cm\/wp-json\/wp\/v2\/comments?post=302"}],"version-history":[{"count":10,"href":"https:\/\/888starz.futbol\/cm\/wp-json\/wp\/v2\/pages\/302\/revisions"}],"predecessor-version":[{"id":487,"href":"https:\/\/888starz.futbol\/cm\/wp-json\/wp\/v2\/pages\/302\/revisions\/487"}],"wp:attachment":[{"href":"https:\/\/888starz.futbol\/cm\/wp-json\/wp\/v2\/media?parent=302"}],"curies":[{"name":"wp","href":"https:\/\/api.w.org\/{rel}","templated":true}]}}