{"id":337,"date":"2025-07-15T14:26:41","date_gmt":"2025-07-15T14:26:41","guid":{"rendered":"https:\/\/888starz.futbol\/cm\/?page_id=337"},"modified":"2025-07-23T11:23:17","modified_gmt":"2025-07-23T11:23:17","slug":"blackjack","status":"publish","type":"page","link":"https:\/\/888starz.futbol\/cm\/blackjack\/","title":{"rendered":"Blackjack"},"content":{"rendered":"","protected":false},"excerpt":{"rendered":"","protected":false},"author":1,"featured_media":0,"parent":0,"menu_order":0,"comment_status":"closed","ping_status":"closed","template":"","meta":{"footnotes":""},"class_list":["post-337","page","type-page","status-publish","hentry"],"yoast_head":"<!-- This site is optimized with the Yoast SEO plugin v27.4 - https:\/\/yoast.com\/product\/yoast-seo-wordpress\/ -->\n<title>888Starz Blackjack \u25b6 Jouez au blackjack et remportez des prix!<\/title>\n<meta name=\"description\" content=\"Blackjack 888Starz Cameroun \u27a1\ufe0f Jouez \u00e0 un jeu de cartes l\u00e9gendaire avec une histoire riche et profitez de la meilleure exp\u00e9rience de jeu en ligne dans notre lobby.\" \/>\n<meta name=\"robots\" content=\"index, follow, max-snippet:-1, max-image-preview:large, max-video-preview:-1\" \/>\n<meta property=\"og:locale\" content=\"fr_FR\" \/>\n<meta property=\"og:type\" content=\"article\" \/>\n<meta property=\"og:title\" content=\"888Starz Blackjack \u25b6 Jouez au blackjack et remportez des prix!\" \/>\n<meta property=\"og:description\" content=\"Blackjack 888Starz Cameroun \u27a1\ufe0f Jouez \u00e0 un jeu de cartes l\u00e9gendaire avec une histoire riche et profitez de la meilleure exp\u00e9rience de jeu en ligne dans notre lobby.\" \/>\n<meta property=\"og:url\" content=\"https:\/\/888starz.futbol\/cm\/blackjack\/\" \/>\n<meta property=\"og:site_name\" content=\"888Starz Futbol cm\" \/>\n<meta property=\"article:modified_time\" content=\"2025-07-23T11:23:17+00:00\" \/>\n<meta name=\"twitter:card\" content=\"summary_large_image\" \/>\n<script type=\"application\/ld+json\" class=\"yoast-schema-graph\">{\"@context\":\"https:\\\/\\\/schema.org\",\"@graph\":[{\"@type\":\"WebPage\",\"@id\":\"https:\\\/\\\/888starz.futbol\\\/cm\\\/blackjack\\\/\",\"url\":\"https:\\\/\\\/888starz.futbol\\\/cm\\\/blackjack\\\/\",\"name\":\"888Starz Blackjack \u25b6 Jouez au blackjack et remportez des prix!\",\"isPartOf\":{\"@id\":\"https:\\\/\\\/888starz.futbol\\\/cm\\\/#website\"},\"datePublished\":\"2025-07-15T14:26:41+00:00\",\"dateModified\":\"2025-07-23T11:23:17+00:00\",\"description\":\"Blackjack 888Starz Cameroun \u27a1\ufe0f Jouez \u00e0 un jeu de cartes l\u00e9gendaire avec une histoire riche et profitez de la meilleure exp\u00e9rience de jeu en ligne dans notre lobby.\",\"breadcrumb\":{\"@id\":\"https:\\\/\\\/888starz.futbol\\\/cm\\\/blackjack\\\/#breadcrumb\"},\"inLanguage\":\"fr-CM\",\"potentialAction\":[{\"@type\":\"ReadAction\",\"target\":[\"https:\\\/\\\/888starz.futbol\\\/cm\\\/blackjack\\\/\"]}]},{\"@type\":\"BreadcrumbList\",\"@id\":\"https:\\\/\\\/888starz.futbol\\\/cm\\\/blackjack\\\/#breadcrumb\",\"itemListElement\":[{\"@type\":\"ListItem\",\"position\":1,\"name\":\"Home\",\"item\":\"https:\\\/\\\/888starz.futbol\\\/cm\\\/\"},{\"@type\":\"ListItem\",\"position\":2,\"name\":\"Blackjack\"}]},{\"@type\":\"WebSite\",\"@id\":\"https:\\\/\\\/888starz.futbol\\\/cm\\\/#website\",\"url\":\"https:\\\/\\\/888starz.futbol\\\/cm\\\/\",\"name\":\"888Starz Futbol cm\",\"description\":\"My WordPress Blog\",\"potentialAction\":[{\"@type\":\"SearchAction\",\"target\":{\"@type\":\"EntryPoint\",\"urlTemplate\":\"https:\\\/\\\/888starz.futbol\\\/cm\\\/?s={search_term_string}\"},\"query-input\":{\"@type\":\"PropertyValueSpecification\",\"valueRequired\":true,\"valueName\":\"search_term_string\"}}],\"inLanguage\":\"fr-CM\"}]}<\/script>\n<!-- \/ Yoast SEO plugin. -->","yoast_head_json":{"title":"888Starz Blackjack \u25b6 Jouez au blackjack et remportez des prix!","description":"Blackjack 888Starz Cameroun \u27a1\ufe0f Jouez \u00e0 un jeu de cartes l\u00e9gendaire avec une histoire riche et profitez de la meilleure exp\u00e9rience de jeu en ligne dans notre lobby.","robots":{"index":"index","follow":"follow","max-snippet":"max-snippet:-1","max-image-preview":"max-image-preview:large","max-video-preview":"max-video-preview:-1"},"og_locale":"fr_FR","og_type":"article","og_title":"888Starz Blackjack \u25b6 Jouez au blackjack et remportez des prix!","og_description":"Blackjack 888Starz Cameroun \u27a1\ufe0f Jouez \u00e0 un jeu de cartes l\u00e9gendaire avec une histoire riche et profitez de la meilleure exp\u00e9rience de jeu en ligne dans notre lobby.","og_url":"https:\/\/888starz.futbol\/cm\/blackjack\/","og_site_name":"888Starz Futbol cm","article_modified_time":"2025-07-23T11:23:17+00:00","twitter_card":"summary_large_image","schema":{"@context":"https:\/\/schema.org","@graph":[{"@type":"WebPage","@id":"https:\/\/888starz.futbol\/cm\/blackjack\/","url":"https:\/\/888starz.futbol\/cm\/blackjack\/","name":"888Starz Blackjack \u25b6 Jouez au blackjack et remportez des prix!","isPartOf":{"@id":"https:\/\/888starz.futbol\/cm\/#website"},"datePublished":"2025-07-15T14:26:41+00:00","dateModified":"2025-07-23T11:23:17+00:00","description":"Blackjack 888Starz Cameroun \u27a1\ufe0f Jouez \u00e0 un jeu de cartes l\u00e9gendaire avec une histoire riche et profitez de la meilleure exp\u00e9rience de jeu en ligne dans notre lobby.","breadcrumb":{"@id":"https:\/\/888starz.futbol\/cm\/blackjack\/#breadcrumb"},"inLanguage":"fr-CM","potentialAction":[{"@type":"ReadAction","target":["https:\/\/888starz.futbol\/cm\/blackjack\/"]}]},{"@type":"BreadcrumbList","@id":"https:\/\/888starz.futbol\/cm\/blackjack\/#breadcrumb","itemListElement":[{"@type":"ListItem","position":1,"name":"Home","item":"https:\/\/888starz.futbol\/cm\/"},{"@type":"ListItem","position":2,"name":"Blackjack"}]},{"@type":"WebSite","@id":"https:\/\/888starz.futbol\/cm\/#website","url":"https:\/\/888starz.futbol\/cm\/","name":"888Starz Futbol cm","description":"My WordPress Blog","potentialAction":[{"@type":"SearchAction","target":{"@type":"EntryPoint","urlTemplate":"https:\/\/888starz.futbol\/cm\/?s={search_term_string}"},"query-input":{"@type":"PropertyValueSpecification","valueRequired":true,"valueName":"search_term_string"}}],"inLanguage":"fr-CM"}]}},"_links":{"self":[{"href":"https:\/\/888starz.futbol\/cm\/wp-json\/wp\/v2\/pages\/337","targetHints":{"allow":["GET"]}}],"collection":[{"href":"https:\/\/888starz.futbol\/cm\/wp-json\/wp\/v2\/pages"}],"about":[{"href":"https:\/\/888starz.futbol\/cm\/wp-json\/wp\/v2\/types\/page"}],"author":[{"embeddable":true,"href":"https:\/\/888starz.futbol\/cm\/wp-json\/wp\/v2\/users\/1"}],"replies":[{"embeddable":true,"href":"https:\/\/888starz.futbol\/cm\/wp-json\/wp\/v2\/comments?post=337"}],"version-history":[{"count":7,"href":"https:\/\/888starz.futbol\/cm\/wp-json\/wp\/v2\/pages\/337\/revisions"}],"predecessor-version":[{"id":448,"href":"https:\/\/888starz.futbol\/cm\/wp-json\/wp\/v2\/pages\/337\/revisions\/448"}],"wp:attachment":[{"href":"https:\/\/888starz.futbol\/cm\/wp-json\/wp\/v2\/media?parent=337"}],"curies":[{"name":"wp","href":"https:\/\/api.w.org\/{rel}","templated":true}]}}