{"id":355,"date":"2025-07-16T16:55:50","date_gmt":"2025-07-16T16:55:50","guid":{"rendered":"https:\/\/888starz.futbol\/cm\/?page_id=355"},"modified":"2025-07-23T13:08:32","modified_gmt":"2025-07-23T13:08:32","slug":"poker","status":"publish","type":"page","link":"https:\/\/888starz.futbol\/cm\/poker\/","title":{"rendered":"Poker"},"content":{"rendered":"","protected":false},"excerpt":{"rendered":"","protected":false},"author":1,"featured_media":0,"parent":0,"menu_order":0,"comment_status":"closed","ping_status":"closed","template":"","meta":{"footnotes":""},"class_list":["post-355","page","type-page","status-publish","hentry"],"yoast_head":"<!-- This site is optimized with the Yoast SEO plugin v27.4 - https:\/\/yoast.com\/product\/yoast-seo-wordpress\/ -->\n<title>888Starz Poker \u27a4 Obtenir un bonus et jouer au poker<\/title>\n<meta name=\"description\" content=\"Pr\u00e9parez-vous \u00e0 des tournois passionnants et \u00e0 des bonus g\u00e9n\u00e9reux ! Rejoignez 888Starz Cameroun et jouez au poker en ligne. D\u00e9couvrez le Hold&#039;em, l&#039;Omaha et bien plus encore!\" \/>\n<meta name=\"robots\" content=\"index, follow, max-snippet:-1, max-image-preview:large, max-video-preview:-1\" \/>\n<meta property=\"og:locale\" content=\"fr_FR\" \/>\n<meta property=\"og:type\" content=\"article\" \/>\n<meta property=\"og:title\" content=\"888Starz Poker \u27a4 Obtenir un bonus et jouer au poker\" \/>\n<meta property=\"og:description\" content=\"Pr\u00e9parez-vous \u00e0 des tournois passionnants et \u00e0 des bonus g\u00e9n\u00e9reux ! Rejoignez 888Starz Cameroun et jouez au poker en ligne. D\u00e9couvrez le Hold&#039;em, l&#039;Omaha et bien plus encore!\" \/>\n<meta property=\"og:url\" content=\"https:\/\/888starz.futbol\/cm\/poker\/\" \/>\n<meta property=\"og:site_name\" content=\"888Starz Futbol cm\" \/>\n<meta property=\"article:modified_time\" content=\"2025-07-23T13:08:32+00:00\" \/>\n<meta name=\"twitter:card\" content=\"summary_large_image\" \/>\n<script type=\"application\/ld+json\" class=\"yoast-schema-graph\">{\"@context\":\"https:\\\/\\\/schema.org\",\"@graph\":[{\"@type\":\"WebPage\",\"@id\":\"https:\\\/\\\/888starz.futbol\\\/cm\\\/poker\\\/\",\"url\":\"https:\\\/\\\/888starz.futbol\\\/cm\\\/poker\\\/\",\"name\":\"888Starz Poker \u27a4 Obtenir un bonus et jouer au poker\",\"isPartOf\":{\"@id\":\"https:\\\/\\\/888starz.futbol\\\/cm\\\/#website\"},\"datePublished\":\"2025-07-16T16:55:50+00:00\",\"dateModified\":\"2025-07-23T13:08:32+00:00\",\"description\":\"Pr\u00e9parez-vous \u00e0 des tournois passionnants et \u00e0 des bonus g\u00e9n\u00e9reux ! Rejoignez 888Starz Cameroun et jouez au poker en ligne. D\u00e9couvrez le Hold'em, l'Omaha et bien plus encore!\",\"breadcrumb\":{\"@id\":\"https:\\\/\\\/888starz.futbol\\\/cm\\\/poker\\\/#breadcrumb\"},\"inLanguage\":\"fr-CM\",\"potentialAction\":[{\"@type\":\"ReadAction\",\"target\":[\"https:\\\/\\\/888starz.futbol\\\/cm\\\/poker\\\/\"]}]},{\"@type\":\"BreadcrumbList\",\"@id\":\"https:\\\/\\\/888starz.futbol\\\/cm\\\/poker\\\/#breadcrumb\",\"itemListElement\":[{\"@type\":\"ListItem\",\"position\":1,\"name\":\"Home\",\"item\":\"https:\\\/\\\/888starz.futbol\\\/cm\\\/\"},{\"@type\":\"ListItem\",\"position\":2,\"name\":\"Poker\"}]},{\"@type\":\"WebSite\",\"@id\":\"https:\\\/\\\/888starz.futbol\\\/cm\\\/#website\",\"url\":\"https:\\\/\\\/888starz.futbol\\\/cm\\\/\",\"name\":\"888Starz Futbol cm\",\"description\":\"My WordPress Blog\",\"potentialAction\":[{\"@type\":\"SearchAction\",\"target\":{\"@type\":\"EntryPoint\",\"urlTemplate\":\"https:\\\/\\\/888starz.futbol\\\/cm\\\/?s={search_term_string}\"},\"query-input\":{\"@type\":\"PropertyValueSpecification\",\"valueRequired\":true,\"valueName\":\"search_term_string\"}}],\"inLanguage\":\"fr-CM\"}]}<\/script>\n<!-- \/ Yoast SEO plugin. -->","yoast_head_json":{"title":"888Starz Poker \u27a4 Obtenir un bonus et jouer au poker","description":"Pr\u00e9parez-vous \u00e0 des tournois passionnants et \u00e0 des bonus g\u00e9n\u00e9reux ! Rejoignez 888Starz Cameroun et jouez au poker en ligne. D\u00e9couvrez le Hold'em, l'Omaha et bien plus encore!","robots":{"index":"index","follow":"follow","max-snippet":"max-snippet:-1","max-image-preview":"max-image-preview:large","max-video-preview":"max-video-preview:-1"},"og_locale":"fr_FR","og_type":"article","og_title":"888Starz Poker \u27a4 Obtenir un bonus et jouer au poker","og_description":"Pr\u00e9parez-vous \u00e0 des tournois passionnants et \u00e0 des bonus g\u00e9n\u00e9reux ! Rejoignez 888Starz Cameroun et jouez au poker en ligne. D\u00e9couvrez le Hold'em, l'Omaha et bien plus encore!","og_url":"https:\/\/888starz.futbol\/cm\/poker\/","og_site_name":"888Starz Futbol cm","article_modified_time":"2025-07-23T13:08:32+00:00","twitter_card":"summary_large_image","schema":{"@context":"https:\/\/schema.org","@graph":[{"@type":"WebPage","@id":"https:\/\/888starz.futbol\/cm\/poker\/","url":"https:\/\/888starz.futbol\/cm\/poker\/","name":"888Starz Poker \u27a4 Obtenir un bonus et jouer au poker","isPartOf":{"@id":"https:\/\/888starz.futbol\/cm\/#website"},"datePublished":"2025-07-16T16:55:50+00:00","dateModified":"2025-07-23T13:08:32+00:00","description":"Pr\u00e9parez-vous \u00e0 des tournois passionnants et \u00e0 des bonus g\u00e9n\u00e9reux ! Rejoignez 888Starz Cameroun et jouez au poker en ligne. D\u00e9couvrez le Hold'em, l'Omaha et bien plus encore!","breadcrumb":{"@id":"https:\/\/888starz.futbol\/cm\/poker\/#breadcrumb"},"inLanguage":"fr-CM","potentialAction":[{"@type":"ReadAction","target":["https:\/\/888starz.futbol\/cm\/poker\/"]}]},{"@type":"BreadcrumbList","@id":"https:\/\/888starz.futbol\/cm\/poker\/#breadcrumb","itemListElement":[{"@type":"ListItem","position":1,"name":"Home","item":"https:\/\/888starz.futbol\/cm\/"},{"@type":"ListItem","position":2,"name":"Poker"}]},{"@type":"WebSite","@id":"https:\/\/888starz.futbol\/cm\/#website","url":"https:\/\/888starz.futbol\/cm\/","name":"888Starz Futbol cm","description":"My WordPress Blog","potentialAction":[{"@type":"SearchAction","target":{"@type":"EntryPoint","urlTemplate":"https:\/\/888starz.futbol\/cm\/?s={search_term_string}"},"query-input":{"@type":"PropertyValueSpecification","valueRequired":true,"valueName":"search_term_string"}}],"inLanguage":"fr-CM"}]}},"_links":{"self":[{"href":"https:\/\/888starz.futbol\/cm\/wp-json\/wp\/v2\/pages\/355","targetHints":{"allow":["GET"]}}],"collection":[{"href":"https:\/\/888starz.futbol\/cm\/wp-json\/wp\/v2\/pages"}],"about":[{"href":"https:\/\/888starz.futbol\/cm\/wp-json\/wp\/v2\/types\/page"}],"author":[{"embeddable":true,"href":"https:\/\/888starz.futbol\/cm\/wp-json\/wp\/v2\/users\/1"}],"replies":[{"embeddable":true,"href":"https:\/\/888starz.futbol\/cm\/wp-json\/wp\/v2\/comments?post=355"}],"version-history":[{"count":5,"href":"https:\/\/888starz.futbol\/cm\/wp-json\/wp\/v2\/pages\/355\/revisions"}],"predecessor-version":[{"id":472,"href":"https:\/\/888starz.futbol\/cm\/wp-json\/wp\/v2\/pages\/355\/revisions\/472"}],"wp:attachment":[{"href":"https:\/\/888starz.futbol\/cm\/wp-json\/wp\/v2\/media?parent=355"}],"curies":[{"name":"wp","href":"https:\/\/api.w.org\/{rel}","templated":true}]}}