{"id":388,"date":"2025-07-22T08:05:41","date_gmt":"2025-07-22T08:05:41","guid":{"rendered":"https:\/\/888starz.futbol\/cm\/?page_id=388"},"modified":"2025-07-23T13:30:54","modified_gmt":"2025-07-23T13:30:54","slug":"welcome-package-sport","status":"publish","type":"page","link":"https:\/\/888starz.futbol\/cm\/welcome-package-sport\/","title":{"rendered":"Paquet de bienvenue Sport"},"content":{"rendered":"","protected":false},"excerpt":{"rendered":"","protected":false},"author":1,"featured_media":0,"parent":0,"menu_order":0,"comment_status":"closed","ping_status":"closed","template":"","meta":{"footnotes":""},"class_list":["post-388","page","type-page","status-publish","hentry"],"yoast_head":"<!-- This site is optimized with the Yoast SEO plugin v27.4 - https:\/\/yoast.com\/product\/yoast-seo-wordpress\/ -->\n<title>888Starz Cameroun Pack Bienvenue Sports \u1409 260.000 XAF<\/title>\n<meta name=\"description\" content=\"Obtenez jusqu&#039;\u00e0 260.000 XAF pour le sport avec le package de bienvenue de 888Starz! Inscription simple, bonus g\u00e9n\u00e9reux sur chacun de vos quatre d\u00e9p\u00f4ts. Commencez \u00e0 gagner maintenant!\" \/>\n<meta name=\"robots\" content=\"index, follow, max-snippet:-1, max-image-preview:large, max-video-preview:-1\" \/>\n<meta property=\"og:locale\" content=\"fr_FR\" \/>\n<meta property=\"og:type\" content=\"article\" \/>\n<meta property=\"og:title\" content=\"888Starz Cameroun Pack Bienvenue Sports \u1409 260.000 XAF\" \/>\n<meta property=\"og:description\" content=\"Obtenez jusqu&#039;\u00e0 260.000 XAF pour le sport avec le package de bienvenue de 888Starz! Inscription simple, bonus g\u00e9n\u00e9reux sur chacun de vos quatre d\u00e9p\u00f4ts. Commencez \u00e0 gagner maintenant!\" \/>\n<meta property=\"og:url\" content=\"https:\/\/888starz.futbol\/cm\/welcome-package-sport\/\" \/>\n<meta property=\"og:site_name\" content=\"888Starz Futbol cm\" \/>\n<meta property=\"article:modified_time\" content=\"2025-07-23T13:30:54+00:00\" \/>\n<meta name=\"twitter:card\" content=\"summary_large_image\" \/>\n<script type=\"application\/ld+json\" class=\"yoast-schema-graph\">{\"@context\":\"https:\\\/\\\/schema.org\",\"@graph\":[{\"@type\":\"WebPage\",\"@id\":\"https:\\\/\\\/888starz.futbol\\\/cm\\\/welcome-package-sport\\\/\",\"url\":\"https:\\\/\\\/888starz.futbol\\\/cm\\\/welcome-package-sport\\\/\",\"name\":\"888Starz Cameroun Pack Bienvenue Sports \u1409 260.000 XAF\",\"isPartOf\":{\"@id\":\"https:\\\/\\\/888starz.futbol\\\/cm\\\/#website\"},\"datePublished\":\"2025-07-22T08:05:41+00:00\",\"dateModified\":\"2025-07-23T13:30:54+00:00\",\"description\":\"Obtenez jusqu'\u00e0 260.000 XAF pour le sport avec le package de bienvenue de 888Starz! Inscription simple, bonus g\u00e9n\u00e9reux sur chacun de vos quatre d\u00e9p\u00f4ts. Commencez \u00e0 gagner maintenant!\",\"breadcrumb\":{\"@id\":\"https:\\\/\\\/888starz.futbol\\\/cm\\\/welcome-package-sport\\\/#breadcrumb\"},\"inLanguage\":\"fr-CM\",\"potentialAction\":[{\"@type\":\"ReadAction\",\"target\":[\"https:\\\/\\\/888starz.futbol\\\/cm\\\/welcome-package-sport\\\/\"]}]},{\"@type\":\"BreadcrumbList\",\"@id\":\"https:\\\/\\\/888starz.futbol\\\/cm\\\/welcome-package-sport\\\/#breadcrumb\",\"itemListElement\":[{\"@type\":\"ListItem\",\"position\":1,\"name\":\"Home\",\"item\":\"https:\\\/\\\/888starz.futbol\\\/cm\\\/\"},{\"@type\":\"ListItem\",\"position\":2,\"name\":\"Paquet de bienvenue Sport\"}]},{\"@type\":\"WebSite\",\"@id\":\"https:\\\/\\\/888starz.futbol\\\/cm\\\/#website\",\"url\":\"https:\\\/\\\/888starz.futbol\\\/cm\\\/\",\"name\":\"888Starz Futbol cm\",\"description\":\"My WordPress Blog\",\"potentialAction\":[{\"@type\":\"SearchAction\",\"target\":{\"@type\":\"EntryPoint\",\"urlTemplate\":\"https:\\\/\\\/888starz.futbol\\\/cm\\\/?s={search_term_string}\"},\"query-input\":{\"@type\":\"PropertyValueSpecification\",\"valueRequired\":true,\"valueName\":\"search_term_string\"}}],\"inLanguage\":\"fr-CM\"}]}<\/script>\n<!-- \/ Yoast SEO plugin. -->","yoast_head_json":{"title":"888Starz Cameroun Pack Bienvenue Sports \u1409 260.000 XAF","description":"Obtenez jusqu'\u00e0 260.000 XAF pour le sport avec le package de bienvenue de 888Starz! Inscription simple, bonus g\u00e9n\u00e9reux sur chacun de vos quatre d\u00e9p\u00f4ts. Commencez \u00e0 gagner maintenant!","robots":{"index":"index","follow":"follow","max-snippet":"max-snippet:-1","max-image-preview":"max-image-preview:large","max-video-preview":"max-video-preview:-1"},"og_locale":"fr_FR","og_type":"article","og_title":"888Starz Cameroun Pack Bienvenue Sports \u1409 260.000 XAF","og_description":"Obtenez jusqu'\u00e0 260.000 XAF pour le sport avec le package de bienvenue de 888Starz! Inscription simple, bonus g\u00e9n\u00e9reux sur chacun de vos quatre d\u00e9p\u00f4ts. Commencez \u00e0 gagner maintenant!","og_url":"https:\/\/888starz.futbol\/cm\/welcome-package-sport\/","og_site_name":"888Starz Futbol cm","article_modified_time":"2025-07-23T13:30:54+00:00","twitter_card":"summary_large_image","schema":{"@context":"https:\/\/schema.org","@graph":[{"@type":"WebPage","@id":"https:\/\/888starz.futbol\/cm\/welcome-package-sport\/","url":"https:\/\/888starz.futbol\/cm\/welcome-package-sport\/","name":"888Starz Cameroun Pack Bienvenue Sports \u1409 260.000 XAF","isPartOf":{"@id":"https:\/\/888starz.futbol\/cm\/#website"},"datePublished":"2025-07-22T08:05:41+00:00","dateModified":"2025-07-23T13:30:54+00:00","description":"Obtenez jusqu'\u00e0 260.000 XAF pour le sport avec le package de bienvenue de 888Starz! Inscription simple, bonus g\u00e9n\u00e9reux sur chacun de vos quatre d\u00e9p\u00f4ts. Commencez \u00e0 gagner maintenant!","breadcrumb":{"@id":"https:\/\/888starz.futbol\/cm\/welcome-package-sport\/#breadcrumb"},"inLanguage":"fr-CM","potentialAction":[{"@type":"ReadAction","target":["https:\/\/888starz.futbol\/cm\/welcome-package-sport\/"]}]},{"@type":"BreadcrumbList","@id":"https:\/\/888starz.futbol\/cm\/welcome-package-sport\/#breadcrumb","itemListElement":[{"@type":"ListItem","position":1,"name":"Home","item":"https:\/\/888starz.futbol\/cm\/"},{"@type":"ListItem","position":2,"name":"Paquet de bienvenue Sport"}]},{"@type":"WebSite","@id":"https:\/\/888starz.futbol\/cm\/#website","url":"https:\/\/888starz.futbol\/cm\/","name":"888Starz Futbol cm","description":"My WordPress Blog","potentialAction":[{"@type":"SearchAction","target":{"@type":"EntryPoint","urlTemplate":"https:\/\/888starz.futbol\/cm\/?s={search_term_string}"},"query-input":{"@type":"PropertyValueSpecification","valueRequired":true,"valueName":"search_term_string"}}],"inLanguage":"fr-CM"}]}},"_links":{"self":[{"href":"https:\/\/888starz.futbol\/cm\/wp-json\/wp\/v2\/pages\/388","targetHints":{"allow":["GET"]}}],"collection":[{"href":"https:\/\/888starz.futbol\/cm\/wp-json\/wp\/v2\/pages"}],"about":[{"href":"https:\/\/888starz.futbol\/cm\/wp-json\/wp\/v2\/types\/page"}],"author":[{"embeddable":true,"href":"https:\/\/888starz.futbol\/cm\/wp-json\/wp\/v2\/users\/1"}],"replies":[{"embeddable":true,"href":"https:\/\/888starz.futbol\/cm\/wp-json\/wp\/v2\/comments?post=388"}],"version-history":[{"count":5,"href":"https:\/\/888starz.futbol\/cm\/wp-json\/wp\/v2\/pages\/388\/revisions"}],"predecessor-version":[{"id":478,"href":"https:\/\/888starz.futbol\/cm\/wp-json\/wp\/v2\/pages\/388\/revisions\/478"}],"wp:attachment":[{"href":"https:\/\/888starz.futbol\/cm\/wp-json\/wp\/v2\/media?parent=388"}],"curies":[{"name":"wp","href":"https:\/\/api.w.org\/{rel}","templated":true}]}}