{"id":401,"date":"2025-07-22T13:15:46","date_gmt":"2025-07-22T13:15:46","guid":{"rendered":"https:\/\/888starz.futbol\/cm\/?page_id=401"},"modified":"2025-07-23T11:33:49","modified_gmt":"2025-07-23T11:33:49","slug":"express-insurance","status":"publish","type":"page","link":"https:\/\/888starz.futbol\/cm\/express-insurance\/","title":{"rendered":"Assurance express"},"content":{"rendered":"","protected":false},"excerpt":{"rendered":"","protected":false},"author":1,"featured_media":0,"parent":0,"menu_order":0,"comment_status":"closed","ping_status":"closed","template":"","meta":{"footnotes":""},"class_list":["post-401","page","type-page","status-publish","hentry"],"yoast_head":"<!-- This site is optimized with the Yoast SEO plugin v27.4 - https:\/\/yoast.com\/product\/yoast-seo-wordpress\/ -->\n<title>888Starz Express Insurance \u1409 Obtenez une deuxi\u00e8me chance<\/title>\n<meta name=\"description\" content=\"D\u00e9couvrez l&#039;assurance 888Starz Cameroun Express! B\u00e9n\u00e9ficiez d&#039;une seconde chance de parier : si l&#039;un des \u00e9v\u00e9nements est perdant, nous vous remboursons votre mise ! Pariez en toute confiance!\" \/>\n<meta name=\"robots\" content=\"index, follow, max-snippet:-1, max-image-preview:large, max-video-preview:-1\" \/>\n<meta property=\"og:locale\" content=\"fr_FR\" \/>\n<meta property=\"og:type\" content=\"article\" \/>\n<meta property=\"og:title\" content=\"888Starz Express Insurance \u1409 Obtenez une deuxi\u00e8me chance\" \/>\n<meta property=\"og:description\" content=\"D\u00e9couvrez l&#039;assurance 888Starz Cameroun Express! B\u00e9n\u00e9ficiez d&#039;une seconde chance de parier : si l&#039;un des \u00e9v\u00e9nements est perdant, nous vous remboursons votre mise ! Pariez en toute confiance!\" \/>\n<meta property=\"og:url\" content=\"https:\/\/888starz.futbol\/cm\/express-insurance\/\" \/>\n<meta property=\"og:site_name\" content=\"888Starz Futbol cm\" \/>\n<meta property=\"article:modified_time\" content=\"2025-07-23T11:33:49+00:00\" \/>\n<meta name=\"twitter:card\" content=\"summary_large_image\" \/>\n<script type=\"application\/ld+json\" class=\"yoast-schema-graph\">{\"@context\":\"https:\\\/\\\/schema.org\",\"@graph\":[{\"@type\":\"WebPage\",\"@id\":\"https:\\\/\\\/888starz.futbol\\\/cm\\\/express-insurance\\\/\",\"url\":\"https:\\\/\\\/888starz.futbol\\\/cm\\\/express-insurance\\\/\",\"name\":\"888Starz Express Insurance \u1409 Obtenez une deuxi\u00e8me chance\",\"isPartOf\":{\"@id\":\"https:\\\/\\\/888starz.futbol\\\/cm\\\/#website\"},\"datePublished\":\"2025-07-22T13:15:46+00:00\",\"dateModified\":\"2025-07-23T11:33:49+00:00\",\"description\":\"D\u00e9couvrez l'assurance 888Starz Cameroun Express! B\u00e9n\u00e9ficiez d'une seconde chance de parier : si l'un des \u00e9v\u00e9nements est perdant, nous vous remboursons votre mise ! Pariez en toute confiance!\",\"breadcrumb\":{\"@id\":\"https:\\\/\\\/888starz.futbol\\\/cm\\\/express-insurance\\\/#breadcrumb\"},\"inLanguage\":\"fr-CM\",\"potentialAction\":[{\"@type\":\"ReadAction\",\"target\":[\"https:\\\/\\\/888starz.futbol\\\/cm\\\/express-insurance\\\/\"]}]},{\"@type\":\"BreadcrumbList\",\"@id\":\"https:\\\/\\\/888starz.futbol\\\/cm\\\/express-insurance\\\/#breadcrumb\",\"itemListElement\":[{\"@type\":\"ListItem\",\"position\":1,\"name\":\"Home\",\"item\":\"https:\\\/\\\/888starz.futbol\\\/cm\\\/\"},{\"@type\":\"ListItem\",\"position\":2,\"name\":\"Assurance express\"}]},{\"@type\":\"WebSite\",\"@id\":\"https:\\\/\\\/888starz.futbol\\\/cm\\\/#website\",\"url\":\"https:\\\/\\\/888starz.futbol\\\/cm\\\/\",\"name\":\"888Starz Futbol cm\",\"description\":\"My WordPress Blog\",\"potentialAction\":[{\"@type\":\"SearchAction\",\"target\":{\"@type\":\"EntryPoint\",\"urlTemplate\":\"https:\\\/\\\/888starz.futbol\\\/cm\\\/?s={search_term_string}\"},\"query-input\":{\"@type\":\"PropertyValueSpecification\",\"valueRequired\":true,\"valueName\":\"search_term_string\"}}],\"inLanguage\":\"fr-CM\"}]}<\/script>\n<!-- \/ Yoast SEO plugin. -->","yoast_head_json":{"title":"888Starz Express Insurance \u1409 Obtenez une deuxi\u00e8me chance","description":"D\u00e9couvrez l'assurance 888Starz Cameroun Express! B\u00e9n\u00e9ficiez d'une seconde chance de parier : si l'un des \u00e9v\u00e9nements est perdant, nous vous remboursons votre mise ! Pariez en toute confiance!","robots":{"index":"index","follow":"follow","max-snippet":"max-snippet:-1","max-image-preview":"max-image-preview:large","max-video-preview":"max-video-preview:-1"},"og_locale":"fr_FR","og_type":"article","og_title":"888Starz Express Insurance \u1409 Obtenez une deuxi\u00e8me chance","og_description":"D\u00e9couvrez l'assurance 888Starz Cameroun Express! B\u00e9n\u00e9ficiez d'une seconde chance de parier : si l'un des \u00e9v\u00e9nements est perdant, nous vous remboursons votre mise ! Pariez en toute confiance!","og_url":"https:\/\/888starz.futbol\/cm\/express-insurance\/","og_site_name":"888Starz Futbol cm","article_modified_time":"2025-07-23T11:33:49+00:00","twitter_card":"summary_large_image","schema":{"@context":"https:\/\/schema.org","@graph":[{"@type":"WebPage","@id":"https:\/\/888starz.futbol\/cm\/express-insurance\/","url":"https:\/\/888starz.futbol\/cm\/express-insurance\/","name":"888Starz Express Insurance \u1409 Obtenez une deuxi\u00e8me chance","isPartOf":{"@id":"https:\/\/888starz.futbol\/cm\/#website"},"datePublished":"2025-07-22T13:15:46+00:00","dateModified":"2025-07-23T11:33:49+00:00","description":"D\u00e9couvrez l'assurance 888Starz Cameroun Express! B\u00e9n\u00e9ficiez d'une seconde chance de parier : si l'un des \u00e9v\u00e9nements est perdant, nous vous remboursons votre mise ! Pariez en toute confiance!","breadcrumb":{"@id":"https:\/\/888starz.futbol\/cm\/express-insurance\/#breadcrumb"},"inLanguage":"fr-CM","potentialAction":[{"@type":"ReadAction","target":["https:\/\/888starz.futbol\/cm\/express-insurance\/"]}]},{"@type":"BreadcrumbList","@id":"https:\/\/888starz.futbol\/cm\/express-insurance\/#breadcrumb","itemListElement":[{"@type":"ListItem","position":1,"name":"Home","item":"https:\/\/888starz.futbol\/cm\/"},{"@type":"ListItem","position":2,"name":"Assurance express"}]},{"@type":"WebSite","@id":"https:\/\/888starz.futbol\/cm\/#website","url":"https:\/\/888starz.futbol\/cm\/","name":"888Starz Futbol cm","description":"My WordPress Blog","potentialAction":[{"@type":"SearchAction","target":{"@type":"EntryPoint","urlTemplate":"https:\/\/888starz.futbol\/cm\/?s={search_term_string}"},"query-input":{"@type":"PropertyValueSpecification","valueRequired":true,"valueName":"search_term_string"}}],"inLanguage":"fr-CM"}]}},"_links":{"self":[{"href":"https:\/\/888starz.futbol\/cm\/wp-json\/wp\/v2\/pages\/401","targetHints":{"allow":["GET"]}}],"collection":[{"href":"https:\/\/888starz.futbol\/cm\/wp-json\/wp\/v2\/pages"}],"about":[{"href":"https:\/\/888starz.futbol\/cm\/wp-json\/wp\/v2\/types\/page"}],"author":[{"embeddable":true,"href":"https:\/\/888starz.futbol\/cm\/wp-json\/wp\/v2\/users\/1"}],"replies":[{"embeddable":true,"href":"https:\/\/888starz.futbol\/cm\/wp-json\/wp\/v2\/comments?post=401"}],"version-history":[{"count":5,"href":"https:\/\/888starz.futbol\/cm\/wp-json\/wp\/v2\/pages\/401\/revisions"}],"predecessor-version":[{"id":452,"href":"https:\/\/888starz.futbol\/cm\/wp-json\/wp\/v2\/pages\/401\/revisions\/452"}],"wp:attachment":[{"href":"https:\/\/888starz.futbol\/cm\/wp-json\/wp\/v2\/media?parent=401"}],"curies":[{"name":"wp","href":"https:\/\/api.w.org\/{rel}","templated":true}]}}