{"id":406,"date":"2025-07-22T13:45:34","date_gmt":"2025-07-22T13:45:34","guid":{"rendered":"https:\/\/888starz.futbol\/cm\/?page_id=406"},"modified":"2025-07-23T12:52:22","modified_gmt":"2025-07-23T12:52:22","slug":"losing-bets","status":"publish","type":"page","link":"https:\/\/888starz.futbol\/cm\/losing-bets\/","title":{"rendered":"Les paris perdants"},"content":{"rendered":"","protected":false},"excerpt":{"rendered":"","protected":false},"author":1,"featured_media":0,"parent":0,"menu_order":0,"comment_status":"closed","ping_status":"closed","template":"","meta":{"footnotes":""},"class_list":["post-406","page","type-page","status-publish","hentry"],"yoast_head":"<!-- This site is optimized with the Yoast SEO plugin v27.4 - https:\/\/yoast.com\/product\/yoast-seo-wordpress\/ -->\n<title>888Starz Bonus pour une s\u00e9rie de paris perdants \u1409 330.000 XAF<\/title>\n<meta name=\"description\" content=\"Obtenez une compensation pour une s\u00e9rie de paris perdants de 888Starz Cameroun! Si vous avez 20 pertes en 30 jours, vous pouvez obtenir jusqu&#039;\u00e0 330.000 XAF. D\u00e9couvrez les conditions de participation !\" \/>\n<meta name=\"robots\" content=\"index, follow, max-snippet:-1, max-image-preview:large, max-video-preview:-1\" \/>\n<meta property=\"og:locale\" content=\"fr_FR\" \/>\n<meta property=\"og:type\" content=\"article\" \/>\n<meta property=\"og:title\" content=\"888Starz Bonus pour une s\u00e9rie de paris perdants \u1409 330.000 XAF\" \/>\n<meta property=\"og:description\" content=\"Obtenez une compensation pour une s\u00e9rie de paris perdants de 888Starz Cameroun! Si vous avez 20 pertes en 30 jours, vous pouvez obtenir jusqu&#039;\u00e0 330.000 XAF. D\u00e9couvrez les conditions de participation !\" \/>\n<meta property=\"og:url\" content=\"https:\/\/888starz.futbol\/cm\/losing-bets\/\" \/>\n<meta property=\"og:site_name\" content=\"888Starz Futbol cm\" \/>\n<meta property=\"article:modified_time\" content=\"2025-07-23T12:52:22+00:00\" \/>\n<meta name=\"twitter:card\" content=\"summary_large_image\" \/>\n<script type=\"application\/ld+json\" class=\"yoast-schema-graph\">{\"@context\":\"https:\\\/\\\/schema.org\",\"@graph\":[{\"@type\":\"WebPage\",\"@id\":\"https:\\\/\\\/888starz.futbol\\\/cm\\\/losing-bets\\\/\",\"url\":\"https:\\\/\\\/888starz.futbol\\\/cm\\\/losing-bets\\\/\",\"name\":\"888Starz Bonus pour une s\u00e9rie de paris perdants \u1409 330.000 XAF\",\"isPartOf\":{\"@id\":\"https:\\\/\\\/888starz.futbol\\\/cm\\\/#website\"},\"datePublished\":\"2025-07-22T13:45:34+00:00\",\"dateModified\":\"2025-07-23T12:52:22+00:00\",\"description\":\"Obtenez une compensation pour une s\u00e9rie de paris perdants de 888Starz Cameroun! Si vous avez 20 pertes en 30 jours, vous pouvez obtenir jusqu'\u00e0 330.000 XAF. D\u00e9couvrez les conditions de participation !\",\"breadcrumb\":{\"@id\":\"https:\\\/\\\/888starz.futbol\\\/cm\\\/losing-bets\\\/#breadcrumb\"},\"inLanguage\":\"fr-CM\",\"potentialAction\":[{\"@type\":\"ReadAction\",\"target\":[\"https:\\\/\\\/888starz.futbol\\\/cm\\\/losing-bets\\\/\"]}]},{\"@type\":\"BreadcrumbList\",\"@id\":\"https:\\\/\\\/888starz.futbol\\\/cm\\\/losing-bets\\\/#breadcrumb\",\"itemListElement\":[{\"@type\":\"ListItem\",\"position\":1,\"name\":\"Home\",\"item\":\"https:\\\/\\\/888starz.futbol\\\/cm\\\/\"},{\"@type\":\"ListItem\",\"position\":2,\"name\":\"Les paris perdants\"}]},{\"@type\":\"WebSite\",\"@id\":\"https:\\\/\\\/888starz.futbol\\\/cm\\\/#website\",\"url\":\"https:\\\/\\\/888starz.futbol\\\/cm\\\/\",\"name\":\"888Starz Futbol cm\",\"description\":\"My WordPress Blog\",\"potentialAction\":[{\"@type\":\"SearchAction\",\"target\":{\"@type\":\"EntryPoint\",\"urlTemplate\":\"https:\\\/\\\/888starz.futbol\\\/cm\\\/?s={search_term_string}\"},\"query-input\":{\"@type\":\"PropertyValueSpecification\",\"valueRequired\":true,\"valueName\":\"search_term_string\"}}],\"inLanguage\":\"fr-CM\"}]}<\/script>\n<!-- \/ Yoast SEO plugin. -->","yoast_head_json":{"title":"888Starz Bonus pour une s\u00e9rie de paris perdants \u1409 330.000 XAF","description":"Obtenez une compensation pour une s\u00e9rie de paris perdants de 888Starz Cameroun! Si vous avez 20 pertes en 30 jours, vous pouvez obtenir jusqu'\u00e0 330.000 XAF. D\u00e9couvrez les conditions de participation !","robots":{"index":"index","follow":"follow","max-snippet":"max-snippet:-1","max-image-preview":"max-image-preview:large","max-video-preview":"max-video-preview:-1"},"og_locale":"fr_FR","og_type":"article","og_title":"888Starz Bonus pour une s\u00e9rie de paris perdants \u1409 330.000 XAF","og_description":"Obtenez une compensation pour une s\u00e9rie de paris perdants de 888Starz Cameroun! Si vous avez 20 pertes en 30 jours, vous pouvez obtenir jusqu'\u00e0 330.000 XAF. D\u00e9couvrez les conditions de participation !","og_url":"https:\/\/888starz.futbol\/cm\/losing-bets\/","og_site_name":"888Starz Futbol cm","article_modified_time":"2025-07-23T12:52:22+00:00","twitter_card":"summary_large_image","schema":{"@context":"https:\/\/schema.org","@graph":[{"@type":"WebPage","@id":"https:\/\/888starz.futbol\/cm\/losing-bets\/","url":"https:\/\/888starz.futbol\/cm\/losing-bets\/","name":"888Starz Bonus pour une s\u00e9rie de paris perdants \u1409 330.000 XAF","isPartOf":{"@id":"https:\/\/888starz.futbol\/cm\/#website"},"datePublished":"2025-07-22T13:45:34+00:00","dateModified":"2025-07-23T12:52:22+00:00","description":"Obtenez une compensation pour une s\u00e9rie de paris perdants de 888Starz Cameroun! Si vous avez 20 pertes en 30 jours, vous pouvez obtenir jusqu'\u00e0 330.000 XAF. D\u00e9couvrez les conditions de participation !","breadcrumb":{"@id":"https:\/\/888starz.futbol\/cm\/losing-bets\/#breadcrumb"},"inLanguage":"fr-CM","potentialAction":[{"@type":"ReadAction","target":["https:\/\/888starz.futbol\/cm\/losing-bets\/"]}]},{"@type":"BreadcrumbList","@id":"https:\/\/888starz.futbol\/cm\/losing-bets\/#breadcrumb","itemListElement":[{"@type":"ListItem","position":1,"name":"Home","item":"https:\/\/888starz.futbol\/cm\/"},{"@type":"ListItem","position":2,"name":"Les paris perdants"}]},{"@type":"WebSite","@id":"https:\/\/888starz.futbol\/cm\/#website","url":"https:\/\/888starz.futbol\/cm\/","name":"888Starz Futbol cm","description":"My WordPress Blog","potentialAction":[{"@type":"SearchAction","target":{"@type":"EntryPoint","urlTemplate":"https:\/\/888starz.futbol\/cm\/?s={search_term_string}"},"query-input":{"@type":"PropertyValueSpecification","valueRequired":true,"valueName":"search_term_string"}}],"inLanguage":"fr-CM"}]}},"_links":{"self":[{"href":"https:\/\/888starz.futbol\/cm\/wp-json\/wp\/v2\/pages\/406","targetHints":{"allow":["GET"]}}],"collection":[{"href":"https:\/\/888starz.futbol\/cm\/wp-json\/wp\/v2\/pages"}],"about":[{"href":"https:\/\/888starz.futbol\/cm\/wp-json\/wp\/v2\/types\/page"}],"author":[{"embeddable":true,"href":"https:\/\/888starz.futbol\/cm\/wp-json\/wp\/v2\/users\/1"}],"replies":[{"embeddable":true,"href":"https:\/\/888starz.futbol\/cm\/wp-json\/wp\/v2\/comments?post=406"}],"version-history":[{"count":6,"href":"https:\/\/888starz.futbol\/cm\/wp-json\/wp\/v2\/pages\/406\/revisions"}],"predecessor-version":[{"id":465,"href":"https:\/\/888starz.futbol\/cm\/wp-json\/wp\/v2\/pages\/406\/revisions\/465"}],"wp:attachment":[{"href":"https:\/\/888starz.futbol\/cm\/wp-json\/wp\/v2\/media?parent=406"}],"curies":[{"name":"wp","href":"https:\/\/api.w.org\/{rel}","templated":true}]}}