{"id":273,"date":"2025-07-12T04:12:06","date_gmt":"2025-07-12T04:12:06","guid":{"rendered":"https:\/\/888starz.futbol\/cs\/?page_id=273"},"modified":"2025-08-26T06:05:40","modified_gmt":"2025-08-26T06:05:40","slug":"mirror","status":"publish","type":"page","link":"https:\/\/888starz.futbol\/cs\/mirror\/","title":{"rendered":"Zrcadlo"},"content":{"rendered":"","protected":false},"excerpt":{"rendered":"","protected":false},"author":1,"featured_media":0,"parent":0,"menu_order":0,"comment_status":"closed","ping_status":"closed","template":"","meta":{"footnotes":""},"class_list":["post-273","page","type-page","status-publish","hentry"],"yoast_head":"<!-- This site is optimized with the Yoast SEO plugin v27.4 - https:\/\/yoast.com\/product\/yoast-seo-wordpress\/ -->\n<title>888Starz Zrcadlo | Alternativn\u00ed p\u0159ihl\u00e1\u0161en\u00ed na ofici\u00e1ln\u00ed str\u00e1nky<\/title>\n<meta name=\"description\" content=\"V\u017edy aktu\u00e1ln\u00ed a funk\u010dn\u00ed zrcadlo 888starz pro p\u0159ihl\u00e1\u0161en\u00ed na ofici\u00e1ln\u00ed webov\u00e9 str\u00e1nky a registraci \u26a1 P\u0159ejd\u011bte na webov\u00e9 str\u00e1nky 888starz a s\u00e1zejte online\" \/>\n<meta name=\"robots\" content=\"index, follow, max-snippet:-1, max-image-preview:large, max-video-preview:-1\" \/>\n<meta property=\"og:locale\" content=\"cs_CZ\" \/>\n<meta property=\"og:type\" content=\"article\" \/>\n<meta property=\"og:title\" content=\"888Starz Zrcadlo | Alternativn\u00ed p\u0159ihl\u00e1\u0161en\u00ed na ofici\u00e1ln\u00ed str\u00e1nky\" \/>\n<meta property=\"og:description\" content=\"V\u017edy aktu\u00e1ln\u00ed a funk\u010dn\u00ed zrcadlo 888starz pro p\u0159ihl\u00e1\u0161en\u00ed na ofici\u00e1ln\u00ed webov\u00e9 str\u00e1nky a registraci \u26a1 P\u0159ejd\u011bte na webov\u00e9 str\u00e1nky 888starz a s\u00e1zejte online\" \/>\n<meta property=\"og:url\" content=\"https:\/\/888starz.futbol\/cs\/mirror\/\" \/>\n<meta property=\"og:site_name\" content=\"888starz Futbol CS\" \/>\n<meta property=\"article:modified_time\" content=\"2025-08-26T06:05:40+00:00\" \/>\n<meta name=\"twitter:card\" content=\"summary_large_image\" \/>\n<script type=\"application\/ld+json\" class=\"yoast-schema-graph\">{\"@context\":\"https:\\\/\\\/schema.org\",\"@graph\":[{\"@type\":\"WebPage\",\"@id\":\"https:\\\/\\\/888starz.futbol\\\/cs\\\/mirror\\\/\",\"url\":\"https:\\\/\\\/888starz.futbol\\\/cs\\\/mirror\\\/\",\"name\":\"888Starz Zrcadlo | Alternativn\u00ed p\u0159ihl\u00e1\u0161en\u00ed na ofici\u00e1ln\u00ed str\u00e1nky\",\"isPartOf\":{\"@id\":\"https:\\\/\\\/888starz.futbol\\\/cs\\\/#website\"},\"datePublished\":\"2025-07-12T04:12:06+00:00\",\"dateModified\":\"2025-08-26T06:05:40+00:00\",\"description\":\"V\u017edy aktu\u00e1ln\u00ed a funk\u010dn\u00ed zrcadlo 888starz pro p\u0159ihl\u00e1\u0161en\u00ed na ofici\u00e1ln\u00ed webov\u00e9 str\u00e1nky a registraci \u26a1 P\u0159ejd\u011bte na webov\u00e9 str\u00e1nky 888starz a s\u00e1zejte online\",\"breadcrumb\":{\"@id\":\"https:\\\/\\\/888starz.futbol\\\/cs\\\/mirror\\\/#breadcrumb\"},\"inLanguage\":\"cs\",\"potentialAction\":[{\"@type\":\"ReadAction\",\"target\":[\"https:\\\/\\\/888starz.futbol\\\/cs\\\/mirror\\\/\"]}]},{\"@type\":\"BreadcrumbList\",\"@id\":\"https:\\\/\\\/888starz.futbol\\\/cs\\\/mirror\\\/#breadcrumb\",\"itemListElement\":[{\"@type\":\"ListItem\",\"position\":1,\"name\":\"Home\",\"item\":\"https:\\\/\\\/888starz.futbol\\\/cs\\\/\"},{\"@type\":\"ListItem\",\"position\":2,\"name\":\"Zrcadlo\"}]},{\"@type\":\"WebSite\",\"@id\":\"https:\\\/\\\/888starz.futbol\\\/cs\\\/#website\",\"url\":\"https:\\\/\\\/888starz.futbol\\\/cs\\\/\",\"name\":\"888starz Futbol CS\",\"description\":\"My WordPress Blog\",\"potentialAction\":[{\"@type\":\"SearchAction\",\"target\":{\"@type\":\"EntryPoint\",\"urlTemplate\":\"https:\\\/\\\/888starz.futbol\\\/cs\\\/?s={search_term_string}\"},\"query-input\":{\"@type\":\"PropertyValueSpecification\",\"valueRequired\":true,\"valueName\":\"search_term_string\"}}],\"inLanguage\":\"cs\"}]}<\/script>\n<!-- \/ Yoast SEO plugin. -->","yoast_head_json":{"title":"888Starz Zrcadlo | Alternativn\u00ed p\u0159ihl\u00e1\u0161en\u00ed na ofici\u00e1ln\u00ed str\u00e1nky","description":"V\u017edy aktu\u00e1ln\u00ed a funk\u010dn\u00ed zrcadlo 888starz pro p\u0159ihl\u00e1\u0161en\u00ed na ofici\u00e1ln\u00ed webov\u00e9 str\u00e1nky a registraci \u26a1 P\u0159ejd\u011bte na webov\u00e9 str\u00e1nky 888starz a s\u00e1zejte online","robots":{"index":"index","follow":"follow","max-snippet":"max-snippet:-1","max-image-preview":"max-image-preview:large","max-video-preview":"max-video-preview:-1"},"og_locale":"cs_CZ","og_type":"article","og_title":"888Starz Zrcadlo | Alternativn\u00ed p\u0159ihl\u00e1\u0161en\u00ed na ofici\u00e1ln\u00ed str\u00e1nky","og_description":"V\u017edy aktu\u00e1ln\u00ed a funk\u010dn\u00ed zrcadlo 888starz pro p\u0159ihl\u00e1\u0161en\u00ed na ofici\u00e1ln\u00ed webov\u00e9 str\u00e1nky a registraci \u26a1 P\u0159ejd\u011bte na webov\u00e9 str\u00e1nky 888starz a s\u00e1zejte online","og_url":"https:\/\/888starz.futbol\/cs\/mirror\/","og_site_name":"888starz Futbol CS","article_modified_time":"2025-08-26T06:05:40+00:00","twitter_card":"summary_large_image","schema":{"@context":"https:\/\/schema.org","@graph":[{"@type":"WebPage","@id":"https:\/\/888starz.futbol\/cs\/mirror\/","url":"https:\/\/888starz.futbol\/cs\/mirror\/","name":"888Starz Zrcadlo | Alternativn\u00ed p\u0159ihl\u00e1\u0161en\u00ed na ofici\u00e1ln\u00ed str\u00e1nky","isPartOf":{"@id":"https:\/\/888starz.futbol\/cs\/#website"},"datePublished":"2025-07-12T04:12:06+00:00","dateModified":"2025-08-26T06:05:40+00:00","description":"V\u017edy aktu\u00e1ln\u00ed a funk\u010dn\u00ed zrcadlo 888starz pro p\u0159ihl\u00e1\u0161en\u00ed na ofici\u00e1ln\u00ed webov\u00e9 str\u00e1nky a registraci \u26a1 P\u0159ejd\u011bte na webov\u00e9 str\u00e1nky 888starz a s\u00e1zejte online","breadcrumb":{"@id":"https:\/\/888starz.futbol\/cs\/mirror\/#breadcrumb"},"inLanguage":"cs","potentialAction":[{"@type":"ReadAction","target":["https:\/\/888starz.futbol\/cs\/mirror\/"]}]},{"@type":"BreadcrumbList","@id":"https:\/\/888starz.futbol\/cs\/mirror\/#breadcrumb","itemListElement":[{"@type":"ListItem","position":1,"name":"Home","item":"https:\/\/888starz.futbol\/cs\/"},{"@type":"ListItem","position":2,"name":"Zrcadlo"}]},{"@type":"WebSite","@id":"https:\/\/888starz.futbol\/cs\/#website","url":"https:\/\/888starz.futbol\/cs\/","name":"888starz Futbol CS","description":"My WordPress Blog","potentialAction":[{"@type":"SearchAction","target":{"@type":"EntryPoint","urlTemplate":"https:\/\/888starz.futbol\/cs\/?s={search_term_string}"},"query-input":{"@type":"PropertyValueSpecification","valueRequired":true,"valueName":"search_term_string"}}],"inLanguage":"cs"}]}},"_links":{"self":[{"href":"https:\/\/888starz.futbol\/cs\/wp-json\/wp\/v2\/pages\/273","targetHints":{"allow":["GET"]}}],"collection":[{"href":"https:\/\/888starz.futbol\/cs\/wp-json\/wp\/v2\/pages"}],"about":[{"href":"https:\/\/888starz.futbol\/cs\/wp-json\/wp\/v2\/types\/page"}],"author":[{"embeddable":true,"href":"https:\/\/888starz.futbol\/cs\/wp-json\/wp\/v2\/users\/1"}],"replies":[{"embeddable":true,"href":"https:\/\/888starz.futbol\/cs\/wp-json\/wp\/v2\/comments?post=273"}],"version-history":[{"count":8,"href":"https:\/\/888starz.futbol\/cs\/wp-json\/wp\/v2\/pages\/273\/revisions"}],"predecessor-version":[{"id":492,"href":"https:\/\/888starz.futbol\/cs\/wp-json\/wp\/v2\/pages\/273\/revisions\/492"}],"wp:attachment":[{"href":"https:\/\/888starz.futbol\/cs\/wp-json\/wp\/v2\/media?parent=273"}],"curies":[{"name":"wp","href":"https:\/\/api.w.org\/{rel}","templated":true}]}}