{"id":283,"date":"2025-07-12T18:04:24","date_gmt":"2025-07-12T18:04:24","guid":{"rendered":"https:\/\/888starz.futbol\/cs\/?page_id=283"},"modified":"2025-08-19T10:58:45","modified_gmt":"2025-08-19T10:58:45","slug":"deposit-and-withdrawal","status":"publish","type":"page","link":"https:\/\/888starz.futbol\/cs\/deposit-and-withdrawal\/","title":{"rendered":"Vklad a v\u00fdb\u011br"},"content":{"rendered":"","protected":false},"excerpt":{"rendered":"","protected":false},"author":1,"featured_media":0,"parent":0,"menu_order":0,"comment_status":"closed","ping_status":"closed","template":"","meta":{"footnotes":""},"class_list":["post-283","page","type-page","status-publish","hentry"],"yoast_head":"<!-- This site is optimized with the Yoast SEO plugin v27.4 - https:\/\/yoast.com\/product\/yoast-seo-wordpress\/ -->\n<title>888Starz Vklady a v\u00fdb\u011bry v\u00fdher \u2714 Platebn\u00ed metody<\/title>\n<meta name=\"description\" content=\"Zp\u016fsoby vkladu a v\u00fdb\u011bru v\u00fdher na 888Starz \u2013 rychl\u00e9 a bezpe\u010dn\u00e9 pro hr\u00e1\u010de. P\u0159ehled platebn\u00edch metod, platebn\u00ed funkce, tipy pro hr\u00e1\u010de.\" \/>\n<meta name=\"robots\" content=\"index, follow, max-snippet:-1, max-image-preview:large, max-video-preview:-1\" \/>\n<meta property=\"og:locale\" content=\"cs_CZ\" \/>\n<meta property=\"og:type\" content=\"article\" \/>\n<meta property=\"og:title\" content=\"888Starz Vklady a v\u00fdb\u011bry v\u00fdher \u2714 Platebn\u00ed metody\" \/>\n<meta property=\"og:description\" content=\"Zp\u016fsoby vkladu a v\u00fdb\u011bru v\u00fdher na 888Starz \u2013 rychl\u00e9 a bezpe\u010dn\u00e9 pro hr\u00e1\u010de. P\u0159ehled platebn\u00edch metod, platebn\u00ed funkce, tipy pro hr\u00e1\u010de.\" \/>\n<meta property=\"og:url\" content=\"https:\/\/888starz.futbol\/cs\/deposit-and-withdrawal\/\" \/>\n<meta property=\"og:site_name\" content=\"888starz Futbol CS\" \/>\n<meta property=\"article:modified_time\" content=\"2025-08-19T10:58:45+00:00\" \/>\n<meta name=\"twitter:card\" content=\"summary_large_image\" \/>\n<script type=\"application\/ld+json\" class=\"yoast-schema-graph\">{\"@context\":\"https:\\\/\\\/schema.org\",\"@graph\":[{\"@type\":\"WebPage\",\"@id\":\"https:\\\/\\\/888starz.futbol\\\/cs\\\/deposit-and-withdrawal\\\/\",\"url\":\"https:\\\/\\\/888starz.futbol\\\/cs\\\/deposit-and-withdrawal\\\/\",\"name\":\"888Starz Vklady a v\u00fdb\u011bry v\u00fdher \u2714 Platebn\u00ed metody\",\"isPartOf\":{\"@id\":\"https:\\\/\\\/888starz.futbol\\\/cs\\\/#website\"},\"datePublished\":\"2025-07-12T18:04:24+00:00\",\"dateModified\":\"2025-08-19T10:58:45+00:00\",\"description\":\"Zp\u016fsoby vkladu a v\u00fdb\u011bru v\u00fdher na 888Starz \u2013 rychl\u00e9 a bezpe\u010dn\u00e9 pro hr\u00e1\u010de. P\u0159ehled platebn\u00edch metod, platebn\u00ed funkce, tipy pro hr\u00e1\u010de.\",\"breadcrumb\":{\"@id\":\"https:\\\/\\\/888starz.futbol\\\/cs\\\/deposit-and-withdrawal\\\/#breadcrumb\"},\"inLanguage\":\"cs\",\"potentialAction\":[{\"@type\":\"ReadAction\",\"target\":[\"https:\\\/\\\/888starz.futbol\\\/cs\\\/deposit-and-withdrawal\\\/\"]}]},{\"@type\":\"BreadcrumbList\",\"@id\":\"https:\\\/\\\/888starz.futbol\\\/cs\\\/deposit-and-withdrawal\\\/#breadcrumb\",\"itemListElement\":[{\"@type\":\"ListItem\",\"position\":1,\"name\":\"Home\",\"item\":\"https:\\\/\\\/888starz.futbol\\\/cs\\\/\"},{\"@type\":\"ListItem\",\"position\":2,\"name\":\"Vklad a v\u00fdb\u011br\"}]},{\"@type\":\"WebSite\",\"@id\":\"https:\\\/\\\/888starz.futbol\\\/cs\\\/#website\",\"url\":\"https:\\\/\\\/888starz.futbol\\\/cs\\\/\",\"name\":\"888starz Futbol CS\",\"description\":\"My WordPress Blog\",\"potentialAction\":[{\"@type\":\"SearchAction\",\"target\":{\"@type\":\"EntryPoint\",\"urlTemplate\":\"https:\\\/\\\/888starz.futbol\\\/cs\\\/?s={search_term_string}\"},\"query-input\":{\"@type\":\"PropertyValueSpecification\",\"valueRequired\":true,\"valueName\":\"search_term_string\"}}],\"inLanguage\":\"cs\"}]}<\/script>\n<!-- \/ Yoast SEO plugin. -->","yoast_head_json":{"title":"888Starz Vklady a v\u00fdb\u011bry v\u00fdher \u2714 Platebn\u00ed metody","description":"Zp\u016fsoby vkladu a v\u00fdb\u011bru v\u00fdher na 888Starz \u2013 rychl\u00e9 a bezpe\u010dn\u00e9 pro hr\u00e1\u010de. P\u0159ehled platebn\u00edch metod, platebn\u00ed funkce, tipy pro hr\u00e1\u010de.","robots":{"index":"index","follow":"follow","max-snippet":"max-snippet:-1","max-image-preview":"max-image-preview:large","max-video-preview":"max-video-preview:-1"},"og_locale":"cs_CZ","og_type":"article","og_title":"888Starz Vklady a v\u00fdb\u011bry v\u00fdher \u2714 Platebn\u00ed metody","og_description":"Zp\u016fsoby vkladu a v\u00fdb\u011bru v\u00fdher na 888Starz \u2013 rychl\u00e9 a bezpe\u010dn\u00e9 pro hr\u00e1\u010de. P\u0159ehled platebn\u00edch metod, platebn\u00ed funkce, tipy pro hr\u00e1\u010de.","og_url":"https:\/\/888starz.futbol\/cs\/deposit-and-withdrawal\/","og_site_name":"888starz Futbol CS","article_modified_time":"2025-08-19T10:58:45+00:00","twitter_card":"summary_large_image","schema":{"@context":"https:\/\/schema.org","@graph":[{"@type":"WebPage","@id":"https:\/\/888starz.futbol\/cs\/deposit-and-withdrawal\/","url":"https:\/\/888starz.futbol\/cs\/deposit-and-withdrawal\/","name":"888Starz Vklady a v\u00fdb\u011bry v\u00fdher \u2714 Platebn\u00ed metody","isPartOf":{"@id":"https:\/\/888starz.futbol\/cs\/#website"},"datePublished":"2025-07-12T18:04:24+00:00","dateModified":"2025-08-19T10:58:45+00:00","description":"Zp\u016fsoby vkladu a v\u00fdb\u011bru v\u00fdher na 888Starz \u2013 rychl\u00e9 a bezpe\u010dn\u00e9 pro hr\u00e1\u010de. P\u0159ehled platebn\u00edch metod, platebn\u00ed funkce, tipy pro hr\u00e1\u010de.","breadcrumb":{"@id":"https:\/\/888starz.futbol\/cs\/deposit-and-withdrawal\/#breadcrumb"},"inLanguage":"cs","potentialAction":[{"@type":"ReadAction","target":["https:\/\/888starz.futbol\/cs\/deposit-and-withdrawal\/"]}]},{"@type":"BreadcrumbList","@id":"https:\/\/888starz.futbol\/cs\/deposit-and-withdrawal\/#breadcrumb","itemListElement":[{"@type":"ListItem","position":1,"name":"Home","item":"https:\/\/888starz.futbol\/cs\/"},{"@type":"ListItem","position":2,"name":"Vklad a v\u00fdb\u011br"}]},{"@type":"WebSite","@id":"https:\/\/888starz.futbol\/cs\/#website","url":"https:\/\/888starz.futbol\/cs\/","name":"888starz Futbol CS","description":"My WordPress Blog","potentialAction":[{"@type":"SearchAction","target":{"@type":"EntryPoint","urlTemplate":"https:\/\/888starz.futbol\/cs\/?s={search_term_string}"},"query-input":{"@type":"PropertyValueSpecification","valueRequired":true,"valueName":"search_term_string"}}],"inLanguage":"cs"}]}},"_links":{"self":[{"href":"https:\/\/888starz.futbol\/cs\/wp-json\/wp\/v2\/pages\/283","targetHints":{"allow":["GET"]}}],"collection":[{"href":"https:\/\/888starz.futbol\/cs\/wp-json\/wp\/v2\/pages"}],"about":[{"href":"https:\/\/888starz.futbol\/cs\/wp-json\/wp\/v2\/types\/page"}],"author":[{"embeddable":true,"href":"https:\/\/888starz.futbol\/cs\/wp-json\/wp\/v2\/users\/1"}],"replies":[{"embeddable":true,"href":"https:\/\/888starz.futbol\/cs\/wp-json\/wp\/v2\/comments?post=283"}],"version-history":[{"count":9,"href":"https:\/\/888starz.futbol\/cs\/wp-json\/wp\/v2\/pages\/283\/revisions"}],"predecessor-version":[{"id":486,"href":"https:\/\/888starz.futbol\/cs\/wp-json\/wp\/v2\/pages\/283\/revisions\/486"}],"wp:attachment":[{"href":"https:\/\/888starz.futbol\/cs\/wp-json\/wp\/v2\/media?parent=283"}],"curies":[{"name":"wp","href":"https:\/\/api.w.org\/{rel}","templated":true}]}}