{"id":315,"date":"2025-07-15T04:46:15","date_gmt":"2025-07-15T04:46:15","guid":{"rendered":"https:\/\/888starz.futbol\/cs\/?page_id=315"},"modified":"2025-08-19T10:18:35","modified_gmt":"2025-08-19T10:18:35","slug":"gambling","status":"publish","type":"page","link":"https:\/\/888starz.futbol\/cs\/gambling\/","title":{"rendered":"Hazardn\u00ed hry"},"content":{"rendered":"","protected":false},"excerpt":{"rendered":"","protected":false},"author":1,"featured_media":0,"parent":0,"menu_order":0,"comment_status":"closed","ping_status":"closed","template":"","meta":{"footnotes":""},"class_list":["post-315","page","type-page","status-publish","hentry"],"yoast_head":"<!-- This site is optimized with the Yoast SEO plugin v27.4 - https:\/\/yoast.com\/product\/yoast-seo-wordpress\/ -->\n<title>888Starz: Objevte nejlep\u0161\u00ed hazardn\u00ed hry s opravdov\u00fdmi emocemi<\/title>\n<meta name=\"description\" content=\"888Starz \u2013 obrovsk\u00fd v\u00fdb\u011br hazardn\u00edch her 2025 s rychl\u00fdmi a f\u00e9rov\u00fdmi v\u00fdhrami. P\u0159ipojte se k nejlep\u0161\u00edmu kasinu hned te\u010f!\" \/>\n<meta name=\"robots\" content=\"index, follow, max-snippet:-1, max-image-preview:large, max-video-preview:-1\" \/>\n<meta property=\"og:locale\" content=\"cs_CZ\" \/>\n<meta property=\"og:type\" content=\"article\" \/>\n<meta property=\"og:title\" content=\"888Starz: Objevte nejlep\u0161\u00ed hazardn\u00ed hry s opravdov\u00fdmi emocemi\" \/>\n<meta property=\"og:description\" content=\"888Starz \u2013 obrovsk\u00fd v\u00fdb\u011br hazardn\u00edch her 2025 s rychl\u00fdmi a f\u00e9rov\u00fdmi v\u00fdhrami. P\u0159ipojte se k nejlep\u0161\u00edmu kasinu hned te\u010f!\" \/>\n<meta property=\"og:url\" content=\"https:\/\/888starz.futbol\/cs\/gambling\/\" \/>\n<meta property=\"og:site_name\" content=\"888starz Futbol CS\" \/>\n<meta property=\"article:modified_time\" content=\"2025-08-19T10:18:35+00:00\" \/>\n<meta name=\"twitter:card\" content=\"summary_large_image\" \/>\n<script type=\"application\/ld+json\" class=\"yoast-schema-graph\">{\"@context\":\"https:\\\/\\\/schema.org\",\"@graph\":[{\"@type\":\"WebPage\",\"@id\":\"https:\\\/\\\/888starz.futbol\\\/cs\\\/gambling\\\/\",\"url\":\"https:\\\/\\\/888starz.futbol\\\/cs\\\/gambling\\\/\",\"name\":\"888Starz: Objevte nejlep\u0161\u00ed hazardn\u00ed hry s opravdov\u00fdmi emocemi\",\"isPartOf\":{\"@id\":\"https:\\\/\\\/888starz.futbol\\\/cs\\\/#website\"},\"datePublished\":\"2025-07-15T04:46:15+00:00\",\"dateModified\":\"2025-08-19T10:18:35+00:00\",\"description\":\"888Starz \u2013 obrovsk\u00fd v\u00fdb\u011br hazardn\u00edch her 2025 s rychl\u00fdmi a f\u00e9rov\u00fdmi v\u00fdhrami. P\u0159ipojte se k nejlep\u0161\u00edmu kasinu hned te\u010f!\",\"breadcrumb\":{\"@id\":\"https:\\\/\\\/888starz.futbol\\\/cs\\\/gambling\\\/#breadcrumb\"},\"inLanguage\":\"cs\",\"potentialAction\":[{\"@type\":\"ReadAction\",\"target\":[\"https:\\\/\\\/888starz.futbol\\\/cs\\\/gambling\\\/\"]}]},{\"@type\":\"BreadcrumbList\",\"@id\":\"https:\\\/\\\/888starz.futbol\\\/cs\\\/gambling\\\/#breadcrumb\",\"itemListElement\":[{\"@type\":\"ListItem\",\"position\":1,\"name\":\"Home\",\"item\":\"https:\\\/\\\/888starz.futbol\\\/cs\\\/\"},{\"@type\":\"ListItem\",\"position\":2,\"name\":\"Hazardn\u00ed hry\"}]},{\"@type\":\"WebSite\",\"@id\":\"https:\\\/\\\/888starz.futbol\\\/cs\\\/#website\",\"url\":\"https:\\\/\\\/888starz.futbol\\\/cs\\\/\",\"name\":\"888starz Futbol CS\",\"description\":\"My WordPress Blog\",\"potentialAction\":[{\"@type\":\"SearchAction\",\"target\":{\"@type\":\"EntryPoint\",\"urlTemplate\":\"https:\\\/\\\/888starz.futbol\\\/cs\\\/?s={search_term_string}\"},\"query-input\":{\"@type\":\"PropertyValueSpecification\",\"valueRequired\":true,\"valueName\":\"search_term_string\"}}],\"inLanguage\":\"cs\"}]}<\/script>\n<!-- \/ Yoast SEO plugin. -->","yoast_head_json":{"title":"888Starz: Objevte nejlep\u0161\u00ed hazardn\u00ed hry s opravdov\u00fdmi emocemi","description":"888Starz \u2013 obrovsk\u00fd v\u00fdb\u011br hazardn\u00edch her 2025 s rychl\u00fdmi a f\u00e9rov\u00fdmi v\u00fdhrami. P\u0159ipojte se k nejlep\u0161\u00edmu kasinu hned te\u010f!","robots":{"index":"index","follow":"follow","max-snippet":"max-snippet:-1","max-image-preview":"max-image-preview:large","max-video-preview":"max-video-preview:-1"},"og_locale":"cs_CZ","og_type":"article","og_title":"888Starz: Objevte nejlep\u0161\u00ed hazardn\u00ed hry s opravdov\u00fdmi emocemi","og_description":"888Starz \u2013 obrovsk\u00fd v\u00fdb\u011br hazardn\u00edch her 2025 s rychl\u00fdmi a f\u00e9rov\u00fdmi v\u00fdhrami. P\u0159ipojte se k nejlep\u0161\u00edmu kasinu hned te\u010f!","og_url":"https:\/\/888starz.futbol\/cs\/gambling\/","og_site_name":"888starz Futbol CS","article_modified_time":"2025-08-19T10:18:35+00:00","twitter_card":"summary_large_image","schema":{"@context":"https:\/\/schema.org","@graph":[{"@type":"WebPage","@id":"https:\/\/888starz.futbol\/cs\/gambling\/","url":"https:\/\/888starz.futbol\/cs\/gambling\/","name":"888Starz: Objevte nejlep\u0161\u00ed hazardn\u00ed hry s opravdov\u00fdmi emocemi","isPartOf":{"@id":"https:\/\/888starz.futbol\/cs\/#website"},"datePublished":"2025-07-15T04:46:15+00:00","dateModified":"2025-08-19T10:18:35+00:00","description":"888Starz \u2013 obrovsk\u00fd v\u00fdb\u011br hazardn\u00edch her 2025 s rychl\u00fdmi a f\u00e9rov\u00fdmi v\u00fdhrami. P\u0159ipojte se k nejlep\u0161\u00edmu kasinu hned te\u010f!","breadcrumb":{"@id":"https:\/\/888starz.futbol\/cs\/gambling\/#breadcrumb"},"inLanguage":"cs","potentialAction":[{"@type":"ReadAction","target":["https:\/\/888starz.futbol\/cs\/gambling\/"]}]},{"@type":"BreadcrumbList","@id":"https:\/\/888starz.futbol\/cs\/gambling\/#breadcrumb","itemListElement":[{"@type":"ListItem","position":1,"name":"Home","item":"https:\/\/888starz.futbol\/cs\/"},{"@type":"ListItem","position":2,"name":"Hazardn\u00ed hry"}]},{"@type":"WebSite","@id":"https:\/\/888starz.futbol\/cs\/#website","url":"https:\/\/888starz.futbol\/cs\/","name":"888starz Futbol CS","description":"My WordPress Blog","potentialAction":[{"@type":"SearchAction","target":{"@type":"EntryPoint","urlTemplate":"https:\/\/888starz.futbol\/cs\/?s={search_term_string}"},"query-input":{"@type":"PropertyValueSpecification","valueRequired":true,"valueName":"search_term_string"}}],"inLanguage":"cs"}]}},"_links":{"self":[{"href":"https:\/\/888starz.futbol\/cs\/wp-json\/wp\/v2\/pages\/315","targetHints":{"allow":["GET"]}}],"collection":[{"href":"https:\/\/888starz.futbol\/cs\/wp-json\/wp\/v2\/pages"}],"about":[{"href":"https:\/\/888starz.futbol\/cs\/wp-json\/wp\/v2\/types\/page"}],"author":[{"embeddable":true,"href":"https:\/\/888starz.futbol\/cs\/wp-json\/wp\/v2\/users\/1"}],"replies":[{"embeddable":true,"href":"https:\/\/888starz.futbol\/cs\/wp-json\/wp\/v2\/comments?post=315"}],"version-history":[{"count":7,"href":"https:\/\/888starz.futbol\/cs\/wp-json\/wp\/v2\/pages\/315\/revisions"}],"predecessor-version":[{"id":482,"href":"https:\/\/888starz.futbol\/cs\/wp-json\/wp\/v2\/pages\/315\/revisions\/482"}],"wp:attachment":[{"href":"https:\/\/888starz.futbol\/cs\/wp-json\/wp\/v2\/media?parent=315"}],"curies":[{"name":"wp","href":"https:\/\/api.w.org\/{rel}","templated":true}]}}