{"id":337,"date":"2025-07-15T14:26:41","date_gmt":"2025-07-15T14:26:41","guid":{"rendered":"https:\/\/888starz.futbol\/cs\/?page_id=337"},"modified":"2025-08-26T05:49:58","modified_gmt":"2025-08-26T05:49:58","slug":"blackjack","status":"publish","type":"page","link":"https:\/\/888starz.futbol\/cs\/blackjack\/","title":{"rendered":"Blackjack"},"content":{"rendered":"","protected":false},"excerpt":{"rendered":"","protected":false},"author":1,"featured_media":0,"parent":0,"menu_order":0,"comment_status":"closed","ping_status":"closed","template":"","meta":{"footnotes":""},"class_list":["post-337","page","type-page","status-publish","hentry"],"yoast_head":"<!-- This site is optimized with the Yoast SEO plugin v27.4 - https:\/\/yoast.com\/product\/yoast-seo-wordpress\/ -->\n<title>888Starz Blackjack \u25b6 Hrajte blackjack a vyhrajte obrovsk\u00e9 ceny!<\/title>\n<meta name=\"description\" content=\"Blackjack 888Starz \u27a1\ufe0f Zahrajte si legend\u00e1rn\u00ed karetn\u00ed hru s bohatou histori\u00ed a u\u017eijte si nejlep\u0161\u00ed online hazardn\u00ed z\u00e1\u017eitek v na\u0161\u00ed lobby.\" \/>\n<meta name=\"robots\" content=\"index, follow, max-snippet:-1, max-image-preview:large, max-video-preview:-1\" \/>\n<meta property=\"og:locale\" content=\"cs_CZ\" \/>\n<meta property=\"og:type\" content=\"article\" \/>\n<meta property=\"og:title\" content=\"888Starz Blackjack \u25b6 Hrajte blackjack a vyhrajte obrovsk\u00e9 ceny!\" \/>\n<meta property=\"og:description\" content=\"Blackjack 888Starz \u27a1\ufe0f Zahrajte si legend\u00e1rn\u00ed karetn\u00ed hru s bohatou histori\u00ed a u\u017eijte si nejlep\u0161\u00ed online hazardn\u00ed z\u00e1\u017eitek v na\u0161\u00ed lobby.\" \/>\n<meta property=\"og:url\" content=\"https:\/\/888starz.futbol\/cs\/blackjack\/\" \/>\n<meta property=\"og:site_name\" content=\"888starz Futbol CS\" \/>\n<meta property=\"article:modified_time\" content=\"2025-08-26T05:49:58+00:00\" \/>\n<meta name=\"twitter:card\" content=\"summary_large_image\" \/>\n<script type=\"application\/ld+json\" class=\"yoast-schema-graph\">{\"@context\":\"https:\\\/\\\/schema.org\",\"@graph\":[{\"@type\":\"WebPage\",\"@id\":\"https:\\\/\\\/888starz.futbol\\\/cs\\\/blackjack\\\/\",\"url\":\"https:\\\/\\\/888starz.futbol\\\/cs\\\/blackjack\\\/\",\"name\":\"888Starz Blackjack \u25b6 Hrajte blackjack a vyhrajte obrovsk\u00e9 ceny!\",\"isPartOf\":{\"@id\":\"https:\\\/\\\/888starz.futbol\\\/cs\\\/#website\"},\"datePublished\":\"2025-07-15T14:26:41+00:00\",\"dateModified\":\"2025-08-26T05:49:58+00:00\",\"description\":\"Blackjack 888Starz \u27a1\ufe0f Zahrajte si legend\u00e1rn\u00ed karetn\u00ed hru s bohatou histori\u00ed a u\u017eijte si nejlep\u0161\u00ed online hazardn\u00ed z\u00e1\u017eitek v na\u0161\u00ed lobby.\",\"breadcrumb\":{\"@id\":\"https:\\\/\\\/888starz.futbol\\\/cs\\\/blackjack\\\/#breadcrumb\"},\"inLanguage\":\"cs\",\"potentialAction\":[{\"@type\":\"ReadAction\",\"target\":[\"https:\\\/\\\/888starz.futbol\\\/cs\\\/blackjack\\\/\"]}]},{\"@type\":\"BreadcrumbList\",\"@id\":\"https:\\\/\\\/888starz.futbol\\\/cs\\\/blackjack\\\/#breadcrumb\",\"itemListElement\":[{\"@type\":\"ListItem\",\"position\":1,\"name\":\"Home\",\"item\":\"https:\\\/\\\/888starz.futbol\\\/cs\\\/\"},{\"@type\":\"ListItem\",\"position\":2,\"name\":\"Blackjack\"}]},{\"@type\":\"WebSite\",\"@id\":\"https:\\\/\\\/888starz.futbol\\\/cs\\\/#website\",\"url\":\"https:\\\/\\\/888starz.futbol\\\/cs\\\/\",\"name\":\"888starz Futbol CS\",\"description\":\"My WordPress Blog\",\"potentialAction\":[{\"@type\":\"SearchAction\",\"target\":{\"@type\":\"EntryPoint\",\"urlTemplate\":\"https:\\\/\\\/888starz.futbol\\\/cs\\\/?s={search_term_string}\"},\"query-input\":{\"@type\":\"PropertyValueSpecification\",\"valueRequired\":true,\"valueName\":\"search_term_string\"}}],\"inLanguage\":\"cs\"}]}<\/script>\n<!-- \/ Yoast SEO plugin. -->","yoast_head_json":{"title":"888Starz Blackjack \u25b6 Hrajte blackjack a vyhrajte obrovsk\u00e9 ceny!","description":"Blackjack 888Starz \u27a1\ufe0f Zahrajte si legend\u00e1rn\u00ed karetn\u00ed hru s bohatou histori\u00ed a u\u017eijte si nejlep\u0161\u00ed online hazardn\u00ed z\u00e1\u017eitek v na\u0161\u00ed lobby.","robots":{"index":"index","follow":"follow","max-snippet":"max-snippet:-1","max-image-preview":"max-image-preview:large","max-video-preview":"max-video-preview:-1"},"og_locale":"cs_CZ","og_type":"article","og_title":"888Starz Blackjack \u25b6 Hrajte blackjack a vyhrajte obrovsk\u00e9 ceny!","og_description":"Blackjack 888Starz \u27a1\ufe0f Zahrajte si legend\u00e1rn\u00ed karetn\u00ed hru s bohatou histori\u00ed a u\u017eijte si nejlep\u0161\u00ed online hazardn\u00ed z\u00e1\u017eitek v na\u0161\u00ed lobby.","og_url":"https:\/\/888starz.futbol\/cs\/blackjack\/","og_site_name":"888starz Futbol CS","article_modified_time":"2025-08-26T05:49:58+00:00","twitter_card":"summary_large_image","schema":{"@context":"https:\/\/schema.org","@graph":[{"@type":"WebPage","@id":"https:\/\/888starz.futbol\/cs\/blackjack\/","url":"https:\/\/888starz.futbol\/cs\/blackjack\/","name":"888Starz Blackjack \u25b6 Hrajte blackjack a vyhrajte obrovsk\u00e9 ceny!","isPartOf":{"@id":"https:\/\/888starz.futbol\/cs\/#website"},"datePublished":"2025-07-15T14:26:41+00:00","dateModified":"2025-08-26T05:49:58+00:00","description":"Blackjack 888Starz \u27a1\ufe0f Zahrajte si legend\u00e1rn\u00ed karetn\u00ed hru s bohatou histori\u00ed a u\u017eijte si nejlep\u0161\u00ed online hazardn\u00ed z\u00e1\u017eitek v na\u0161\u00ed lobby.","breadcrumb":{"@id":"https:\/\/888starz.futbol\/cs\/blackjack\/#breadcrumb"},"inLanguage":"cs","potentialAction":[{"@type":"ReadAction","target":["https:\/\/888starz.futbol\/cs\/blackjack\/"]}]},{"@type":"BreadcrumbList","@id":"https:\/\/888starz.futbol\/cs\/blackjack\/#breadcrumb","itemListElement":[{"@type":"ListItem","position":1,"name":"Home","item":"https:\/\/888starz.futbol\/cs\/"},{"@type":"ListItem","position":2,"name":"Blackjack"}]},{"@type":"WebSite","@id":"https:\/\/888starz.futbol\/cs\/#website","url":"https:\/\/888starz.futbol\/cs\/","name":"888starz Futbol CS","description":"My WordPress Blog","potentialAction":[{"@type":"SearchAction","target":{"@type":"EntryPoint","urlTemplate":"https:\/\/888starz.futbol\/cs\/?s={search_term_string}"},"query-input":{"@type":"PropertyValueSpecification","valueRequired":true,"valueName":"search_term_string"}}],"inLanguage":"cs"}]}},"_links":{"self":[{"href":"https:\/\/888starz.futbol\/cs\/wp-json\/wp\/v2\/pages\/337","targetHints":{"allow":["GET"]}}],"collection":[{"href":"https:\/\/888starz.futbol\/cs\/wp-json\/wp\/v2\/pages"}],"about":[{"href":"https:\/\/888starz.futbol\/cs\/wp-json\/wp\/v2\/types\/page"}],"author":[{"embeddable":true,"href":"https:\/\/888starz.futbol\/cs\/wp-json\/wp\/v2\/users\/1"}],"replies":[{"embeddable":true,"href":"https:\/\/888starz.futbol\/cs\/wp-json\/wp\/v2\/comments?post=337"}],"version-history":[{"count":9,"href":"https:\/\/888starz.futbol\/cs\/wp-json\/wp\/v2\/pages\/337\/revisions"}],"predecessor-version":[{"id":489,"href":"https:\/\/888starz.futbol\/cs\/wp-json\/wp\/v2\/pages\/337\/revisions\/489"}],"wp:attachment":[{"href":"https:\/\/888starz.futbol\/cs\/wp-json\/wp\/v2\/media?parent=337"}],"curies":[{"name":"wp","href":"https:\/\/api.w.org\/{rel}","templated":true}]}}