{"id":347,"date":"2025-07-16T08:59:02","date_gmt":"2025-07-16T08:59:02","guid":{"rendered":"https:\/\/888starz.futbol\/cs\/?page_id=347"},"modified":"2025-08-19T10:53:29","modified_gmt":"2025-08-19T10:53:29","slug":"roulette","status":"publish","type":"page","link":"https:\/\/888starz.futbol\/cs\/roulette\/","title":{"rendered":"Ruleta"},"content":{"rendered":"","protected":false},"excerpt":{"rendered":"","protected":false},"author":1,"featured_media":0,"parent":0,"menu_order":0,"comment_status":"closed","ping_status":"closed","template":"","meta":{"footnotes":""},"class_list":["post-347","page","type-page","status-publish","hentry"],"yoast_head":"<!-- This site is optimized with the Yoast SEO plugin v27.4 - https:\/\/yoast.com\/product\/yoast-seo-wordpress\/ -->\n<title>888Starz Ruleta \u2714\ufe0f Va\u0161e cesta k \u00fasp\u011bchu a velk\u00fdm v\u00fdhr\u00e1m!<\/title>\n<meta name=\"description\" content=\"Jste p\u0159ipraveni vyhr\u00e1t jackpot? V 888Starz Ruleta na v\u00e1s \u010dek\u00e1 vzru\u0161en\u00ed a \u0161t\u011bst\u00ed! 888Starz Roulette je va\u0161e cesta k velk\u00fdm v\u00fdhr\u00e1m a bou\u0159liv\u00fdm emoc\u00edm!\" \/>\n<meta name=\"robots\" content=\"index, follow, max-snippet:-1, max-image-preview:large, max-video-preview:-1\" \/>\n<meta property=\"og:locale\" content=\"cs_CZ\" \/>\n<meta property=\"og:type\" content=\"article\" \/>\n<meta property=\"og:title\" content=\"888Starz Ruleta \u2714\ufe0f Va\u0161e cesta k \u00fasp\u011bchu a velk\u00fdm v\u00fdhr\u00e1m!\" \/>\n<meta property=\"og:description\" content=\"Jste p\u0159ipraveni vyhr\u00e1t jackpot? V 888Starz Ruleta na v\u00e1s \u010dek\u00e1 vzru\u0161en\u00ed a \u0161t\u011bst\u00ed! 888Starz Roulette je va\u0161e cesta k velk\u00fdm v\u00fdhr\u00e1m a bou\u0159liv\u00fdm emoc\u00edm!\" \/>\n<meta property=\"og:url\" content=\"https:\/\/888starz.futbol\/cs\/roulette\/\" \/>\n<meta property=\"og:site_name\" content=\"888starz Futbol CS\" \/>\n<meta property=\"article:modified_time\" content=\"2025-08-19T10:53:29+00:00\" \/>\n<meta name=\"twitter:card\" content=\"summary_large_image\" \/>\n<script type=\"application\/ld+json\" class=\"yoast-schema-graph\">{\"@context\":\"https:\\\/\\\/schema.org\",\"@graph\":[{\"@type\":\"WebPage\",\"@id\":\"https:\\\/\\\/888starz.futbol\\\/cs\\\/roulette\\\/\",\"url\":\"https:\\\/\\\/888starz.futbol\\\/cs\\\/roulette\\\/\",\"name\":\"888Starz Ruleta \u2714\ufe0f Va\u0161e cesta k \u00fasp\u011bchu a velk\u00fdm v\u00fdhr\u00e1m!\",\"isPartOf\":{\"@id\":\"https:\\\/\\\/888starz.futbol\\\/cs\\\/#website\"},\"datePublished\":\"2025-07-16T08:59:02+00:00\",\"dateModified\":\"2025-08-19T10:53:29+00:00\",\"description\":\"Jste p\u0159ipraveni vyhr\u00e1t jackpot? V 888Starz Ruleta na v\u00e1s \u010dek\u00e1 vzru\u0161en\u00ed a \u0161t\u011bst\u00ed! 888Starz Roulette je va\u0161e cesta k velk\u00fdm v\u00fdhr\u00e1m a bou\u0159liv\u00fdm emoc\u00edm!\",\"breadcrumb\":{\"@id\":\"https:\\\/\\\/888starz.futbol\\\/cs\\\/roulette\\\/#breadcrumb\"},\"inLanguage\":\"cs\",\"potentialAction\":[{\"@type\":\"ReadAction\",\"target\":[\"https:\\\/\\\/888starz.futbol\\\/cs\\\/roulette\\\/\"]}]},{\"@type\":\"BreadcrumbList\",\"@id\":\"https:\\\/\\\/888starz.futbol\\\/cs\\\/roulette\\\/#breadcrumb\",\"itemListElement\":[{\"@type\":\"ListItem\",\"position\":1,\"name\":\"Home\",\"item\":\"https:\\\/\\\/888starz.futbol\\\/cs\\\/\"},{\"@type\":\"ListItem\",\"position\":2,\"name\":\"Ruleta\"}]},{\"@type\":\"WebSite\",\"@id\":\"https:\\\/\\\/888starz.futbol\\\/cs\\\/#website\",\"url\":\"https:\\\/\\\/888starz.futbol\\\/cs\\\/\",\"name\":\"888starz Futbol CS\",\"description\":\"My WordPress Blog\",\"potentialAction\":[{\"@type\":\"SearchAction\",\"target\":{\"@type\":\"EntryPoint\",\"urlTemplate\":\"https:\\\/\\\/888starz.futbol\\\/cs\\\/?s={search_term_string}\"},\"query-input\":{\"@type\":\"PropertyValueSpecification\",\"valueRequired\":true,\"valueName\":\"search_term_string\"}}],\"inLanguage\":\"cs\"}]}<\/script>\n<!-- \/ Yoast SEO plugin. -->","yoast_head_json":{"title":"888Starz Ruleta \u2714\ufe0f Va\u0161e cesta k \u00fasp\u011bchu a velk\u00fdm v\u00fdhr\u00e1m!","description":"Jste p\u0159ipraveni vyhr\u00e1t jackpot? V 888Starz Ruleta na v\u00e1s \u010dek\u00e1 vzru\u0161en\u00ed a \u0161t\u011bst\u00ed! 888Starz Roulette je va\u0161e cesta k velk\u00fdm v\u00fdhr\u00e1m a bou\u0159liv\u00fdm emoc\u00edm!","robots":{"index":"index","follow":"follow","max-snippet":"max-snippet:-1","max-image-preview":"max-image-preview:large","max-video-preview":"max-video-preview:-1"},"og_locale":"cs_CZ","og_type":"article","og_title":"888Starz Ruleta \u2714\ufe0f Va\u0161e cesta k \u00fasp\u011bchu a velk\u00fdm v\u00fdhr\u00e1m!","og_description":"Jste p\u0159ipraveni vyhr\u00e1t jackpot? V 888Starz Ruleta na v\u00e1s \u010dek\u00e1 vzru\u0161en\u00ed a \u0161t\u011bst\u00ed! 888Starz Roulette je va\u0161e cesta k velk\u00fdm v\u00fdhr\u00e1m a bou\u0159liv\u00fdm emoc\u00edm!","og_url":"https:\/\/888starz.futbol\/cs\/roulette\/","og_site_name":"888starz Futbol CS","article_modified_time":"2025-08-19T10:53:29+00:00","twitter_card":"summary_large_image","schema":{"@context":"https:\/\/schema.org","@graph":[{"@type":"WebPage","@id":"https:\/\/888starz.futbol\/cs\/roulette\/","url":"https:\/\/888starz.futbol\/cs\/roulette\/","name":"888Starz Ruleta \u2714\ufe0f Va\u0161e cesta k \u00fasp\u011bchu a velk\u00fdm v\u00fdhr\u00e1m!","isPartOf":{"@id":"https:\/\/888starz.futbol\/cs\/#website"},"datePublished":"2025-07-16T08:59:02+00:00","dateModified":"2025-08-19T10:53:29+00:00","description":"Jste p\u0159ipraveni vyhr\u00e1t jackpot? V 888Starz Ruleta na v\u00e1s \u010dek\u00e1 vzru\u0161en\u00ed a \u0161t\u011bst\u00ed! 888Starz Roulette je va\u0161e cesta k velk\u00fdm v\u00fdhr\u00e1m a bou\u0159liv\u00fdm emoc\u00edm!","breadcrumb":{"@id":"https:\/\/888starz.futbol\/cs\/roulette\/#breadcrumb"},"inLanguage":"cs","potentialAction":[{"@type":"ReadAction","target":["https:\/\/888starz.futbol\/cs\/roulette\/"]}]},{"@type":"BreadcrumbList","@id":"https:\/\/888starz.futbol\/cs\/roulette\/#breadcrumb","itemListElement":[{"@type":"ListItem","position":1,"name":"Home","item":"https:\/\/888starz.futbol\/cs\/"},{"@type":"ListItem","position":2,"name":"Ruleta"}]},{"@type":"WebSite","@id":"https:\/\/888starz.futbol\/cs\/#website","url":"https:\/\/888starz.futbol\/cs\/","name":"888starz Futbol CS","description":"My WordPress Blog","potentialAction":[{"@type":"SearchAction","target":{"@type":"EntryPoint","urlTemplate":"https:\/\/888starz.futbol\/cs\/?s={search_term_string}"},"query-input":{"@type":"PropertyValueSpecification","valueRequired":true,"valueName":"search_term_string"}}],"inLanguage":"cs"}]}},"_links":{"self":[{"href":"https:\/\/888starz.futbol\/cs\/wp-json\/wp\/v2\/pages\/347","targetHints":{"allow":["GET"]}}],"collection":[{"href":"https:\/\/888starz.futbol\/cs\/wp-json\/wp\/v2\/pages"}],"about":[{"href":"https:\/\/888starz.futbol\/cs\/wp-json\/wp\/v2\/types\/page"}],"author":[{"embeddable":true,"href":"https:\/\/888starz.futbol\/cs\/wp-json\/wp\/v2\/users\/1"}],"replies":[{"embeddable":true,"href":"https:\/\/888starz.futbol\/cs\/wp-json\/wp\/v2\/comments?post=347"}],"version-history":[{"count":7,"href":"https:\/\/888starz.futbol\/cs\/wp-json\/wp\/v2\/pages\/347\/revisions"}],"predecessor-version":[{"id":484,"href":"https:\/\/888starz.futbol\/cs\/wp-json\/wp\/v2\/pages\/347\/revisions\/484"}],"wp:attachment":[{"href":"https:\/\/888starz.futbol\/cs\/wp-json\/wp\/v2\/media?parent=347"}],"curies":[{"name":"wp","href":"https:\/\/api.w.org\/{rel}","templated":true}]}}