{"id":355,"date":"2025-07-16T16:55:50","date_gmt":"2025-07-16T16:55:50","guid":{"rendered":"https:\/\/888starz.futbol\/cs\/?page_id=355"},"modified":"2025-08-19T10:51:29","modified_gmt":"2025-08-19T10:51:29","slug":"poker","status":"publish","type":"page","link":"https:\/\/888starz.futbol\/cs\/poker\/","title":{"rendered":"Poker"},"content":{"rendered":"","protected":false},"excerpt":{"rendered":"","protected":false},"author":1,"featured_media":0,"parent":0,"menu_order":0,"comment_status":"closed","ping_status":"closed","template":"","meta":{"footnotes":""},"class_list":["post-355","page","type-page","status-publish","hentry"],"yoast_head":"<!-- This site is optimized with the Yoast SEO plugin v27.4 - https:\/\/yoast.com\/product\/yoast-seo-wordpress\/ -->\n<title>888Starz Poker \u27a4 Z\u00edskejte bonus a za\u010dn\u011bte hr\u00e1t poker<\/title>\n<meta name=\"description\" content=\"P\u0159ipravte se na vzru\u0161uj\u00edc\u00ed turnaje a \u0161t\u011bdr\u00e9 bonusy! P\u0159ipojte se k 888Starz a hrajte poker online. Objevte Hold&#039;em, Omaha a dal\u0161\u00ed hry!\" \/>\n<meta name=\"robots\" content=\"index, follow, max-snippet:-1, max-image-preview:large, max-video-preview:-1\" \/>\n<meta property=\"og:locale\" content=\"cs_CZ\" \/>\n<meta property=\"og:type\" content=\"article\" \/>\n<meta property=\"og:title\" content=\"888Starz Poker \u27a4 Z\u00edskejte bonus a za\u010dn\u011bte hr\u00e1t poker\" \/>\n<meta property=\"og:description\" content=\"P\u0159ipravte se na vzru\u0161uj\u00edc\u00ed turnaje a \u0161t\u011bdr\u00e9 bonusy! P\u0159ipojte se k 888Starz a hrajte poker online. Objevte Hold&#039;em, Omaha a dal\u0161\u00ed hry!\" \/>\n<meta property=\"og:url\" content=\"https:\/\/888starz.futbol\/cs\/poker\/\" \/>\n<meta property=\"og:site_name\" content=\"888starz Futbol CS\" \/>\n<meta property=\"article:modified_time\" content=\"2025-08-19T10:51:29+00:00\" \/>\n<meta name=\"twitter:card\" content=\"summary_large_image\" \/>\n<script type=\"application\/ld+json\" class=\"yoast-schema-graph\">{\"@context\":\"https:\\\/\\\/schema.org\",\"@graph\":[{\"@type\":\"WebPage\",\"@id\":\"https:\\\/\\\/888starz.futbol\\\/cs\\\/poker\\\/\",\"url\":\"https:\\\/\\\/888starz.futbol\\\/cs\\\/poker\\\/\",\"name\":\"888Starz Poker \u27a4 Z\u00edskejte bonus a za\u010dn\u011bte hr\u00e1t poker\",\"isPartOf\":{\"@id\":\"https:\\\/\\\/888starz.futbol\\\/cs\\\/#website\"},\"datePublished\":\"2025-07-16T16:55:50+00:00\",\"dateModified\":\"2025-08-19T10:51:29+00:00\",\"description\":\"P\u0159ipravte se na vzru\u0161uj\u00edc\u00ed turnaje a \u0161t\u011bdr\u00e9 bonusy! P\u0159ipojte se k 888Starz a hrajte poker online. Objevte Hold'em, Omaha a dal\u0161\u00ed hry!\",\"breadcrumb\":{\"@id\":\"https:\\\/\\\/888starz.futbol\\\/cs\\\/poker\\\/#breadcrumb\"},\"inLanguage\":\"cs\",\"potentialAction\":[{\"@type\":\"ReadAction\",\"target\":[\"https:\\\/\\\/888starz.futbol\\\/cs\\\/poker\\\/\"]}]},{\"@type\":\"BreadcrumbList\",\"@id\":\"https:\\\/\\\/888starz.futbol\\\/cs\\\/poker\\\/#breadcrumb\",\"itemListElement\":[{\"@type\":\"ListItem\",\"position\":1,\"name\":\"Home\",\"item\":\"https:\\\/\\\/888starz.futbol\\\/cs\\\/\"},{\"@type\":\"ListItem\",\"position\":2,\"name\":\"Poker\"}]},{\"@type\":\"WebSite\",\"@id\":\"https:\\\/\\\/888starz.futbol\\\/cs\\\/#website\",\"url\":\"https:\\\/\\\/888starz.futbol\\\/cs\\\/\",\"name\":\"888starz Futbol CS\",\"description\":\"My WordPress Blog\",\"potentialAction\":[{\"@type\":\"SearchAction\",\"target\":{\"@type\":\"EntryPoint\",\"urlTemplate\":\"https:\\\/\\\/888starz.futbol\\\/cs\\\/?s={search_term_string}\"},\"query-input\":{\"@type\":\"PropertyValueSpecification\",\"valueRequired\":true,\"valueName\":\"search_term_string\"}}],\"inLanguage\":\"cs\"}]}<\/script>\n<!-- \/ Yoast SEO plugin. -->","yoast_head_json":{"title":"888Starz Poker \u27a4 Z\u00edskejte bonus a za\u010dn\u011bte hr\u00e1t poker","description":"P\u0159ipravte se na vzru\u0161uj\u00edc\u00ed turnaje a \u0161t\u011bdr\u00e9 bonusy! P\u0159ipojte se k 888Starz a hrajte poker online. Objevte Hold'em, Omaha a dal\u0161\u00ed hry!","robots":{"index":"index","follow":"follow","max-snippet":"max-snippet:-1","max-image-preview":"max-image-preview:large","max-video-preview":"max-video-preview:-1"},"og_locale":"cs_CZ","og_type":"article","og_title":"888Starz Poker \u27a4 Z\u00edskejte bonus a za\u010dn\u011bte hr\u00e1t poker","og_description":"P\u0159ipravte se na vzru\u0161uj\u00edc\u00ed turnaje a \u0161t\u011bdr\u00e9 bonusy! P\u0159ipojte se k 888Starz a hrajte poker online. Objevte Hold'em, Omaha a dal\u0161\u00ed hry!","og_url":"https:\/\/888starz.futbol\/cs\/poker\/","og_site_name":"888starz Futbol CS","article_modified_time":"2025-08-19T10:51:29+00:00","twitter_card":"summary_large_image","schema":{"@context":"https:\/\/schema.org","@graph":[{"@type":"WebPage","@id":"https:\/\/888starz.futbol\/cs\/poker\/","url":"https:\/\/888starz.futbol\/cs\/poker\/","name":"888Starz Poker \u27a4 Z\u00edskejte bonus a za\u010dn\u011bte hr\u00e1t poker","isPartOf":{"@id":"https:\/\/888starz.futbol\/cs\/#website"},"datePublished":"2025-07-16T16:55:50+00:00","dateModified":"2025-08-19T10:51:29+00:00","description":"P\u0159ipravte se na vzru\u0161uj\u00edc\u00ed turnaje a \u0161t\u011bdr\u00e9 bonusy! P\u0159ipojte se k 888Starz a hrajte poker online. Objevte Hold'em, Omaha a dal\u0161\u00ed hry!","breadcrumb":{"@id":"https:\/\/888starz.futbol\/cs\/poker\/#breadcrumb"},"inLanguage":"cs","potentialAction":[{"@type":"ReadAction","target":["https:\/\/888starz.futbol\/cs\/poker\/"]}]},{"@type":"BreadcrumbList","@id":"https:\/\/888starz.futbol\/cs\/poker\/#breadcrumb","itemListElement":[{"@type":"ListItem","position":1,"name":"Home","item":"https:\/\/888starz.futbol\/cs\/"},{"@type":"ListItem","position":2,"name":"Poker"}]},{"@type":"WebSite","@id":"https:\/\/888starz.futbol\/cs\/#website","url":"https:\/\/888starz.futbol\/cs\/","name":"888starz Futbol CS","description":"My WordPress Blog","potentialAction":[{"@type":"SearchAction","target":{"@type":"EntryPoint","urlTemplate":"https:\/\/888starz.futbol\/cs\/?s={search_term_string}"},"query-input":{"@type":"PropertyValueSpecification","valueRequired":true,"valueName":"search_term_string"}}],"inLanguage":"cs"}]}},"_links":{"self":[{"href":"https:\/\/888starz.futbol\/cs\/wp-json\/wp\/v2\/pages\/355","targetHints":{"allow":["GET"]}}],"collection":[{"href":"https:\/\/888starz.futbol\/cs\/wp-json\/wp\/v2\/pages"}],"about":[{"href":"https:\/\/888starz.futbol\/cs\/wp-json\/wp\/v2\/types\/page"}],"author":[{"embeddable":true,"href":"https:\/\/888starz.futbol\/cs\/wp-json\/wp\/v2\/users\/1"}],"replies":[{"embeddable":true,"href":"https:\/\/888starz.futbol\/cs\/wp-json\/wp\/v2\/comments?post=355"}],"version-history":[{"count":6,"href":"https:\/\/888starz.futbol\/cs\/wp-json\/wp\/v2\/pages\/355\/revisions"}],"predecessor-version":[{"id":483,"href":"https:\/\/888starz.futbol\/cs\/wp-json\/wp\/v2\/pages\/355\/revisions\/483"}],"wp:attachment":[{"href":"https:\/\/888starz.futbol\/cs\/wp-json\/wp\/v2\/media?parent=355"}],"curies":[{"name":"wp","href":"https:\/\/api.w.org\/{rel}","templated":true}]}}