{"id":406,"date":"2025-06-22T13:45:34","date_gmt":"2025-06-22T13:45:34","guid":{"rendered":"https:\/\/888starz.futbol\/cs\/?page_id=406"},"modified":"2025-08-08T11:22:21","modified_gmt":"2025-08-08T11:22:21","slug":"losing-bets","status":"publish","type":"page","link":"https:\/\/888starz.futbol\/cs\/losing-bets\/","title":{"rendered":"Ztr\u00e1tov\u00e9 s\u00e1zky"},"content":{"rendered":"","protected":false},"excerpt":{"rendered":"","protected":false},"author":1,"featured_media":0,"parent":0,"menu_order":0,"comment_status":"closed","ping_status":"closed","template":"","meta":{"footnotes":""},"class_list":["post-406","page","type-page","status-publish","hentry"],"yoast_head":"<!-- This site is optimized with the Yoast SEO plugin v27.4 - https:\/\/yoast.com\/product\/yoast-seo-wordpress\/ -->\n<title>Bonus 888Starz za s\u00e9rii prohran\u00fdch s\u00e1zek \u1409 A\u017e 10 500 K\u010d<\/title>\n<meta name=\"description\" content=\"Z\u00edskejte kompenzaci za s\u00e9rii prohran\u00fdch s\u00e1zek od 888Starz! Pokud m\u00e1te 20 proher za 30 dn\u00ed, m\u016f\u017eete z\u00edskat a\u017e 10 500 K\u010d. Seznamte se s podm\u00ednkami \u00fa\u010dasti!Get compensation for a series of losing bets from 888Starz! If you have 20 losses in 30 days, you can get up to 10500 CZ. Find out the terms and conditions of participation!\" \/>\n<meta name=\"robots\" content=\"index, follow, max-snippet:-1, max-image-preview:large, max-video-preview:-1\" \/>\n<meta property=\"og:locale\" content=\"cs_CZ\" \/>\n<meta property=\"og:type\" content=\"article\" \/>\n<meta property=\"og:title\" content=\"Bonus 888Starz za s\u00e9rii prohran\u00fdch s\u00e1zek \u1409 A\u017e 10 500 K\u010d\" \/>\n<meta property=\"og:description\" content=\"Z\u00edskejte kompenzaci za s\u00e9rii prohran\u00fdch s\u00e1zek od 888Starz! Pokud m\u00e1te 20 proher za 30 dn\u00ed, m\u016f\u017eete z\u00edskat a\u017e 10 500 K\u010d. Seznamte se s podm\u00ednkami \u00fa\u010dasti!Get compensation for a series of losing bets from 888Starz! If you have 20 losses in 30 days, you can get up to 10500 CZ. Find out the terms and conditions of participation!\" \/>\n<meta property=\"og:url\" content=\"https:\/\/888starz.futbol\/cs\/losing-bets\/\" \/>\n<meta property=\"og:site_name\" content=\"888starz Futbol CS\" \/>\n<meta property=\"article:modified_time\" content=\"2025-08-08T11:22:21+00:00\" \/>\n<meta name=\"twitter:card\" content=\"summary_large_image\" \/>\n<script type=\"application\/ld+json\" class=\"yoast-schema-graph\">{\"@context\":\"https:\\\/\\\/schema.org\",\"@graph\":[{\"@type\":\"WebPage\",\"@id\":\"https:\\\/\\\/888starz.futbol\\\/cs\\\/losing-bets\\\/\",\"url\":\"https:\\\/\\\/888starz.futbol\\\/cs\\\/losing-bets\\\/\",\"name\":\"Bonus 888Starz za s\u00e9rii prohran\u00fdch s\u00e1zek \u1409 A\u017e 10 500 K\u010d\",\"isPartOf\":{\"@id\":\"https:\\\/\\\/888starz.futbol\\\/cs\\\/#website\"},\"datePublished\":\"2025-06-22T13:45:34+00:00\",\"dateModified\":\"2025-08-08T11:22:21+00:00\",\"description\":\"Z\u00edskejte kompenzaci za s\u00e9rii prohran\u00fdch s\u00e1zek od 888Starz! Pokud m\u00e1te 20 proher za 30 dn\u00ed, m\u016f\u017eete z\u00edskat a\u017e 10 500 K\u010d. Seznamte se s podm\u00ednkami \u00fa\u010dasti!Get compensation for a series of losing bets from 888Starz! If you have 20 losses in 30 days, you can get up to 10500 CZ. Find out the terms and conditions of participation!\",\"breadcrumb\":{\"@id\":\"https:\\\/\\\/888starz.futbol\\\/cs\\\/losing-bets\\\/#breadcrumb\"},\"inLanguage\":\"cs\",\"potentialAction\":[{\"@type\":\"ReadAction\",\"target\":[\"https:\\\/\\\/888starz.futbol\\\/cs\\\/losing-bets\\\/\"]}]},{\"@type\":\"BreadcrumbList\",\"@id\":\"https:\\\/\\\/888starz.futbol\\\/cs\\\/losing-bets\\\/#breadcrumb\",\"itemListElement\":[{\"@type\":\"ListItem\",\"position\":1,\"name\":\"Home\",\"item\":\"https:\\\/\\\/888starz.futbol\\\/cs\\\/\"},{\"@type\":\"ListItem\",\"position\":2,\"name\":\"Ztr\u00e1tov\u00e9 s\u00e1zky\"}]},{\"@type\":\"WebSite\",\"@id\":\"https:\\\/\\\/888starz.futbol\\\/cs\\\/#website\",\"url\":\"https:\\\/\\\/888starz.futbol\\\/cs\\\/\",\"name\":\"888starz Futbol CS\",\"description\":\"My WordPress Blog\",\"potentialAction\":[{\"@type\":\"SearchAction\",\"target\":{\"@type\":\"EntryPoint\",\"urlTemplate\":\"https:\\\/\\\/888starz.futbol\\\/cs\\\/?s={search_term_string}\"},\"query-input\":{\"@type\":\"PropertyValueSpecification\",\"valueRequired\":true,\"valueName\":\"search_term_string\"}}],\"inLanguage\":\"cs\"}]}<\/script>\n<!-- \/ Yoast SEO plugin. -->","yoast_head_json":{"title":"Bonus 888Starz za s\u00e9rii prohran\u00fdch s\u00e1zek \u1409 A\u017e 10 500 K\u010d","description":"Z\u00edskejte kompenzaci za s\u00e9rii prohran\u00fdch s\u00e1zek od 888Starz! Pokud m\u00e1te 20 proher za 30 dn\u00ed, m\u016f\u017eete z\u00edskat a\u017e 10 500 K\u010d. Seznamte se s podm\u00ednkami \u00fa\u010dasti!Get compensation for a series of losing bets from 888Starz! If you have 20 losses in 30 days, you can get up to 10500 CZ. Find out the terms and conditions of participation!","robots":{"index":"index","follow":"follow","max-snippet":"max-snippet:-1","max-image-preview":"max-image-preview:large","max-video-preview":"max-video-preview:-1"},"og_locale":"cs_CZ","og_type":"article","og_title":"Bonus 888Starz za s\u00e9rii prohran\u00fdch s\u00e1zek \u1409 A\u017e 10 500 K\u010d","og_description":"Z\u00edskejte kompenzaci za s\u00e9rii prohran\u00fdch s\u00e1zek od 888Starz! Pokud m\u00e1te 20 proher za 30 dn\u00ed, m\u016f\u017eete z\u00edskat a\u017e 10 500 K\u010d. Seznamte se s podm\u00ednkami \u00fa\u010dasti!Get compensation for a series of losing bets from 888Starz! If you have 20 losses in 30 days, you can get up to 10500 CZ. Find out the terms and conditions of participation!","og_url":"https:\/\/888starz.futbol\/cs\/losing-bets\/","og_site_name":"888starz Futbol CS","article_modified_time":"2025-08-08T11:22:21+00:00","twitter_card":"summary_large_image","schema":{"@context":"https:\/\/schema.org","@graph":[{"@type":"WebPage","@id":"https:\/\/888starz.futbol\/cs\/losing-bets\/","url":"https:\/\/888starz.futbol\/cs\/losing-bets\/","name":"Bonus 888Starz za s\u00e9rii prohran\u00fdch s\u00e1zek \u1409 A\u017e 10 500 K\u010d","isPartOf":{"@id":"https:\/\/888starz.futbol\/cs\/#website"},"datePublished":"2025-06-22T13:45:34+00:00","dateModified":"2025-08-08T11:22:21+00:00","description":"Z\u00edskejte kompenzaci za s\u00e9rii prohran\u00fdch s\u00e1zek od 888Starz! Pokud m\u00e1te 20 proher za 30 dn\u00ed, m\u016f\u017eete z\u00edskat a\u017e 10 500 K\u010d. Seznamte se s podm\u00ednkami \u00fa\u010dasti!Get compensation for a series of losing bets from 888Starz! If you have 20 losses in 30 days, you can get up to 10500 CZ. Find out the terms and conditions of participation!","breadcrumb":{"@id":"https:\/\/888starz.futbol\/cs\/losing-bets\/#breadcrumb"},"inLanguage":"cs","potentialAction":[{"@type":"ReadAction","target":["https:\/\/888starz.futbol\/cs\/losing-bets\/"]}]},{"@type":"BreadcrumbList","@id":"https:\/\/888starz.futbol\/cs\/losing-bets\/#breadcrumb","itemListElement":[{"@type":"ListItem","position":1,"name":"Home","item":"https:\/\/888starz.futbol\/cs\/"},{"@type":"ListItem","position":2,"name":"Ztr\u00e1tov\u00e9 s\u00e1zky"}]},{"@type":"WebSite","@id":"https:\/\/888starz.futbol\/cs\/#website","url":"https:\/\/888starz.futbol\/cs\/","name":"888starz Futbol CS","description":"My WordPress Blog","potentialAction":[{"@type":"SearchAction","target":{"@type":"EntryPoint","urlTemplate":"https:\/\/888starz.futbol\/cs\/?s={search_term_string}"},"query-input":{"@type":"PropertyValueSpecification","valueRequired":true,"valueName":"search_term_string"}}],"inLanguage":"cs"}]}},"_links":{"self":[{"href":"https:\/\/888starz.futbol\/cs\/wp-json\/wp\/v2\/pages\/406","targetHints":{"allow":["GET"]}}],"collection":[{"href":"https:\/\/888starz.futbol\/cs\/wp-json\/wp\/v2\/pages"}],"about":[{"href":"https:\/\/888starz.futbol\/cs\/wp-json\/wp\/v2\/types\/page"}],"author":[{"embeddable":true,"href":"https:\/\/888starz.futbol\/cs\/wp-json\/wp\/v2\/users\/1"}],"replies":[{"embeddable":true,"href":"https:\/\/888starz.futbol\/cs\/wp-json\/wp\/v2\/comments?post=406"}],"version-history":[{"count":5,"href":"https:\/\/888starz.futbol\/cs\/wp-json\/wp\/v2\/pages\/406\/revisions"}],"predecessor-version":[{"id":462,"href":"https:\/\/888starz.futbol\/cs\/wp-json\/wp\/v2\/pages\/406\/revisions\/462"}],"wp:attachment":[{"href":"https:\/\/888starz.futbol\/cs\/wp-json\/wp\/v2\/media?parent=406"}],"curies":[{"name":"wp","href":"https:\/\/api.w.org\/{rel}","templated":true}]}}