{"id":415,"date":"2025-06-22T15:13:08","date_gmt":"2025-06-22T15:13:08","guid":{"rendered":"https:\/\/888starz.futbol\/cs\/?page_id=415"},"modified":"2025-08-08T10:58:13","modified_gmt":"2025-08-08T10:58:13","slug":"bet-via-telegram","status":"publish","type":"page","link":"https:\/\/888starz.futbol\/cs\/bet-via-telegram\/","title":{"rendered":"Platba p\u0159es Telegram"},"content":{"rendered":"","protected":false},"excerpt":{"rendered":"","protected":false},"author":1,"featured_media":0,"parent":0,"menu_order":0,"comment_status":"closed","ping_status":"closed","template":"","meta":{"footnotes":""},"class_list":["post-415","page","type-page","status-publish","hentry"],"yoast_head":"<!-- This site is optimized with the Yoast SEO plugin v27.4 - https:\/\/yoast.com\/product\/yoast-seo-wordpress\/ -->\n<title>S\u00e1zejte p\u0159es Telegram 888Starz \u1409 S\u00e1zejte pohodln\u011b a rychle!<\/title>\n<meta name=\"description\" content=\"S\u00e1zen\u00ed na 888Starz je nyn\u00ed je\u0161t\u011b jednodu\u0161\u0161\u00ed! Pou\u017eijte Telegram a s\u00e1zejte, ani\u017e byste museli nav\u0161t\u011bvovat webov\u00e9 str\u00e1nky. Zjist\u011bte, jak snadn\u00e9 a pohodln\u00e9 je za\u010d\u00edt s\u00e1zet p\u0159\u00edmo v messengeru!\" \/>\n<meta name=\"robots\" content=\"index, follow, max-snippet:-1, max-image-preview:large, max-video-preview:-1\" \/>\n<meta property=\"og:locale\" content=\"cs_CZ\" \/>\n<meta property=\"og:type\" content=\"article\" \/>\n<meta property=\"og:title\" content=\"S\u00e1zejte p\u0159es Telegram 888Starz \u1409 S\u00e1zejte pohodln\u011b a rychle!\" \/>\n<meta property=\"og:description\" content=\"S\u00e1zen\u00ed na 888Starz je nyn\u00ed je\u0161t\u011b jednodu\u0161\u0161\u00ed! Pou\u017eijte Telegram a s\u00e1zejte, ani\u017e byste museli nav\u0161t\u011bvovat webov\u00e9 str\u00e1nky. Zjist\u011bte, jak snadn\u00e9 a pohodln\u00e9 je za\u010d\u00edt s\u00e1zet p\u0159\u00edmo v messengeru!\" \/>\n<meta property=\"og:url\" content=\"https:\/\/888starz.futbol\/cs\/bet-via-telegram\/\" \/>\n<meta property=\"og:site_name\" content=\"888starz Futbol CS\" \/>\n<meta property=\"article:modified_time\" content=\"2025-08-08T10:58:13+00:00\" \/>\n<meta name=\"twitter:card\" content=\"summary_large_image\" \/>\n<script type=\"application\/ld+json\" class=\"yoast-schema-graph\">{\"@context\":\"https:\\\/\\\/schema.org\",\"@graph\":[{\"@type\":\"WebPage\",\"@id\":\"https:\\\/\\\/888starz.futbol\\\/cs\\\/bet-via-telegram\\\/\",\"url\":\"https:\\\/\\\/888starz.futbol\\\/cs\\\/bet-via-telegram\\\/\",\"name\":\"S\u00e1zejte p\u0159es Telegram 888Starz \u1409 S\u00e1zejte pohodln\u011b a rychle!\",\"isPartOf\":{\"@id\":\"https:\\\/\\\/888starz.futbol\\\/cs\\\/#website\"},\"datePublished\":\"2025-06-22T15:13:08+00:00\",\"dateModified\":\"2025-08-08T10:58:13+00:00\",\"description\":\"S\u00e1zen\u00ed na 888Starz je nyn\u00ed je\u0161t\u011b jednodu\u0161\u0161\u00ed! Pou\u017eijte Telegram a s\u00e1zejte, ani\u017e byste museli nav\u0161t\u011bvovat webov\u00e9 str\u00e1nky. Zjist\u011bte, jak snadn\u00e9 a pohodln\u00e9 je za\u010d\u00edt s\u00e1zet p\u0159\u00edmo v messengeru!\",\"breadcrumb\":{\"@id\":\"https:\\\/\\\/888starz.futbol\\\/cs\\\/bet-via-telegram\\\/#breadcrumb\"},\"inLanguage\":\"cs\",\"potentialAction\":[{\"@type\":\"ReadAction\",\"target\":[\"https:\\\/\\\/888starz.futbol\\\/cs\\\/bet-via-telegram\\\/\"]}]},{\"@type\":\"BreadcrumbList\",\"@id\":\"https:\\\/\\\/888starz.futbol\\\/cs\\\/bet-via-telegram\\\/#breadcrumb\",\"itemListElement\":[{\"@type\":\"ListItem\",\"position\":1,\"name\":\"Home\",\"item\":\"https:\\\/\\\/888starz.futbol\\\/cs\\\/\"},{\"@type\":\"ListItem\",\"position\":2,\"name\":\"Platba p\u0159es Telegram\"}]},{\"@type\":\"WebSite\",\"@id\":\"https:\\\/\\\/888starz.futbol\\\/cs\\\/#website\",\"url\":\"https:\\\/\\\/888starz.futbol\\\/cs\\\/\",\"name\":\"888starz Futbol CS\",\"description\":\"My WordPress Blog\",\"potentialAction\":[{\"@type\":\"SearchAction\",\"target\":{\"@type\":\"EntryPoint\",\"urlTemplate\":\"https:\\\/\\\/888starz.futbol\\\/cs\\\/?s={search_term_string}\"},\"query-input\":{\"@type\":\"PropertyValueSpecification\",\"valueRequired\":true,\"valueName\":\"search_term_string\"}}],\"inLanguage\":\"cs\"}]}<\/script>\n<!-- \/ Yoast SEO plugin. -->","yoast_head_json":{"title":"S\u00e1zejte p\u0159es Telegram 888Starz \u1409 S\u00e1zejte pohodln\u011b a rychle!","description":"S\u00e1zen\u00ed na 888Starz je nyn\u00ed je\u0161t\u011b jednodu\u0161\u0161\u00ed! Pou\u017eijte Telegram a s\u00e1zejte, ani\u017e byste museli nav\u0161t\u011bvovat webov\u00e9 str\u00e1nky. Zjist\u011bte, jak snadn\u00e9 a pohodln\u00e9 je za\u010d\u00edt s\u00e1zet p\u0159\u00edmo v messengeru!","robots":{"index":"index","follow":"follow","max-snippet":"max-snippet:-1","max-image-preview":"max-image-preview:large","max-video-preview":"max-video-preview:-1"},"og_locale":"cs_CZ","og_type":"article","og_title":"S\u00e1zejte p\u0159es Telegram 888Starz \u1409 S\u00e1zejte pohodln\u011b a rychle!","og_description":"S\u00e1zen\u00ed na 888Starz je nyn\u00ed je\u0161t\u011b jednodu\u0161\u0161\u00ed! Pou\u017eijte Telegram a s\u00e1zejte, ani\u017e byste museli nav\u0161t\u011bvovat webov\u00e9 str\u00e1nky. Zjist\u011bte, jak snadn\u00e9 a pohodln\u00e9 je za\u010d\u00edt s\u00e1zet p\u0159\u00edmo v messengeru!","og_url":"https:\/\/888starz.futbol\/cs\/bet-via-telegram\/","og_site_name":"888starz Futbol CS","article_modified_time":"2025-08-08T10:58:13+00:00","twitter_card":"summary_large_image","schema":{"@context":"https:\/\/schema.org","@graph":[{"@type":"WebPage","@id":"https:\/\/888starz.futbol\/cs\/bet-via-telegram\/","url":"https:\/\/888starz.futbol\/cs\/bet-via-telegram\/","name":"S\u00e1zejte p\u0159es Telegram 888Starz \u1409 S\u00e1zejte pohodln\u011b a rychle!","isPartOf":{"@id":"https:\/\/888starz.futbol\/cs\/#website"},"datePublished":"2025-06-22T15:13:08+00:00","dateModified":"2025-08-08T10:58:13+00:00","description":"S\u00e1zen\u00ed na 888Starz je nyn\u00ed je\u0161t\u011b jednodu\u0161\u0161\u00ed! Pou\u017eijte Telegram a s\u00e1zejte, ani\u017e byste museli nav\u0161t\u011bvovat webov\u00e9 str\u00e1nky. Zjist\u011bte, jak snadn\u00e9 a pohodln\u00e9 je za\u010d\u00edt s\u00e1zet p\u0159\u00edmo v messengeru!","breadcrumb":{"@id":"https:\/\/888starz.futbol\/cs\/bet-via-telegram\/#breadcrumb"},"inLanguage":"cs","potentialAction":[{"@type":"ReadAction","target":["https:\/\/888starz.futbol\/cs\/bet-via-telegram\/"]}]},{"@type":"BreadcrumbList","@id":"https:\/\/888starz.futbol\/cs\/bet-via-telegram\/#breadcrumb","itemListElement":[{"@type":"ListItem","position":1,"name":"Home","item":"https:\/\/888starz.futbol\/cs\/"},{"@type":"ListItem","position":2,"name":"Platba p\u0159es Telegram"}]},{"@type":"WebSite","@id":"https:\/\/888starz.futbol\/cs\/#website","url":"https:\/\/888starz.futbol\/cs\/","name":"888starz Futbol CS","description":"My WordPress Blog","potentialAction":[{"@type":"SearchAction","target":{"@type":"EntryPoint","urlTemplate":"https:\/\/888starz.futbol\/cs\/?s={search_term_string}"},"query-input":{"@type":"PropertyValueSpecification","valueRequired":true,"valueName":"search_term_string"}}],"inLanguage":"cs"}]}},"_links":{"self":[{"href":"https:\/\/888starz.futbol\/cs\/wp-json\/wp\/v2\/pages\/415","targetHints":{"allow":["GET"]}}],"collection":[{"href":"https:\/\/888starz.futbol\/cs\/wp-json\/wp\/v2\/pages"}],"about":[{"href":"https:\/\/888starz.futbol\/cs\/wp-json\/wp\/v2\/types\/page"}],"author":[{"embeddable":true,"href":"https:\/\/888starz.futbol\/cs\/wp-json\/wp\/v2\/users\/1"}],"replies":[{"embeddable":true,"href":"https:\/\/888starz.futbol\/cs\/wp-json\/wp\/v2\/comments?post=415"}],"version-history":[{"count":6,"href":"https:\/\/888starz.futbol\/cs\/wp-json\/wp\/v2\/pages\/415\/revisions"}],"predecessor-version":[{"id":455,"href":"https:\/\/888starz.futbol\/cs\/wp-json\/wp\/v2\/pages\/415\/revisions\/455"}],"wp:attachment":[{"href":"https:\/\/888starz.futbol\/cs\/wp-json\/wp\/v2\/media?parent=415"}],"curies":[{"name":"wp","href":"https:\/\/api.w.org\/{rel}","templated":true}]}}