{"id":273,"date":"2025-07-12T04:12:06","date_gmt":"2025-07-12T04:12:06","guid":{"rendered":"https:\/\/888starz.futbol\/hu\/?page_id=273"},"modified":"2025-08-26T18:25:30","modified_gmt":"2025-08-26T18:25:30","slug":"mirror","status":"publish","type":"page","link":"https:\/\/888starz.futbol\/hu\/mirror\/","title":{"rendered":"T\u00fck\u00f6r"},"content":{"rendered":"","protected":false},"excerpt":{"rendered":"","protected":false},"author":1,"featured_media":0,"parent":0,"menu_order":0,"comment_status":"closed","ping_status":"closed","template":"","meta":{"footnotes":""},"class_list":["post-273","page","type-page","status-publish","hentry"],"yoast_head":"<!-- This site is optimized with the Yoast SEO plugin v27.4 - https:\/\/yoast.com\/product\/yoast-seo-wordpress\/ -->\n<title>888Starz T\u00fck\u00f6r| Alternat\u00edv bejelentkez\u00e9s a hivatalos weboldalra<\/title>\n<meta name=\"description\" content=\"Mindig naprak\u00e9sz \u00e9s m\u0171k\u00f6d\u0151k\u00e9pes 888starz t\u00fck\u00f6r, hogy bejelentkezhessen a hivatalos weboldalra \u00e9s regisztr\u00e1lhasson \u26a1 L\u00e9pjen be a 888starz weboldalra \u00e9s tegyen online fogad\u00e1sokat\" \/>\n<meta name=\"robots\" content=\"index, follow, max-snippet:-1, max-image-preview:large, max-video-preview:-1\" \/>\n<meta property=\"og:locale\" content=\"hu_HU\" \/>\n<meta property=\"og:type\" content=\"article\" \/>\n<meta property=\"og:title\" content=\"888Starz T\u00fck\u00f6r| Alternat\u00edv bejelentkez\u00e9s a hivatalos weboldalra\" \/>\n<meta property=\"og:description\" content=\"Mindig naprak\u00e9sz \u00e9s m\u0171k\u00f6d\u0151k\u00e9pes 888starz t\u00fck\u00f6r, hogy bejelentkezhessen a hivatalos weboldalra \u00e9s regisztr\u00e1lhasson \u26a1 L\u00e9pjen be a 888starz weboldalra \u00e9s tegyen online fogad\u00e1sokat\" \/>\n<meta property=\"og:url\" content=\"https:\/\/888starz.futbol\/hu\/mirror\/\" \/>\n<meta property=\"og:site_name\" content=\"888Starz Futbol HU\" \/>\n<meta property=\"article:modified_time\" content=\"2025-08-26T18:25:30+00:00\" \/>\n<meta name=\"twitter:card\" content=\"summary_large_image\" \/>\n<script type=\"application\/ld+json\" class=\"yoast-schema-graph\">{\"@context\":\"https:\\\/\\\/schema.org\",\"@graph\":[{\"@type\":\"WebPage\",\"@id\":\"https:\\\/\\\/888starz.futbol\\\/hu\\\/mirror\\\/\",\"url\":\"https:\\\/\\\/888starz.futbol\\\/hu\\\/mirror\\\/\",\"name\":\"888Starz T\u00fck\u00f6r| Alternat\u00edv bejelentkez\u00e9s a hivatalos weboldalra\",\"isPartOf\":{\"@id\":\"https:\\\/\\\/888starz.futbol\\\/hu\\\/#website\"},\"datePublished\":\"2025-07-12T04:12:06+00:00\",\"dateModified\":\"2025-08-26T18:25:30+00:00\",\"description\":\"Mindig naprak\u00e9sz \u00e9s m\u0171k\u00f6d\u0151k\u00e9pes 888starz t\u00fck\u00f6r, hogy bejelentkezhessen a hivatalos weboldalra \u00e9s regisztr\u00e1lhasson \u26a1 L\u00e9pjen be a 888starz weboldalra \u00e9s tegyen online fogad\u00e1sokat\",\"breadcrumb\":{\"@id\":\"https:\\\/\\\/888starz.futbol\\\/hu\\\/mirror\\\/#breadcrumb\"},\"inLanguage\":\"hu\",\"potentialAction\":[{\"@type\":\"ReadAction\",\"target\":[\"https:\\\/\\\/888starz.futbol\\\/hu\\\/mirror\\\/\"]}]},{\"@type\":\"BreadcrumbList\",\"@id\":\"https:\\\/\\\/888starz.futbol\\\/hu\\\/mirror\\\/#breadcrumb\",\"itemListElement\":[{\"@type\":\"ListItem\",\"position\":1,\"name\":\"Home\",\"item\":\"https:\\\/\\\/888starz.futbol\\\/hu\\\/\"},{\"@type\":\"ListItem\",\"position\":2,\"name\":\"T\u00fck\u00f6r\"}]},{\"@type\":\"WebSite\",\"@id\":\"https:\\\/\\\/888starz.futbol\\\/hu\\\/#website\",\"url\":\"https:\\\/\\\/888starz.futbol\\\/hu\\\/\",\"name\":\"888Starz Futbol HU\",\"description\":\"My WordPress Blog\",\"potentialAction\":[{\"@type\":\"SearchAction\",\"target\":{\"@type\":\"EntryPoint\",\"urlTemplate\":\"https:\\\/\\\/888starz.futbol\\\/hu\\\/?s={search_term_string}\"},\"query-input\":{\"@type\":\"PropertyValueSpecification\",\"valueRequired\":true,\"valueName\":\"search_term_string\"}}],\"inLanguage\":\"hu\"}]}<\/script>\n<!-- \/ Yoast SEO plugin. -->","yoast_head_json":{"title":"888Starz T\u00fck\u00f6r| Alternat\u00edv bejelentkez\u00e9s a hivatalos weboldalra","description":"Mindig naprak\u00e9sz \u00e9s m\u0171k\u00f6d\u0151k\u00e9pes 888starz t\u00fck\u00f6r, hogy bejelentkezhessen a hivatalos weboldalra \u00e9s regisztr\u00e1lhasson \u26a1 L\u00e9pjen be a 888starz weboldalra \u00e9s tegyen online fogad\u00e1sokat","robots":{"index":"index","follow":"follow","max-snippet":"max-snippet:-1","max-image-preview":"max-image-preview:large","max-video-preview":"max-video-preview:-1"},"og_locale":"hu_HU","og_type":"article","og_title":"888Starz T\u00fck\u00f6r| Alternat\u00edv bejelentkez\u00e9s a hivatalos weboldalra","og_description":"Mindig naprak\u00e9sz \u00e9s m\u0171k\u00f6d\u0151k\u00e9pes 888starz t\u00fck\u00f6r, hogy bejelentkezhessen a hivatalos weboldalra \u00e9s regisztr\u00e1lhasson \u26a1 L\u00e9pjen be a 888starz weboldalra \u00e9s tegyen online fogad\u00e1sokat","og_url":"https:\/\/888starz.futbol\/hu\/mirror\/","og_site_name":"888Starz Futbol HU","article_modified_time":"2025-08-26T18:25:30+00:00","twitter_card":"summary_large_image","schema":{"@context":"https:\/\/schema.org","@graph":[{"@type":"WebPage","@id":"https:\/\/888starz.futbol\/hu\/mirror\/","url":"https:\/\/888starz.futbol\/hu\/mirror\/","name":"888Starz T\u00fck\u00f6r| Alternat\u00edv bejelentkez\u00e9s a hivatalos weboldalra","isPartOf":{"@id":"https:\/\/888starz.futbol\/hu\/#website"},"datePublished":"2025-07-12T04:12:06+00:00","dateModified":"2025-08-26T18:25:30+00:00","description":"Mindig naprak\u00e9sz \u00e9s m\u0171k\u00f6d\u0151k\u00e9pes 888starz t\u00fck\u00f6r, hogy bejelentkezhessen a hivatalos weboldalra \u00e9s regisztr\u00e1lhasson \u26a1 L\u00e9pjen be a 888starz weboldalra \u00e9s tegyen online fogad\u00e1sokat","breadcrumb":{"@id":"https:\/\/888starz.futbol\/hu\/mirror\/#breadcrumb"},"inLanguage":"hu","potentialAction":[{"@type":"ReadAction","target":["https:\/\/888starz.futbol\/hu\/mirror\/"]}]},{"@type":"BreadcrumbList","@id":"https:\/\/888starz.futbol\/hu\/mirror\/#breadcrumb","itemListElement":[{"@type":"ListItem","position":1,"name":"Home","item":"https:\/\/888starz.futbol\/hu\/"},{"@type":"ListItem","position":2,"name":"T\u00fck\u00f6r"}]},{"@type":"WebSite","@id":"https:\/\/888starz.futbol\/hu\/#website","url":"https:\/\/888starz.futbol\/hu\/","name":"888Starz Futbol HU","description":"My WordPress Blog","potentialAction":[{"@type":"SearchAction","target":{"@type":"EntryPoint","urlTemplate":"https:\/\/888starz.futbol\/hu\/?s={search_term_string}"},"query-input":{"@type":"PropertyValueSpecification","valueRequired":true,"valueName":"search_term_string"}}],"inLanguage":"hu"}]}},"_links":{"self":[{"href":"https:\/\/888starz.futbol\/hu\/wp-json\/wp\/v2\/pages\/273","targetHints":{"allow":["GET"]}}],"collection":[{"href":"https:\/\/888starz.futbol\/hu\/wp-json\/wp\/v2\/pages"}],"about":[{"href":"https:\/\/888starz.futbol\/hu\/wp-json\/wp\/v2\/types\/page"}],"author":[{"embeddable":true,"href":"https:\/\/888starz.futbol\/hu\/wp-json\/wp\/v2\/users\/1"}],"replies":[{"embeddable":true,"href":"https:\/\/888starz.futbol\/hu\/wp-json\/wp\/v2\/comments?post=273"}],"version-history":[{"count":8,"href":"https:\/\/888starz.futbol\/hu\/wp-json\/wp\/v2\/pages\/273\/revisions"}],"predecessor-version":[{"id":484,"href":"https:\/\/888starz.futbol\/hu\/wp-json\/wp\/v2\/pages\/273\/revisions\/484"}],"wp:attachment":[{"href":"https:\/\/888starz.futbol\/hu\/wp-json\/wp\/v2\/media?parent=273"}],"curies":[{"name":"wp","href":"https:\/\/api.w.org\/{rel}","templated":true}]}}