{"id":283,"date":"2025-07-12T18:04:24","date_gmt":"2025-07-12T18:04:24","guid":{"rendered":"https:\/\/888starz.futbol\/hu\/?page_id=283"},"modified":"2025-08-05T17:36:37","modified_gmt":"2025-08-05T17:36:37","slug":"deposit-and-withdrawal","status":"publish","type":"page","link":"https:\/\/888starz.futbol\/hu\/deposit-and-withdrawal\/","title":{"rendered":"Befizet\u00e9s \u00e9s visszavon\u00e1s"},"content":{"rendered":"","protected":false},"excerpt":{"rendered":"","protected":false},"author":1,"featured_media":0,"parent":0,"menu_order":0,"comment_status":"closed","ping_status":"closed","template":"","meta":{"footnotes":""},"class_list":["post-283","page","type-page","status-publish","hentry"],"yoast_head":"<!-- This site is optimized with the Yoast SEO plugin v27.4 - https:\/\/yoast.com\/product\/yoast-seo-wordpress\/ -->\n<title>888Starz Befizet\u00e9s \u00e9s nyerem\u00e9ny kifizet\u00e9s \u2714 Fizet\u00e9si m\u00f3dok<\/title>\n<meta name=\"description\" content=\"A nyerem\u00e9ny befizet\u00e9s\u00e9nek \u00e9s kifizet\u00e9s\u00e9nek m\u00f3djai az 888Starz oldalon \u2013 gyors \u00e9s biztons\u00e1gos a j\u00e1t\u00e9kosok sz\u00e1m\u00e1ra. A fizet\u00e9si m\u00f3dok \u00e1ttekint\u00e9se, fizet\u00e9si funkci\u00f3k, tippek a j\u00e1t\u00e9kosok sz\u00e1m\u00e1ra.\" \/>\n<meta name=\"robots\" content=\"index, follow, max-snippet:-1, max-image-preview:large, max-video-preview:-1\" \/>\n<meta property=\"og:locale\" content=\"hu_HU\" \/>\n<meta property=\"og:type\" content=\"article\" \/>\n<meta property=\"og:title\" content=\"888Starz Befizet\u00e9s \u00e9s nyerem\u00e9ny kifizet\u00e9s \u2714 Fizet\u00e9si m\u00f3dok\" \/>\n<meta property=\"og:description\" content=\"A nyerem\u00e9ny befizet\u00e9s\u00e9nek \u00e9s kifizet\u00e9s\u00e9nek m\u00f3djai az 888Starz oldalon \u2013 gyors \u00e9s biztons\u00e1gos a j\u00e1t\u00e9kosok sz\u00e1m\u00e1ra. A fizet\u00e9si m\u00f3dok \u00e1ttekint\u00e9se, fizet\u00e9si funkci\u00f3k, tippek a j\u00e1t\u00e9kosok sz\u00e1m\u00e1ra.\" \/>\n<meta property=\"og:url\" content=\"https:\/\/888starz.futbol\/hu\/deposit-and-withdrawal\/\" \/>\n<meta property=\"og:site_name\" content=\"888Starz Futbol HU\" \/>\n<meta property=\"article:modified_time\" content=\"2025-08-05T17:36:37+00:00\" \/>\n<meta name=\"twitter:card\" content=\"summary_large_image\" \/>\n<script type=\"application\/ld+json\" class=\"yoast-schema-graph\">{\"@context\":\"https:\\\/\\\/schema.org\",\"@graph\":[{\"@type\":\"WebPage\",\"@id\":\"https:\\\/\\\/888starz.futbol\\\/hu\\\/deposit-and-withdrawal\\\/\",\"url\":\"https:\\\/\\\/888starz.futbol\\\/hu\\\/deposit-and-withdrawal\\\/\",\"name\":\"888Starz Befizet\u00e9s \u00e9s nyerem\u00e9ny kifizet\u00e9s \u2714 Fizet\u00e9si m\u00f3dok\",\"isPartOf\":{\"@id\":\"https:\\\/\\\/888starz.futbol\\\/hu\\\/#website\"},\"datePublished\":\"2025-07-12T18:04:24+00:00\",\"dateModified\":\"2025-08-05T17:36:37+00:00\",\"description\":\"A nyerem\u00e9ny befizet\u00e9s\u00e9nek \u00e9s kifizet\u00e9s\u00e9nek m\u00f3djai az 888Starz oldalon \u2013 gyors \u00e9s biztons\u00e1gos a j\u00e1t\u00e9kosok sz\u00e1m\u00e1ra. A fizet\u00e9si m\u00f3dok \u00e1ttekint\u00e9se, fizet\u00e9si funkci\u00f3k, tippek a j\u00e1t\u00e9kosok sz\u00e1m\u00e1ra.\",\"breadcrumb\":{\"@id\":\"https:\\\/\\\/888starz.futbol\\\/hu\\\/deposit-and-withdrawal\\\/#breadcrumb\"},\"inLanguage\":\"hu\",\"potentialAction\":[{\"@type\":\"ReadAction\",\"target\":[\"https:\\\/\\\/888starz.futbol\\\/hu\\\/deposit-and-withdrawal\\\/\"]}]},{\"@type\":\"BreadcrumbList\",\"@id\":\"https:\\\/\\\/888starz.futbol\\\/hu\\\/deposit-and-withdrawal\\\/#breadcrumb\",\"itemListElement\":[{\"@type\":\"ListItem\",\"position\":1,\"name\":\"Home\",\"item\":\"https:\\\/\\\/888starz.futbol\\\/hu\\\/\"},{\"@type\":\"ListItem\",\"position\":2,\"name\":\"Befizet\u00e9s \u00e9s visszavon\u00e1s\"}]},{\"@type\":\"WebSite\",\"@id\":\"https:\\\/\\\/888starz.futbol\\\/hu\\\/#website\",\"url\":\"https:\\\/\\\/888starz.futbol\\\/hu\\\/\",\"name\":\"888Starz Futbol HU\",\"description\":\"My WordPress Blog\",\"potentialAction\":[{\"@type\":\"SearchAction\",\"target\":{\"@type\":\"EntryPoint\",\"urlTemplate\":\"https:\\\/\\\/888starz.futbol\\\/hu\\\/?s={search_term_string}\"},\"query-input\":{\"@type\":\"PropertyValueSpecification\",\"valueRequired\":true,\"valueName\":\"search_term_string\"}}],\"inLanguage\":\"hu\"}]}<\/script>\n<!-- \/ Yoast SEO plugin. -->","yoast_head_json":{"title":"888Starz Befizet\u00e9s \u00e9s nyerem\u00e9ny kifizet\u00e9s \u2714 Fizet\u00e9si m\u00f3dok","description":"A nyerem\u00e9ny befizet\u00e9s\u00e9nek \u00e9s kifizet\u00e9s\u00e9nek m\u00f3djai az 888Starz oldalon \u2013 gyors \u00e9s biztons\u00e1gos a j\u00e1t\u00e9kosok sz\u00e1m\u00e1ra. A fizet\u00e9si m\u00f3dok \u00e1ttekint\u00e9se, fizet\u00e9si funkci\u00f3k, tippek a j\u00e1t\u00e9kosok sz\u00e1m\u00e1ra.","robots":{"index":"index","follow":"follow","max-snippet":"max-snippet:-1","max-image-preview":"max-image-preview:large","max-video-preview":"max-video-preview:-1"},"og_locale":"hu_HU","og_type":"article","og_title":"888Starz Befizet\u00e9s \u00e9s nyerem\u00e9ny kifizet\u00e9s \u2714 Fizet\u00e9si m\u00f3dok","og_description":"A nyerem\u00e9ny befizet\u00e9s\u00e9nek \u00e9s kifizet\u00e9s\u00e9nek m\u00f3djai az 888Starz oldalon \u2013 gyors \u00e9s biztons\u00e1gos a j\u00e1t\u00e9kosok sz\u00e1m\u00e1ra. A fizet\u00e9si m\u00f3dok \u00e1ttekint\u00e9se, fizet\u00e9si funkci\u00f3k, tippek a j\u00e1t\u00e9kosok sz\u00e1m\u00e1ra.","og_url":"https:\/\/888starz.futbol\/hu\/deposit-and-withdrawal\/","og_site_name":"888Starz Futbol HU","article_modified_time":"2025-08-05T17:36:37+00:00","twitter_card":"summary_large_image","schema":{"@context":"https:\/\/schema.org","@graph":[{"@type":"WebPage","@id":"https:\/\/888starz.futbol\/hu\/deposit-and-withdrawal\/","url":"https:\/\/888starz.futbol\/hu\/deposit-and-withdrawal\/","name":"888Starz Befizet\u00e9s \u00e9s nyerem\u00e9ny kifizet\u00e9s \u2714 Fizet\u00e9si m\u00f3dok","isPartOf":{"@id":"https:\/\/888starz.futbol\/hu\/#website"},"datePublished":"2025-07-12T18:04:24+00:00","dateModified":"2025-08-05T17:36:37+00:00","description":"A nyerem\u00e9ny befizet\u00e9s\u00e9nek \u00e9s kifizet\u00e9s\u00e9nek m\u00f3djai az 888Starz oldalon \u2013 gyors \u00e9s biztons\u00e1gos a j\u00e1t\u00e9kosok sz\u00e1m\u00e1ra. A fizet\u00e9si m\u00f3dok \u00e1ttekint\u00e9se, fizet\u00e9si funkci\u00f3k, tippek a j\u00e1t\u00e9kosok sz\u00e1m\u00e1ra.","breadcrumb":{"@id":"https:\/\/888starz.futbol\/hu\/deposit-and-withdrawal\/#breadcrumb"},"inLanguage":"hu","potentialAction":[{"@type":"ReadAction","target":["https:\/\/888starz.futbol\/hu\/deposit-and-withdrawal\/"]}]},{"@type":"BreadcrumbList","@id":"https:\/\/888starz.futbol\/hu\/deposit-and-withdrawal\/#breadcrumb","itemListElement":[{"@type":"ListItem","position":1,"name":"Home","item":"https:\/\/888starz.futbol\/hu\/"},{"@type":"ListItem","position":2,"name":"Befizet\u00e9s \u00e9s visszavon\u00e1s"}]},{"@type":"WebSite","@id":"https:\/\/888starz.futbol\/hu\/#website","url":"https:\/\/888starz.futbol\/hu\/","name":"888Starz Futbol HU","description":"My WordPress Blog","potentialAction":[{"@type":"SearchAction","target":{"@type":"EntryPoint","urlTemplate":"https:\/\/888starz.futbol\/hu\/?s={search_term_string}"},"query-input":{"@type":"PropertyValueSpecification","valueRequired":true,"valueName":"search_term_string"}}],"inLanguage":"hu"}]}},"_links":{"self":[{"href":"https:\/\/888starz.futbol\/hu\/wp-json\/wp\/v2\/pages\/283","targetHints":{"allow":["GET"]}}],"collection":[{"href":"https:\/\/888starz.futbol\/hu\/wp-json\/wp\/v2\/pages"}],"about":[{"href":"https:\/\/888starz.futbol\/hu\/wp-json\/wp\/v2\/types\/page"}],"author":[{"embeddable":true,"href":"https:\/\/888starz.futbol\/hu\/wp-json\/wp\/v2\/users\/1"}],"replies":[{"embeddable":true,"href":"https:\/\/888starz.futbol\/hu\/wp-json\/wp\/v2\/comments?post=283"}],"version-history":[{"count":6,"href":"https:\/\/888starz.futbol\/hu\/wp-json\/wp\/v2\/pages\/283\/revisions"}],"predecessor-version":[{"id":457,"href":"https:\/\/888starz.futbol\/hu\/wp-json\/wp\/v2\/pages\/283\/revisions\/457"}],"wp:attachment":[{"href":"https:\/\/888starz.futbol\/hu\/wp-json\/wp\/v2\/media?parent=283"}],"curies":[{"name":"wp","href":"https:\/\/api.w.org\/{rel}","templated":true}]}}