{"id":302,"date":"2025-07-14T05:48:52","date_gmt":"2025-07-14T05:48:52","guid":{"rendered":"https:\/\/888starz.futbol\/hu\/?page_id=302"},"modified":"2025-11-18T05:44:54","modified_gmt":"2025-11-18T05:44:54","slug":"sports-betting","status":"publish","type":"page","link":"https:\/\/888starz.futbol\/hu\/sports-betting\/","title":{"rendered":"Sportfogad\u00e1s"},"content":{"rendered":"","protected":false},"excerpt":{"rendered":"","protected":false},"author":1,"featured_media":0,"parent":0,"menu_order":0,"comment_status":"closed","ping_status":"closed","template":"","meta":{"footnotes":""},"class_list":["post-302","page","type-page","status-publish","hentry"],"yoast_head":"<!-- This site is optimized with the Yoast SEO plugin v27.4 - https:\/\/yoast.com\/product\/yoast-seo-wordpress\/ -->\n<title>888Starz Sportfogad\u00e1s \u25b6\ufe0f Sz\u00e9les k\u00f6r\u0171 sportfogad\u00e1si lehet\u0151s\u00e9gek<\/title>\n<meta name=\"description\" content=\"888Starz online sportfogad\u00e1s: hatalmas esem\u00e9nyv\u00e1laszt\u00e9k, \u00e9l\u00e9nk \u00e9rzelmek \u00e9s nyer\u00e9si es\u00e9lyek v\u00e1rnak r\u00e1d! Tedd meg fogad\u00e1sodat!\" \/>\n<meta name=\"robots\" content=\"index, follow, max-snippet:-1, max-image-preview:large, max-video-preview:-1\" \/>\n<meta property=\"og:locale\" content=\"hu_HU\" \/>\n<meta property=\"og:type\" content=\"article\" \/>\n<meta property=\"og:title\" content=\"888Starz Sportfogad\u00e1s \u25b6\ufe0f Sz\u00e9les k\u00f6r\u0171 sportfogad\u00e1si lehet\u0151s\u00e9gek\" \/>\n<meta property=\"og:description\" content=\"888Starz online sportfogad\u00e1s: hatalmas esem\u00e9nyv\u00e1laszt\u00e9k, \u00e9l\u00e9nk \u00e9rzelmek \u00e9s nyer\u00e9si es\u00e9lyek v\u00e1rnak r\u00e1d! Tedd meg fogad\u00e1sodat!\" \/>\n<meta property=\"og:url\" content=\"https:\/\/888starz.futbol\/hu\/sports-betting\/\" \/>\n<meta property=\"og:site_name\" content=\"888Starz Futbol HU\" \/>\n<meta property=\"article:modified_time\" content=\"2025-11-18T05:44:54+00:00\" \/>\n<meta name=\"twitter:card\" content=\"summary_large_image\" \/>\n<script type=\"application\/ld+json\" class=\"yoast-schema-graph\">{\"@context\":\"https:\\\/\\\/schema.org\",\"@graph\":[{\"@type\":\"WebPage\",\"@id\":\"https:\\\/\\\/888starz.futbol\\\/hu\\\/sports-betting\\\/\",\"url\":\"https:\\\/\\\/888starz.futbol\\\/hu\\\/sports-betting\\\/\",\"name\":\"888Starz Sportfogad\u00e1s \u25b6\ufe0f Sz\u00e9les k\u00f6r\u0171 sportfogad\u00e1si lehet\u0151s\u00e9gek\",\"isPartOf\":{\"@id\":\"https:\\\/\\\/888starz.futbol\\\/hu\\\/#website\"},\"datePublished\":\"2025-07-14T05:48:52+00:00\",\"dateModified\":\"2025-11-18T05:44:54+00:00\",\"description\":\"888Starz online sportfogad\u00e1s: hatalmas esem\u00e9nyv\u00e1laszt\u00e9k, \u00e9l\u00e9nk \u00e9rzelmek \u00e9s nyer\u00e9si es\u00e9lyek v\u00e1rnak r\u00e1d! Tedd meg fogad\u00e1sodat!\",\"breadcrumb\":{\"@id\":\"https:\\\/\\\/888starz.futbol\\\/hu\\\/sports-betting\\\/#breadcrumb\"},\"inLanguage\":\"hu\",\"potentialAction\":[{\"@type\":\"ReadAction\",\"target\":[\"https:\\\/\\\/888starz.futbol\\\/hu\\\/sports-betting\\\/\"]}]},{\"@type\":\"BreadcrumbList\",\"@id\":\"https:\\\/\\\/888starz.futbol\\\/hu\\\/sports-betting\\\/#breadcrumb\",\"itemListElement\":[{\"@type\":\"ListItem\",\"position\":1,\"name\":\"Home\",\"item\":\"https:\\\/\\\/888starz.futbol\\\/hu\\\/\"},{\"@type\":\"ListItem\",\"position\":2,\"name\":\"Sportfogad\u00e1s\"}]},{\"@type\":\"WebSite\",\"@id\":\"https:\\\/\\\/888starz.futbol\\\/hu\\\/#website\",\"url\":\"https:\\\/\\\/888starz.futbol\\\/hu\\\/\",\"name\":\"888Starz Futbol HU\",\"description\":\"My WordPress Blog\",\"potentialAction\":[{\"@type\":\"SearchAction\",\"target\":{\"@type\":\"EntryPoint\",\"urlTemplate\":\"https:\\\/\\\/888starz.futbol\\\/hu\\\/?s={search_term_string}\"},\"query-input\":{\"@type\":\"PropertyValueSpecification\",\"valueRequired\":true,\"valueName\":\"search_term_string\"}}],\"inLanguage\":\"hu\"}]}<\/script>\n<!-- \/ Yoast SEO plugin. -->","yoast_head_json":{"title":"888Starz Sportfogad\u00e1s \u25b6\ufe0f Sz\u00e9les k\u00f6r\u0171 sportfogad\u00e1si lehet\u0151s\u00e9gek","description":"888Starz online sportfogad\u00e1s: hatalmas esem\u00e9nyv\u00e1laszt\u00e9k, \u00e9l\u00e9nk \u00e9rzelmek \u00e9s nyer\u00e9si es\u00e9lyek v\u00e1rnak r\u00e1d! Tedd meg fogad\u00e1sodat!","robots":{"index":"index","follow":"follow","max-snippet":"max-snippet:-1","max-image-preview":"max-image-preview:large","max-video-preview":"max-video-preview:-1"},"og_locale":"hu_HU","og_type":"article","og_title":"888Starz Sportfogad\u00e1s \u25b6\ufe0f Sz\u00e9les k\u00f6r\u0171 sportfogad\u00e1si lehet\u0151s\u00e9gek","og_description":"888Starz online sportfogad\u00e1s: hatalmas esem\u00e9nyv\u00e1laszt\u00e9k, \u00e9l\u00e9nk \u00e9rzelmek \u00e9s nyer\u00e9si es\u00e9lyek v\u00e1rnak r\u00e1d! Tedd meg fogad\u00e1sodat!","og_url":"https:\/\/888starz.futbol\/hu\/sports-betting\/","og_site_name":"888Starz Futbol HU","article_modified_time":"2025-11-18T05:44:54+00:00","twitter_card":"summary_large_image","schema":{"@context":"https:\/\/schema.org","@graph":[{"@type":"WebPage","@id":"https:\/\/888starz.futbol\/hu\/sports-betting\/","url":"https:\/\/888starz.futbol\/hu\/sports-betting\/","name":"888Starz Sportfogad\u00e1s \u25b6\ufe0f Sz\u00e9les k\u00f6r\u0171 sportfogad\u00e1si lehet\u0151s\u00e9gek","isPartOf":{"@id":"https:\/\/888starz.futbol\/hu\/#website"},"datePublished":"2025-07-14T05:48:52+00:00","dateModified":"2025-11-18T05:44:54+00:00","description":"888Starz online sportfogad\u00e1s: hatalmas esem\u00e9nyv\u00e1laszt\u00e9k, \u00e9l\u00e9nk \u00e9rzelmek \u00e9s nyer\u00e9si es\u00e9lyek v\u00e1rnak r\u00e1d! Tedd meg fogad\u00e1sodat!","breadcrumb":{"@id":"https:\/\/888starz.futbol\/hu\/sports-betting\/#breadcrumb"},"inLanguage":"hu","potentialAction":[{"@type":"ReadAction","target":["https:\/\/888starz.futbol\/hu\/sports-betting\/"]}]},{"@type":"BreadcrumbList","@id":"https:\/\/888starz.futbol\/hu\/sports-betting\/#breadcrumb","itemListElement":[{"@type":"ListItem","position":1,"name":"Home","item":"https:\/\/888starz.futbol\/hu\/"},{"@type":"ListItem","position":2,"name":"Sportfogad\u00e1s"}]},{"@type":"WebSite","@id":"https:\/\/888starz.futbol\/hu\/#website","url":"https:\/\/888starz.futbol\/hu\/","name":"888Starz Futbol HU","description":"My WordPress Blog","potentialAction":[{"@type":"SearchAction","target":{"@type":"EntryPoint","urlTemplate":"https:\/\/888starz.futbol\/hu\/?s={search_term_string}"},"query-input":{"@type":"PropertyValueSpecification","valueRequired":true,"valueName":"search_term_string"}}],"inLanguage":"hu"}]}},"_links":{"self":[{"href":"https:\/\/888starz.futbol\/hu\/wp-json\/wp\/v2\/pages\/302","targetHints":{"allow":["GET"]}}],"collection":[{"href":"https:\/\/888starz.futbol\/hu\/wp-json\/wp\/v2\/pages"}],"about":[{"href":"https:\/\/888starz.futbol\/hu\/wp-json\/wp\/v2\/types\/page"}],"author":[{"embeddable":true,"href":"https:\/\/888starz.futbol\/hu\/wp-json\/wp\/v2\/users\/1"}],"replies":[{"embeddable":true,"href":"https:\/\/888starz.futbol\/hu\/wp-json\/wp\/v2\/comments?post=302"}],"version-history":[{"count":8,"href":"https:\/\/888starz.futbol\/hu\/wp-json\/wp\/v2\/pages\/302\/revisions"}],"predecessor-version":[{"id":489,"href":"https:\/\/888starz.futbol\/hu\/wp-json\/wp\/v2\/pages\/302\/revisions\/489"}],"wp:attachment":[{"href":"https:\/\/888starz.futbol\/hu\/wp-json\/wp\/v2\/media?parent=302"}],"curies":[{"name":"wp","href":"https:\/\/api.w.org\/{rel}","templated":true}]}}