{"id":315,"date":"2025-07-15T04:46:15","date_gmt":"2025-07-15T04:46:15","guid":{"rendered":"https:\/\/888starz.futbol\/hu\/?page_id=315"},"modified":"2025-08-26T18:17:15","modified_gmt":"2025-08-26T18:17:15","slug":"gambling","status":"publish","type":"page","link":"https:\/\/888starz.futbol\/hu\/gambling\/","title":{"rendered":"Szerencsej\u00e1t\u00e9k"},"content":{"rendered":"","protected":false},"excerpt":{"rendered":"","protected":false},"author":1,"featured_media":0,"parent":0,"menu_order":0,"comment_status":"closed","ping_status":"closed","template":"","meta":{"footnotes":""},"class_list":["post-315","page","type-page","status-publish","hentry"],"yoast_head":"<!-- This site is optimized with the Yoast SEO plugin v26.3 - https:\/\/yoast.com\/wordpress\/plugins\/seo\/ -->\n<title>888Starz: Fedezze fel a legjobb szerencsej\u00e1t\u00e9kokat<\/title>\n<meta name=\"description\" content=\"888Starz \u2013 hatalmas v\u00e1laszt\u00e9k szerencsej\u00e1t\u00e9kokb\u00f3l 2025-ben, gyors \u00e9s tisztess\u00e9ges nyerem\u00e9nyekkel. Csatlakozzon most a legjobb kaszin\u00f3hoz!\" \/>\n<meta name=\"robots\" content=\"index, follow, max-snippet:-1, max-image-preview:large, max-video-preview:-1\" \/>\n<meta property=\"og:locale\" content=\"hu_HU\" \/>\n<meta property=\"og:type\" content=\"article\" \/>\n<meta property=\"og:title\" content=\"888Starz: Fedezze fel a legjobb szerencsej\u00e1t\u00e9kokat\" \/>\n<meta property=\"og:description\" content=\"888Starz \u2013 hatalmas v\u00e1laszt\u00e9k szerencsej\u00e1t\u00e9kokb\u00f3l 2025-ben, gyors \u00e9s tisztess\u00e9ges nyerem\u00e9nyekkel. Csatlakozzon most a legjobb kaszin\u00f3hoz!\" \/>\n<meta property=\"og:url\" content=\"https:\/\/888starz.futbol\/hu\/gambling\/\" \/>\n<meta property=\"og:site_name\" content=\"888Starz Futbol HU\" \/>\n<meta property=\"article:modified_time\" content=\"2025-08-26T18:17:15+00:00\" \/>\n<meta name=\"twitter:card\" content=\"summary_large_image\" \/>\n<script type=\"application\/ld+json\" class=\"yoast-schema-graph\">{\"@context\":\"https:\/\/schema.org\",\"@graph\":[{\"@type\":\"WebPage\",\"@id\":\"https:\/\/888starz.futbol\/hu\/gambling\/\",\"url\":\"https:\/\/888starz.futbol\/hu\/gambling\/\",\"name\":\"888Starz: Fedezze fel a legjobb szerencsej\u00e1t\u00e9kokat\",\"isPartOf\":{\"@id\":\"https:\/\/888starz.futbol\/hu\/#website\"},\"datePublished\":\"2025-07-15T04:46:15+00:00\",\"dateModified\":\"2025-08-26T18:17:15+00:00\",\"description\":\"888Starz \u2013 hatalmas v\u00e1laszt\u00e9k szerencsej\u00e1t\u00e9kokb\u00f3l 2025-ben, gyors \u00e9s tisztess\u00e9ges nyerem\u00e9nyekkel. Csatlakozzon most a legjobb kaszin\u00f3hoz!\",\"breadcrumb\":{\"@id\":\"https:\/\/888starz.futbol\/hu\/gambling\/#breadcrumb\"},\"inLanguage\":\"hu\",\"potentialAction\":[{\"@type\":\"ReadAction\",\"target\":[\"https:\/\/888starz.futbol\/hu\/gambling\/\"]}]},{\"@type\":\"BreadcrumbList\",\"@id\":\"https:\/\/888starz.futbol\/hu\/gambling\/#breadcrumb\",\"itemListElement\":[{\"@type\":\"ListItem\",\"position\":1,\"name\":\"Home\",\"item\":\"https:\/\/888starz.futbol\/hu\/\"},{\"@type\":\"ListItem\",\"position\":2,\"name\":\"Szerencsej\u00e1t\u00e9k\"}]},{\"@type\":\"WebSite\",\"@id\":\"https:\/\/888starz.futbol\/hu\/#website\",\"url\":\"https:\/\/888starz.futbol\/hu\/\",\"name\":\"888Starz Futbol HU\",\"description\":\"My WordPress Blog\",\"potentialAction\":[{\"@type\":\"SearchAction\",\"target\":{\"@type\":\"EntryPoint\",\"urlTemplate\":\"https:\/\/888starz.futbol\/hu\/?s={search_term_string}\"},\"query-input\":{\"@type\":\"PropertyValueSpecification\",\"valueRequired\":true,\"valueName\":\"search_term_string\"}}],\"inLanguage\":\"hu\"}]}<\/script>\n<!-- \/ Yoast SEO plugin. -->","yoast_head_json":{"title":"888Starz: Fedezze fel a legjobb szerencsej\u00e1t\u00e9kokat","description":"888Starz \u2013 hatalmas v\u00e1laszt\u00e9k szerencsej\u00e1t\u00e9kokb\u00f3l 2025-ben, gyors \u00e9s tisztess\u00e9ges nyerem\u00e9nyekkel. Csatlakozzon most a legjobb kaszin\u00f3hoz!","robots":{"index":"index","follow":"follow","max-snippet":"max-snippet:-1","max-image-preview":"max-image-preview:large","max-video-preview":"max-video-preview:-1"},"og_locale":"hu_HU","og_type":"article","og_title":"888Starz: Fedezze fel a legjobb szerencsej\u00e1t\u00e9kokat","og_description":"888Starz \u2013 hatalmas v\u00e1laszt\u00e9k szerencsej\u00e1t\u00e9kokb\u00f3l 2025-ben, gyors \u00e9s tisztess\u00e9ges nyerem\u00e9nyekkel. Csatlakozzon most a legjobb kaszin\u00f3hoz!","og_url":"https:\/\/888starz.futbol\/hu\/gambling\/","og_site_name":"888Starz Futbol HU","article_modified_time":"2025-08-26T18:17:15+00:00","twitter_card":"summary_large_image","schema":{"@context":"https:\/\/schema.org","@graph":[{"@type":"WebPage","@id":"https:\/\/888starz.futbol\/hu\/gambling\/","url":"https:\/\/888starz.futbol\/hu\/gambling\/","name":"888Starz: Fedezze fel a legjobb szerencsej\u00e1t\u00e9kokat","isPartOf":{"@id":"https:\/\/888starz.futbol\/hu\/#website"},"datePublished":"2025-07-15T04:46:15+00:00","dateModified":"2025-08-26T18:17:15+00:00","description":"888Starz \u2013 hatalmas v\u00e1laszt\u00e9k szerencsej\u00e1t\u00e9kokb\u00f3l 2025-ben, gyors \u00e9s tisztess\u00e9ges nyerem\u00e9nyekkel. Csatlakozzon most a legjobb kaszin\u00f3hoz!","breadcrumb":{"@id":"https:\/\/888starz.futbol\/hu\/gambling\/#breadcrumb"},"inLanguage":"hu","potentialAction":[{"@type":"ReadAction","target":["https:\/\/888starz.futbol\/hu\/gambling\/"]}]},{"@type":"BreadcrumbList","@id":"https:\/\/888starz.futbol\/hu\/gambling\/#breadcrumb","itemListElement":[{"@type":"ListItem","position":1,"name":"Home","item":"https:\/\/888starz.futbol\/hu\/"},{"@type":"ListItem","position":2,"name":"Szerencsej\u00e1t\u00e9k"}]},{"@type":"WebSite","@id":"https:\/\/888starz.futbol\/hu\/#website","url":"https:\/\/888starz.futbol\/hu\/","name":"888Starz Futbol HU","description":"My WordPress Blog","potentialAction":[{"@type":"SearchAction","target":{"@type":"EntryPoint","urlTemplate":"https:\/\/888starz.futbol\/hu\/?s={search_term_string}"},"query-input":{"@type":"PropertyValueSpecification","valueRequired":true,"valueName":"search_term_string"}}],"inLanguage":"hu"}]}},"_links":{"self":[{"href":"https:\/\/888starz.futbol\/hu\/wp-json\/wp\/v2\/pages\/315","targetHints":{"allow":["GET"]}}],"collection":[{"href":"https:\/\/888starz.futbol\/hu\/wp-json\/wp\/v2\/pages"}],"about":[{"href":"https:\/\/888starz.futbol\/hu\/wp-json\/wp\/v2\/types\/page"}],"author":[{"embeddable":true,"href":"https:\/\/888starz.futbol\/hu\/wp-json\/wp\/v2\/users\/1"}],"replies":[{"embeddable":true,"href":"https:\/\/888starz.futbol\/hu\/wp-json\/wp\/v2\/comments?post=315"}],"version-history":[{"count":5,"href":"https:\/\/888starz.futbol\/hu\/wp-json\/wp\/v2\/pages\/315\/revisions"}],"predecessor-version":[{"id":461,"href":"https:\/\/888starz.futbol\/hu\/wp-json\/wp\/v2\/pages\/315\/revisions\/461"}],"wp:attachment":[{"href":"https:\/\/888starz.futbol\/hu\/wp-json\/wp\/v2\/media?parent=315"}],"curies":[{"name":"wp","href":"https:\/\/api.w.org\/{rel}","templated":true}]}}