{"id":347,"date":"2025-07-16T08:59:02","date_gmt":"2025-07-16T08:59:02","guid":{"rendered":"https:\/\/888starz.futbol\/hu\/?page_id=347"},"modified":"2025-08-26T18:19:39","modified_gmt":"2025-08-26T18:19:39","slug":"roulette","status":"publish","type":"page","link":"https:\/\/888starz.futbol\/hu\/roulette\/","title":{"rendered":"Rulett"},"content":{"rendered":"","protected":false},"excerpt":{"rendered":"","protected":false},"author":1,"featured_media":0,"parent":0,"menu_order":0,"comment_status":"closed","ping_status":"closed","template":"","meta":{"footnotes":""},"class_list":["post-347","page","type-page","status-publish","hentry"],"yoast_head":"<!-- This site is optimized with the Yoast SEO plugin v27.4 - https:\/\/yoast.com\/product\/yoast-seo-wordpress\/ -->\n<title>888Starz Rulett\u2714\ufe0f Az \u00d6n \u00fatja a sikerhez \u00e9s nyerem\u00e9nyekhez!<\/title>\n<meta name=\"description\" content=\"K\u00e9szen \u00e1llsz a jackpotra? Az 888Starz Rulett-n\u00e9l izgalom \u00e9s szerencse v\u00e1r r\u00e1d! Az 888Starz Roulette az utad a nagy nyerem\u00e9nyekhez \u00e9s a robban\u00e1sszer\u0171 \u00e9rzelmekhez!\" \/>\n<meta name=\"robots\" content=\"index, follow, max-snippet:-1, max-image-preview:large, max-video-preview:-1\" \/>\n<meta property=\"og:locale\" content=\"hu_HU\" \/>\n<meta property=\"og:type\" content=\"article\" \/>\n<meta property=\"og:title\" content=\"888Starz Rulett\u2714\ufe0f Az \u00d6n \u00fatja a sikerhez \u00e9s nyerem\u00e9nyekhez!\" \/>\n<meta property=\"og:description\" content=\"K\u00e9szen \u00e1llsz a jackpotra? Az 888Starz Rulett-n\u00e9l izgalom \u00e9s szerencse v\u00e1r r\u00e1d! Az 888Starz Roulette az utad a nagy nyerem\u00e9nyekhez \u00e9s a robban\u00e1sszer\u0171 \u00e9rzelmekhez!\" \/>\n<meta property=\"og:url\" content=\"https:\/\/888starz.futbol\/hu\/roulette\/\" \/>\n<meta property=\"og:site_name\" content=\"888Starz Futbol HU\" \/>\n<meta property=\"article:modified_time\" content=\"2025-08-26T18:19:39+00:00\" \/>\n<meta name=\"twitter:card\" content=\"summary_large_image\" \/>\n<script type=\"application\/ld+json\" class=\"yoast-schema-graph\">{\"@context\":\"https:\\\/\\\/schema.org\",\"@graph\":[{\"@type\":\"WebPage\",\"@id\":\"https:\\\/\\\/888starz.futbol\\\/hu\\\/roulette\\\/\",\"url\":\"https:\\\/\\\/888starz.futbol\\\/hu\\\/roulette\\\/\",\"name\":\"888Starz Rulett\u2714\ufe0f Az \u00d6n \u00fatja a sikerhez \u00e9s nyerem\u00e9nyekhez!\",\"isPartOf\":{\"@id\":\"https:\\\/\\\/888starz.futbol\\\/hu\\\/#website\"},\"datePublished\":\"2025-07-16T08:59:02+00:00\",\"dateModified\":\"2025-08-26T18:19:39+00:00\",\"description\":\"K\u00e9szen \u00e1llsz a jackpotra? Az 888Starz Rulett-n\u00e9l izgalom \u00e9s szerencse v\u00e1r r\u00e1d! Az 888Starz Roulette az utad a nagy nyerem\u00e9nyekhez \u00e9s a robban\u00e1sszer\u0171 \u00e9rzelmekhez!\",\"breadcrumb\":{\"@id\":\"https:\\\/\\\/888starz.futbol\\\/hu\\\/roulette\\\/#breadcrumb\"},\"inLanguage\":\"hu\",\"potentialAction\":[{\"@type\":\"ReadAction\",\"target\":[\"https:\\\/\\\/888starz.futbol\\\/hu\\\/roulette\\\/\"]}]},{\"@type\":\"BreadcrumbList\",\"@id\":\"https:\\\/\\\/888starz.futbol\\\/hu\\\/roulette\\\/#breadcrumb\",\"itemListElement\":[{\"@type\":\"ListItem\",\"position\":1,\"name\":\"Home\",\"item\":\"https:\\\/\\\/888starz.futbol\\\/hu\\\/\"},{\"@type\":\"ListItem\",\"position\":2,\"name\":\"Rulett\"}]},{\"@type\":\"WebSite\",\"@id\":\"https:\\\/\\\/888starz.futbol\\\/hu\\\/#website\",\"url\":\"https:\\\/\\\/888starz.futbol\\\/hu\\\/\",\"name\":\"888Starz Futbol HU\",\"description\":\"My WordPress Blog\",\"potentialAction\":[{\"@type\":\"SearchAction\",\"target\":{\"@type\":\"EntryPoint\",\"urlTemplate\":\"https:\\\/\\\/888starz.futbol\\\/hu\\\/?s={search_term_string}\"},\"query-input\":{\"@type\":\"PropertyValueSpecification\",\"valueRequired\":true,\"valueName\":\"search_term_string\"}}],\"inLanguage\":\"hu\"}]}<\/script>\n<!-- \/ Yoast SEO plugin. -->","yoast_head_json":{"title":"888Starz Rulett\u2714\ufe0f Az \u00d6n \u00fatja a sikerhez \u00e9s nyerem\u00e9nyekhez!","description":"K\u00e9szen \u00e1llsz a jackpotra? Az 888Starz Rulett-n\u00e9l izgalom \u00e9s szerencse v\u00e1r r\u00e1d! Az 888Starz Roulette az utad a nagy nyerem\u00e9nyekhez \u00e9s a robban\u00e1sszer\u0171 \u00e9rzelmekhez!","robots":{"index":"index","follow":"follow","max-snippet":"max-snippet:-1","max-image-preview":"max-image-preview:large","max-video-preview":"max-video-preview:-1"},"og_locale":"hu_HU","og_type":"article","og_title":"888Starz Rulett\u2714\ufe0f Az \u00d6n \u00fatja a sikerhez \u00e9s nyerem\u00e9nyekhez!","og_description":"K\u00e9szen \u00e1llsz a jackpotra? Az 888Starz Rulett-n\u00e9l izgalom \u00e9s szerencse v\u00e1r r\u00e1d! Az 888Starz Roulette az utad a nagy nyerem\u00e9nyekhez \u00e9s a robban\u00e1sszer\u0171 \u00e9rzelmekhez!","og_url":"https:\/\/888starz.futbol\/hu\/roulette\/","og_site_name":"888Starz Futbol HU","article_modified_time":"2025-08-26T18:19:39+00:00","twitter_card":"summary_large_image","schema":{"@context":"https:\/\/schema.org","@graph":[{"@type":"WebPage","@id":"https:\/\/888starz.futbol\/hu\/roulette\/","url":"https:\/\/888starz.futbol\/hu\/roulette\/","name":"888Starz Rulett\u2714\ufe0f Az \u00d6n \u00fatja a sikerhez \u00e9s nyerem\u00e9nyekhez!","isPartOf":{"@id":"https:\/\/888starz.futbol\/hu\/#website"},"datePublished":"2025-07-16T08:59:02+00:00","dateModified":"2025-08-26T18:19:39+00:00","description":"K\u00e9szen \u00e1llsz a jackpotra? Az 888Starz Rulett-n\u00e9l izgalom \u00e9s szerencse v\u00e1r r\u00e1d! Az 888Starz Roulette az utad a nagy nyerem\u00e9nyekhez \u00e9s a robban\u00e1sszer\u0171 \u00e9rzelmekhez!","breadcrumb":{"@id":"https:\/\/888starz.futbol\/hu\/roulette\/#breadcrumb"},"inLanguage":"hu","potentialAction":[{"@type":"ReadAction","target":["https:\/\/888starz.futbol\/hu\/roulette\/"]}]},{"@type":"BreadcrumbList","@id":"https:\/\/888starz.futbol\/hu\/roulette\/#breadcrumb","itemListElement":[{"@type":"ListItem","position":1,"name":"Home","item":"https:\/\/888starz.futbol\/hu\/"},{"@type":"ListItem","position":2,"name":"Rulett"}]},{"@type":"WebSite","@id":"https:\/\/888starz.futbol\/hu\/#website","url":"https:\/\/888starz.futbol\/hu\/","name":"888Starz Futbol HU","description":"My WordPress Blog","potentialAction":[{"@type":"SearchAction","target":{"@type":"EntryPoint","urlTemplate":"https:\/\/888starz.futbol\/hu\/?s={search_term_string}"},"query-input":{"@type":"PropertyValueSpecification","valueRequired":true,"valueName":"search_term_string"}}],"inLanguage":"hu"}]}},"_links":{"self":[{"href":"https:\/\/888starz.futbol\/hu\/wp-json\/wp\/v2\/pages\/347","targetHints":{"allow":["GET"]}}],"collection":[{"href":"https:\/\/888starz.futbol\/hu\/wp-json\/wp\/v2\/pages"}],"about":[{"href":"https:\/\/888starz.futbol\/hu\/wp-json\/wp\/v2\/types\/page"}],"author":[{"embeddable":true,"href":"https:\/\/888starz.futbol\/hu\/wp-json\/wp\/v2\/users\/1"}],"replies":[{"embeddable":true,"href":"https:\/\/888starz.futbol\/hu\/wp-json\/wp\/v2\/comments?post=347"}],"version-history":[{"count":6,"href":"https:\/\/888starz.futbol\/hu\/wp-json\/wp\/v2\/pages\/347\/revisions"}],"predecessor-version":[{"id":478,"href":"https:\/\/888starz.futbol\/hu\/wp-json\/wp\/v2\/pages\/347\/revisions\/478"}],"wp:attachment":[{"href":"https:\/\/888starz.futbol\/hu\/wp-json\/wp\/v2\/media?parent=347"}],"curies":[{"name":"wp","href":"https:\/\/api.w.org\/{rel}","templated":true}]}}