{"id":355,"date":"2025-07-16T16:55:50","date_gmt":"2025-07-16T16:55:50","guid":{"rendered":"https:\/\/888starz.futbol\/hu\/?page_id=355"},"modified":"2025-08-26T18:19:18","modified_gmt":"2025-08-26T18:19:18","slug":"poker","status":"publish","type":"page","link":"https:\/\/888starz.futbol\/hu\/poker\/","title":{"rendered":"P\u00f3ker"},"content":{"rendered":"","protected":false},"excerpt":{"rendered":"","protected":false},"author":1,"featured_media":0,"parent":0,"menu_order":0,"comment_status":"closed","ping_status":"closed","template":"","meta":{"footnotes":""},"class_list":["post-355","page","type-page","status-publish","hentry"],"yoast_head":"<!-- This site is optimized with the Yoast SEO plugin v26.3 - https:\/\/yoast.com\/wordpress\/plugins\/seo\/ -->\n<title>888Starz P\u00f3ker\u27a4 Szerezzen b\u00f3nuszt \u00e9s kezdjen el p\u00f3kerezni!<\/title>\n<meta name=\"description\" content=\"K\u00e9sz\u00fclj fel izgalmas versenyekre \u00e9s nagylelk\u0171 b\u00f3nuszokra! Csatlakozz az 888Starz-hoz \u00e9s j\u00e1tssz online p\u00f3kert. Fedezd fel a Hold&#039;em, Omaha \u00e9s m\u00e9g sok m\u00e1s j\u00e1t\u00e9kot!\" \/>\n<meta name=\"robots\" content=\"index, follow, max-snippet:-1, max-image-preview:large, max-video-preview:-1\" \/>\n<meta property=\"og:locale\" content=\"hu_HU\" \/>\n<meta property=\"og:type\" content=\"article\" \/>\n<meta property=\"og:title\" content=\"888Starz P\u00f3ker\u27a4 Szerezzen b\u00f3nuszt \u00e9s kezdjen el p\u00f3kerezni!\" \/>\n<meta property=\"og:description\" content=\"K\u00e9sz\u00fclj fel izgalmas versenyekre \u00e9s nagylelk\u0171 b\u00f3nuszokra! Csatlakozz az 888Starz-hoz \u00e9s j\u00e1tssz online p\u00f3kert. Fedezd fel a Hold&#039;em, Omaha \u00e9s m\u00e9g sok m\u00e1s j\u00e1t\u00e9kot!\" \/>\n<meta property=\"og:url\" content=\"https:\/\/888starz.futbol\/hu\/poker\/\" \/>\n<meta property=\"og:site_name\" content=\"888Starz Futbol HU\" \/>\n<meta property=\"article:modified_time\" content=\"2025-08-26T18:19:18+00:00\" \/>\n<meta name=\"twitter:card\" content=\"summary_large_image\" \/>\n<script type=\"application\/ld+json\" class=\"yoast-schema-graph\">{\"@context\":\"https:\/\/schema.org\",\"@graph\":[{\"@type\":\"WebPage\",\"@id\":\"https:\/\/888starz.futbol\/hu\/poker\/\",\"url\":\"https:\/\/888starz.futbol\/hu\/poker\/\",\"name\":\"888Starz P\u00f3ker\u27a4 Szerezzen b\u00f3nuszt \u00e9s kezdjen el p\u00f3kerezni!\",\"isPartOf\":{\"@id\":\"https:\/\/888starz.futbol\/hu\/#website\"},\"datePublished\":\"2025-07-16T16:55:50+00:00\",\"dateModified\":\"2025-08-26T18:19:18+00:00\",\"description\":\"K\u00e9sz\u00fclj fel izgalmas versenyekre \u00e9s nagylelk\u0171 b\u00f3nuszokra! Csatlakozz az 888Starz-hoz \u00e9s j\u00e1tssz online p\u00f3kert. Fedezd fel a Hold'em, Omaha \u00e9s m\u00e9g sok m\u00e1s j\u00e1t\u00e9kot!\",\"breadcrumb\":{\"@id\":\"https:\/\/888starz.futbol\/hu\/poker\/#breadcrumb\"},\"inLanguage\":\"hu\",\"potentialAction\":[{\"@type\":\"ReadAction\",\"target\":[\"https:\/\/888starz.futbol\/hu\/poker\/\"]}]},{\"@type\":\"BreadcrumbList\",\"@id\":\"https:\/\/888starz.futbol\/hu\/poker\/#breadcrumb\",\"itemListElement\":[{\"@type\":\"ListItem\",\"position\":1,\"name\":\"Home\",\"item\":\"https:\/\/888starz.futbol\/hu\/\"},{\"@type\":\"ListItem\",\"position\":2,\"name\":\"P\u00f3ker\"}]},{\"@type\":\"WebSite\",\"@id\":\"https:\/\/888starz.futbol\/hu\/#website\",\"url\":\"https:\/\/888starz.futbol\/hu\/\",\"name\":\"888Starz Futbol HU\",\"description\":\"My WordPress Blog\",\"potentialAction\":[{\"@type\":\"SearchAction\",\"target\":{\"@type\":\"EntryPoint\",\"urlTemplate\":\"https:\/\/888starz.futbol\/hu\/?s={search_term_string}\"},\"query-input\":{\"@type\":\"PropertyValueSpecification\",\"valueRequired\":true,\"valueName\":\"search_term_string\"}}],\"inLanguage\":\"hu\"}]}<\/script>\n<!-- \/ Yoast SEO plugin. -->","yoast_head_json":{"title":"888Starz P\u00f3ker\u27a4 Szerezzen b\u00f3nuszt \u00e9s kezdjen el p\u00f3kerezni!","description":"K\u00e9sz\u00fclj fel izgalmas versenyekre \u00e9s nagylelk\u0171 b\u00f3nuszokra! Csatlakozz az 888Starz-hoz \u00e9s j\u00e1tssz online p\u00f3kert. Fedezd fel a Hold'em, Omaha \u00e9s m\u00e9g sok m\u00e1s j\u00e1t\u00e9kot!","robots":{"index":"index","follow":"follow","max-snippet":"max-snippet:-1","max-image-preview":"max-image-preview:large","max-video-preview":"max-video-preview:-1"},"og_locale":"hu_HU","og_type":"article","og_title":"888Starz P\u00f3ker\u27a4 Szerezzen b\u00f3nuszt \u00e9s kezdjen el p\u00f3kerezni!","og_description":"K\u00e9sz\u00fclj fel izgalmas versenyekre \u00e9s nagylelk\u0171 b\u00f3nuszokra! Csatlakozz az 888Starz-hoz \u00e9s j\u00e1tssz online p\u00f3kert. Fedezd fel a Hold'em, Omaha \u00e9s m\u00e9g sok m\u00e1s j\u00e1t\u00e9kot!","og_url":"https:\/\/888starz.futbol\/hu\/poker\/","og_site_name":"888Starz Futbol HU","article_modified_time":"2025-08-26T18:19:18+00:00","twitter_card":"summary_large_image","schema":{"@context":"https:\/\/schema.org","@graph":[{"@type":"WebPage","@id":"https:\/\/888starz.futbol\/hu\/poker\/","url":"https:\/\/888starz.futbol\/hu\/poker\/","name":"888Starz P\u00f3ker\u27a4 Szerezzen b\u00f3nuszt \u00e9s kezdjen el p\u00f3kerezni!","isPartOf":{"@id":"https:\/\/888starz.futbol\/hu\/#website"},"datePublished":"2025-07-16T16:55:50+00:00","dateModified":"2025-08-26T18:19:18+00:00","description":"K\u00e9sz\u00fclj fel izgalmas versenyekre \u00e9s nagylelk\u0171 b\u00f3nuszokra! Csatlakozz az 888Starz-hoz \u00e9s j\u00e1tssz online p\u00f3kert. Fedezd fel a Hold'em, Omaha \u00e9s m\u00e9g sok m\u00e1s j\u00e1t\u00e9kot!","breadcrumb":{"@id":"https:\/\/888starz.futbol\/hu\/poker\/#breadcrumb"},"inLanguage":"hu","potentialAction":[{"@type":"ReadAction","target":["https:\/\/888starz.futbol\/hu\/poker\/"]}]},{"@type":"BreadcrumbList","@id":"https:\/\/888starz.futbol\/hu\/poker\/#breadcrumb","itemListElement":[{"@type":"ListItem","position":1,"name":"Home","item":"https:\/\/888starz.futbol\/hu\/"},{"@type":"ListItem","position":2,"name":"P\u00f3ker"}]},{"@type":"WebSite","@id":"https:\/\/888starz.futbol\/hu\/#website","url":"https:\/\/888starz.futbol\/hu\/","name":"888Starz Futbol HU","description":"My WordPress Blog","potentialAction":[{"@type":"SearchAction","target":{"@type":"EntryPoint","urlTemplate":"https:\/\/888starz.futbol\/hu\/?s={search_term_string}"},"query-input":{"@type":"PropertyValueSpecification","valueRequired":true,"valueName":"search_term_string"}}],"inLanguage":"hu"}]}},"_links":{"self":[{"href":"https:\/\/888starz.futbol\/hu\/wp-json\/wp\/v2\/pages\/355","targetHints":{"allow":["GET"]}}],"collection":[{"href":"https:\/\/888starz.futbol\/hu\/wp-json\/wp\/v2\/pages"}],"about":[{"href":"https:\/\/888starz.futbol\/hu\/wp-json\/wp\/v2\/types\/page"}],"author":[{"embeddable":true,"href":"https:\/\/888starz.futbol\/hu\/wp-json\/wp\/v2\/users\/1"}],"replies":[{"embeddable":true,"href":"https:\/\/888starz.futbol\/hu\/wp-json\/wp\/v2\/comments?post=355"}],"version-history":[{"count":6,"href":"https:\/\/888starz.futbol\/hu\/wp-json\/wp\/v2\/pages\/355\/revisions"}],"predecessor-version":[{"id":477,"href":"https:\/\/888starz.futbol\/hu\/wp-json\/wp\/v2\/pages\/355\/revisions\/477"}],"wp:attachment":[{"href":"https:\/\/888starz.futbol\/hu\/wp-json\/wp\/v2\/media?parent=355"}],"curies":[{"name":"wp","href":"https:\/\/api.w.org\/{rel}","templated":true}]}}