{"id":401,"date":"2025-06-22T13:15:46","date_gmt":"2025-06-22T13:15:46","guid":{"rendered":"https:\/\/888starz.futbol\/hu\/?page_id=401"},"modified":"2025-08-26T18:13:29","modified_gmt":"2025-08-26T18:13:29","slug":"express-insurance","status":"publish","type":"page","link":"https:\/\/888starz.futbol\/hu\/express-insurance\/","title":{"rendered":"Express biztos\u00edt\u00e1s"},"content":{"rendered":"","protected":false},"excerpt":{"rendered":"","protected":false},"author":1,"featured_media":0,"parent":0,"menu_order":0,"comment_status":"closed","ping_status":"closed","template":"","meta":{"footnotes":""},"class_list":["post-401","page","type-page","status-publish","hentry"],"yoast_head":"<!-- This site is optimized with the Yoast SEO plugin v27.4 - https:\/\/yoast.com\/product\/yoast-seo-wordpress\/ -->\n<title>888Starz Expressz biztos\u00edt\u00e1s \u1409 Kapjon m\u00e1sodik es\u00e9lyt<\/title>\n<meta name=\"description\" content=\"Fedezze fel az 888Starz Express biztos\u00edt\u00e1st! Kapjon egy m\u00e1sodik es\u00e9lyt a fogad\u00e1sra: ha egy esem\u00e9nyen vesz\u00edt, visszat\u00e9r\u00edtj\u00fck a t\u00e9tj\u00e9t! Fogadj magabiztosan!\" \/>\n<meta name=\"robots\" content=\"index, follow, max-snippet:-1, max-image-preview:large, max-video-preview:-1\" \/>\n<meta property=\"og:locale\" content=\"hu_HU\" \/>\n<meta property=\"og:type\" content=\"article\" \/>\n<meta property=\"og:title\" content=\"888Starz Expressz biztos\u00edt\u00e1s \u1409 Kapjon m\u00e1sodik es\u00e9lyt\" \/>\n<meta property=\"og:description\" content=\"Fedezze fel az 888Starz Express biztos\u00edt\u00e1st! Kapjon egy m\u00e1sodik es\u00e9lyt a fogad\u00e1sra: ha egy esem\u00e9nyen vesz\u00edt, visszat\u00e9r\u00edtj\u00fck a t\u00e9tj\u00e9t! Fogadj magabiztosan!\" \/>\n<meta property=\"og:url\" content=\"https:\/\/888starz.futbol\/hu\/express-insurance\/\" \/>\n<meta property=\"og:site_name\" content=\"888Starz Futbol HU\" \/>\n<meta property=\"article:modified_time\" content=\"2025-08-26T18:13:29+00:00\" \/>\n<meta name=\"twitter:card\" content=\"summary_large_image\" \/>\n<script type=\"application\/ld+json\" class=\"yoast-schema-graph\">{\"@context\":\"https:\\\/\\\/schema.org\",\"@graph\":[{\"@type\":\"WebPage\",\"@id\":\"https:\\\/\\\/888starz.futbol\\\/hu\\\/express-insurance\\\/\",\"url\":\"https:\\\/\\\/888starz.futbol\\\/hu\\\/express-insurance\\\/\",\"name\":\"888Starz Expressz biztos\u00edt\u00e1s \u1409 Kapjon m\u00e1sodik es\u00e9lyt\",\"isPartOf\":{\"@id\":\"https:\\\/\\\/888starz.futbol\\\/hu\\\/#website\"},\"datePublished\":\"2025-06-22T13:15:46+00:00\",\"dateModified\":\"2025-08-26T18:13:29+00:00\",\"description\":\"Fedezze fel az 888Starz Express biztos\u00edt\u00e1st! Kapjon egy m\u00e1sodik es\u00e9lyt a fogad\u00e1sra: ha egy esem\u00e9nyen vesz\u00edt, visszat\u00e9r\u00edtj\u00fck a t\u00e9tj\u00e9t! Fogadj magabiztosan!\",\"breadcrumb\":{\"@id\":\"https:\\\/\\\/888starz.futbol\\\/hu\\\/express-insurance\\\/#breadcrumb\"},\"inLanguage\":\"hu\",\"potentialAction\":[{\"@type\":\"ReadAction\",\"target\":[\"https:\\\/\\\/888starz.futbol\\\/hu\\\/express-insurance\\\/\"]}]},{\"@type\":\"BreadcrumbList\",\"@id\":\"https:\\\/\\\/888starz.futbol\\\/hu\\\/express-insurance\\\/#breadcrumb\",\"itemListElement\":[{\"@type\":\"ListItem\",\"position\":1,\"name\":\"Home\",\"item\":\"https:\\\/\\\/888starz.futbol\\\/hu\\\/\"},{\"@type\":\"ListItem\",\"position\":2,\"name\":\"Express biztos\u00edt\u00e1s\"}]},{\"@type\":\"WebSite\",\"@id\":\"https:\\\/\\\/888starz.futbol\\\/hu\\\/#website\",\"url\":\"https:\\\/\\\/888starz.futbol\\\/hu\\\/\",\"name\":\"888Starz Futbol HU\",\"description\":\"My WordPress Blog\",\"potentialAction\":[{\"@type\":\"SearchAction\",\"target\":{\"@type\":\"EntryPoint\",\"urlTemplate\":\"https:\\\/\\\/888starz.futbol\\\/hu\\\/?s={search_term_string}\"},\"query-input\":{\"@type\":\"PropertyValueSpecification\",\"valueRequired\":true,\"valueName\":\"search_term_string\"}}],\"inLanguage\":\"hu\"}]}<\/script>\n<!-- \/ Yoast SEO plugin. -->","yoast_head_json":{"title":"888Starz Expressz biztos\u00edt\u00e1s \u1409 Kapjon m\u00e1sodik es\u00e9lyt","description":"Fedezze fel az 888Starz Express biztos\u00edt\u00e1st! Kapjon egy m\u00e1sodik es\u00e9lyt a fogad\u00e1sra: ha egy esem\u00e9nyen vesz\u00edt, visszat\u00e9r\u00edtj\u00fck a t\u00e9tj\u00e9t! Fogadj magabiztosan!","robots":{"index":"index","follow":"follow","max-snippet":"max-snippet:-1","max-image-preview":"max-image-preview:large","max-video-preview":"max-video-preview:-1"},"og_locale":"hu_HU","og_type":"article","og_title":"888Starz Expressz biztos\u00edt\u00e1s \u1409 Kapjon m\u00e1sodik es\u00e9lyt","og_description":"Fedezze fel az 888Starz Express biztos\u00edt\u00e1st! Kapjon egy m\u00e1sodik es\u00e9lyt a fogad\u00e1sra: ha egy esem\u00e9nyen vesz\u00edt, visszat\u00e9r\u00edtj\u00fck a t\u00e9tj\u00e9t! Fogadj magabiztosan!","og_url":"https:\/\/888starz.futbol\/hu\/express-insurance\/","og_site_name":"888Starz Futbol HU","article_modified_time":"2025-08-26T18:13:29+00:00","twitter_card":"summary_large_image","schema":{"@context":"https:\/\/schema.org","@graph":[{"@type":"WebPage","@id":"https:\/\/888starz.futbol\/hu\/express-insurance\/","url":"https:\/\/888starz.futbol\/hu\/express-insurance\/","name":"888Starz Expressz biztos\u00edt\u00e1s \u1409 Kapjon m\u00e1sodik es\u00e9lyt","isPartOf":{"@id":"https:\/\/888starz.futbol\/hu\/#website"},"datePublished":"2025-06-22T13:15:46+00:00","dateModified":"2025-08-26T18:13:29+00:00","description":"Fedezze fel az 888Starz Express biztos\u00edt\u00e1st! Kapjon egy m\u00e1sodik es\u00e9lyt a fogad\u00e1sra: ha egy esem\u00e9nyen vesz\u00edt, visszat\u00e9r\u00edtj\u00fck a t\u00e9tj\u00e9t! Fogadj magabiztosan!","breadcrumb":{"@id":"https:\/\/888starz.futbol\/hu\/express-insurance\/#breadcrumb"},"inLanguage":"hu","potentialAction":[{"@type":"ReadAction","target":["https:\/\/888starz.futbol\/hu\/express-insurance\/"]}]},{"@type":"BreadcrumbList","@id":"https:\/\/888starz.futbol\/hu\/express-insurance\/#breadcrumb","itemListElement":[{"@type":"ListItem","position":1,"name":"Home","item":"https:\/\/888starz.futbol\/hu\/"},{"@type":"ListItem","position":2,"name":"Express biztos\u00edt\u00e1s"}]},{"@type":"WebSite","@id":"https:\/\/888starz.futbol\/hu\/#website","url":"https:\/\/888starz.futbol\/hu\/","name":"888Starz Futbol HU","description":"My WordPress Blog","potentialAction":[{"@type":"SearchAction","target":{"@type":"EntryPoint","urlTemplate":"https:\/\/888starz.futbol\/hu\/?s={search_term_string}"},"query-input":{"@type":"PropertyValueSpecification","valueRequired":true,"valueName":"search_term_string"}}],"inLanguage":"hu"}]}},"_links":{"self":[{"href":"https:\/\/888starz.futbol\/hu\/wp-json\/wp\/v2\/pages\/401","targetHints":{"allow":["GET"]}}],"collection":[{"href":"https:\/\/888starz.futbol\/hu\/wp-json\/wp\/v2\/pages"}],"about":[{"href":"https:\/\/888starz.futbol\/hu\/wp-json\/wp\/v2\/types\/page"}],"author":[{"embeddable":true,"href":"https:\/\/888starz.futbol\/hu\/wp-json\/wp\/v2\/users\/1"}],"replies":[{"embeddable":true,"href":"https:\/\/888starz.futbol\/hu\/wp-json\/wp\/v2\/comments?post=401"}],"version-history":[{"count":5,"href":"https:\/\/888starz.futbol\/hu\/wp-json\/wp\/v2\/pages\/401\/revisions"}],"predecessor-version":[{"id":459,"href":"https:\/\/888starz.futbol\/hu\/wp-json\/wp\/v2\/pages\/401\/revisions\/459"}],"wp:attachment":[{"href":"https:\/\/888starz.futbol\/hu\/wp-json\/wp\/v2\/media?parent=401"}],"curies":[{"name":"wp","href":"https:\/\/api.w.org\/{rel}","templated":true}]}}