{"id":415,"date":"2025-06-22T15:13:08","date_gmt":"2025-06-22T15:13:08","guid":{"rendered":"https:\/\/888starz.futbol\/hu\/?page_id=415"},"modified":"2025-08-26T18:14:13","modified_gmt":"2025-08-26T18:14:13","slug":"bet-via-telegram","status":"publish","type":"page","link":"https:\/\/888starz.futbol\/hu\/bet-via-telegram\/","title":{"rendered":"Fogad\u00e1s Telegramon kereszt\u00fcl"},"content":{"rendered":"","protected":false},"excerpt":{"rendered":"","protected":false},"author":1,"featured_media":0,"parent":0,"menu_order":0,"comment_status":"closed","ping_status":"closed","template":"","meta":{"footnotes":""},"class_list":["post-415","page","type-page","status-publish","hentry"],"yoast_head":"<!-- This site is optimized with the Yoast SEO plugin v27.4 - https:\/\/yoast.com\/product\/yoast-seo-wordpress\/ -->\n<title>Fogad\u00e1sok a Telegram 888Starz kereszt\u00fcl | Fogadjon k\u00e9nyelmesen<\/title>\n<meta name=\"description\" content=\"A fogad\u00e1s az 888Starz-on most m\u00e9g k\u00f6nnyebb! Haszn\u00e1lja a Telegramot, hogy a weboldal l\u00e1togat\u00e1sa n\u00e9lk\u00fcl is fogadhasson. Tudja meg, milyen egyszer\u0171 \u00e9s k\u00e9nyelmes a fogad\u00e1s megkezd\u00e9se k\u00f6zvetlen\u00fcl a messengerben!\" \/>\n<meta name=\"robots\" content=\"index, follow, max-snippet:-1, max-image-preview:large, max-video-preview:-1\" \/>\n<meta property=\"og:locale\" content=\"hu_HU\" \/>\n<meta property=\"og:type\" content=\"article\" \/>\n<meta property=\"og:title\" content=\"Fogad\u00e1sok a Telegram 888Starz kereszt\u00fcl | Fogadjon k\u00e9nyelmesen\" \/>\n<meta property=\"og:description\" content=\"A fogad\u00e1s az 888Starz-on most m\u00e9g k\u00f6nnyebb! Haszn\u00e1lja a Telegramot, hogy a weboldal l\u00e1togat\u00e1sa n\u00e9lk\u00fcl is fogadhasson. Tudja meg, milyen egyszer\u0171 \u00e9s k\u00e9nyelmes a fogad\u00e1s megkezd\u00e9se k\u00f6zvetlen\u00fcl a messengerben!\" \/>\n<meta property=\"og:url\" content=\"https:\/\/888starz.futbol\/hu\/bet-via-telegram\/\" \/>\n<meta property=\"og:site_name\" content=\"888Starz Futbol HU\" \/>\n<meta property=\"article:modified_time\" content=\"2025-08-26T18:14:13+00:00\" \/>\n<meta name=\"twitter:card\" content=\"summary_large_image\" \/>\n<script type=\"application\/ld+json\" class=\"yoast-schema-graph\">{\"@context\":\"https:\\\/\\\/schema.org\",\"@graph\":[{\"@type\":\"WebPage\",\"@id\":\"https:\\\/\\\/888starz.futbol\\\/hu\\\/bet-via-telegram\\\/\",\"url\":\"https:\\\/\\\/888starz.futbol\\\/hu\\\/bet-via-telegram\\\/\",\"name\":\"Fogad\u00e1sok a Telegram 888Starz kereszt\u00fcl | Fogadjon k\u00e9nyelmesen\",\"isPartOf\":{\"@id\":\"https:\\\/\\\/888starz.futbol\\\/hu\\\/#website\"},\"datePublished\":\"2025-06-22T15:13:08+00:00\",\"dateModified\":\"2025-08-26T18:14:13+00:00\",\"description\":\"A fogad\u00e1s az 888Starz-on most m\u00e9g k\u00f6nnyebb! Haszn\u00e1lja a Telegramot, hogy a weboldal l\u00e1togat\u00e1sa n\u00e9lk\u00fcl is fogadhasson. Tudja meg, milyen egyszer\u0171 \u00e9s k\u00e9nyelmes a fogad\u00e1s megkezd\u00e9se k\u00f6zvetlen\u00fcl a messengerben!\",\"breadcrumb\":{\"@id\":\"https:\\\/\\\/888starz.futbol\\\/hu\\\/bet-via-telegram\\\/#breadcrumb\"},\"inLanguage\":\"hu\",\"potentialAction\":[{\"@type\":\"ReadAction\",\"target\":[\"https:\\\/\\\/888starz.futbol\\\/hu\\\/bet-via-telegram\\\/\"]}]},{\"@type\":\"BreadcrumbList\",\"@id\":\"https:\\\/\\\/888starz.futbol\\\/hu\\\/bet-via-telegram\\\/#breadcrumb\",\"itemListElement\":[{\"@type\":\"ListItem\",\"position\":1,\"name\":\"Home\",\"item\":\"https:\\\/\\\/888starz.futbol\\\/hu\\\/\"},{\"@type\":\"ListItem\",\"position\":2,\"name\":\"Fogad\u00e1s Telegramon kereszt\u00fcl\"}]},{\"@type\":\"WebSite\",\"@id\":\"https:\\\/\\\/888starz.futbol\\\/hu\\\/#website\",\"url\":\"https:\\\/\\\/888starz.futbol\\\/hu\\\/\",\"name\":\"888Starz Futbol HU\",\"description\":\"My WordPress Blog\",\"potentialAction\":[{\"@type\":\"SearchAction\",\"target\":{\"@type\":\"EntryPoint\",\"urlTemplate\":\"https:\\\/\\\/888starz.futbol\\\/hu\\\/?s={search_term_string}\"},\"query-input\":{\"@type\":\"PropertyValueSpecification\",\"valueRequired\":true,\"valueName\":\"search_term_string\"}}],\"inLanguage\":\"hu\"}]}<\/script>\n<!-- \/ Yoast SEO plugin. -->","yoast_head_json":{"title":"Fogad\u00e1sok a Telegram 888Starz kereszt\u00fcl | Fogadjon k\u00e9nyelmesen","description":"A fogad\u00e1s az 888Starz-on most m\u00e9g k\u00f6nnyebb! Haszn\u00e1lja a Telegramot, hogy a weboldal l\u00e1togat\u00e1sa n\u00e9lk\u00fcl is fogadhasson. Tudja meg, milyen egyszer\u0171 \u00e9s k\u00e9nyelmes a fogad\u00e1s megkezd\u00e9se k\u00f6zvetlen\u00fcl a messengerben!","robots":{"index":"index","follow":"follow","max-snippet":"max-snippet:-1","max-image-preview":"max-image-preview:large","max-video-preview":"max-video-preview:-1"},"og_locale":"hu_HU","og_type":"article","og_title":"Fogad\u00e1sok a Telegram 888Starz kereszt\u00fcl | Fogadjon k\u00e9nyelmesen","og_description":"A fogad\u00e1s az 888Starz-on most m\u00e9g k\u00f6nnyebb! Haszn\u00e1lja a Telegramot, hogy a weboldal l\u00e1togat\u00e1sa n\u00e9lk\u00fcl is fogadhasson. Tudja meg, milyen egyszer\u0171 \u00e9s k\u00e9nyelmes a fogad\u00e1s megkezd\u00e9se k\u00f6zvetlen\u00fcl a messengerben!","og_url":"https:\/\/888starz.futbol\/hu\/bet-via-telegram\/","og_site_name":"888Starz Futbol HU","article_modified_time":"2025-08-26T18:14:13+00:00","twitter_card":"summary_large_image","schema":{"@context":"https:\/\/schema.org","@graph":[{"@type":"WebPage","@id":"https:\/\/888starz.futbol\/hu\/bet-via-telegram\/","url":"https:\/\/888starz.futbol\/hu\/bet-via-telegram\/","name":"Fogad\u00e1sok a Telegram 888Starz kereszt\u00fcl | Fogadjon k\u00e9nyelmesen","isPartOf":{"@id":"https:\/\/888starz.futbol\/hu\/#website"},"datePublished":"2025-06-22T15:13:08+00:00","dateModified":"2025-08-26T18:14:13+00:00","description":"A fogad\u00e1s az 888Starz-on most m\u00e9g k\u00f6nnyebb! Haszn\u00e1lja a Telegramot, hogy a weboldal l\u00e1togat\u00e1sa n\u00e9lk\u00fcl is fogadhasson. Tudja meg, milyen egyszer\u0171 \u00e9s k\u00e9nyelmes a fogad\u00e1s megkezd\u00e9se k\u00f6zvetlen\u00fcl a messengerben!","breadcrumb":{"@id":"https:\/\/888starz.futbol\/hu\/bet-via-telegram\/#breadcrumb"},"inLanguage":"hu","potentialAction":[{"@type":"ReadAction","target":["https:\/\/888starz.futbol\/hu\/bet-via-telegram\/"]}]},{"@type":"BreadcrumbList","@id":"https:\/\/888starz.futbol\/hu\/bet-via-telegram\/#breadcrumb","itemListElement":[{"@type":"ListItem","position":1,"name":"Home","item":"https:\/\/888starz.futbol\/hu\/"},{"@type":"ListItem","position":2,"name":"Fogad\u00e1s Telegramon kereszt\u00fcl"}]},{"@type":"WebSite","@id":"https:\/\/888starz.futbol\/hu\/#website","url":"https:\/\/888starz.futbol\/hu\/","name":"888Starz Futbol HU","description":"My WordPress Blog","potentialAction":[{"@type":"SearchAction","target":{"@type":"EntryPoint","urlTemplate":"https:\/\/888starz.futbol\/hu\/?s={search_term_string}"},"query-input":{"@type":"PropertyValueSpecification","valueRequired":true,"valueName":"search_term_string"}}],"inLanguage":"hu"}]}},"_links":{"self":[{"href":"https:\/\/888starz.futbol\/hu\/wp-json\/wp\/v2\/pages\/415","targetHints":{"allow":["GET"]}}],"collection":[{"href":"https:\/\/888starz.futbol\/hu\/wp-json\/wp\/v2\/pages"}],"about":[{"href":"https:\/\/888starz.futbol\/hu\/wp-json\/wp\/v2\/types\/page"}],"author":[{"embeddable":true,"href":"https:\/\/888starz.futbol\/hu\/wp-json\/wp\/v2\/users\/1"}],"replies":[{"embeddable":true,"href":"https:\/\/888starz.futbol\/hu\/wp-json\/wp\/v2\/comments?post=415"}],"version-history":[{"count":6,"href":"https:\/\/888starz.futbol\/hu\/wp-json\/wp\/v2\/pages\/415\/revisions"}],"predecessor-version":[{"id":454,"href":"https:\/\/888starz.futbol\/hu\/wp-json\/wp\/v2\/pages\/415\/revisions\/454"}],"wp:attachment":[{"href":"https:\/\/888starz.futbol\/hu\/wp-json\/wp\/v2\/media?parent=415"}],"curies":[{"name":"wp","href":"https:\/\/api.w.org\/{rel}","templated":true}]}}