{"id":415,"date":"2025-06-22T15:13:08","date_gmt":"2025-06-22T15:13:08","guid":{"rendered":"https:\/\/888starz.futbol\/it\/?page_id=415"},"modified":"2025-11-18T12:29:21","modified_gmt":"2025-11-18T12:29:21","slug":"bet-via-telegram","status":"publish","type":"page","link":"https:\/\/888starz.futbol\/it\/bet-via-telegram\/","title":{"rendered":"Scommetti tramite Telegram"},"content":{"rendered":"","protected":false},"excerpt":{"rendered":"","protected":false},"author":1,"featured_media":0,"parent":0,"menu_order":0,"comment_status":"closed","ping_status":"closed","template":"","meta":{"footnotes":""},"class_list":["post-415","page","type-page","status-publish","hentry"],"yoast_head":"<!-- This site is optimized with the Yoast SEO plugin v27.4 - https:\/\/yoast.com\/product\/yoast-seo-wordpress\/ -->\n<title>Piazza le tue scommesse tramite Telegram 888Starz \u1409 Scommetti in modo comodo e veloce!<\/title>\n<meta name=\"description\" content=\"Scommettere su 888Starz ora \u00e8 ancora pi\u00f9 facile! Usa Telegram per scommettere senza visitare il sito. Scopri quanto \u00e8 facile e comodo iniziare a scommettere direttamente dall&#039;app di messaggistica!\" \/>\n<meta name=\"robots\" content=\"index, follow, max-snippet:-1, max-image-preview:large, max-video-preview:-1\" \/>\n<meta property=\"og:locale\" content=\"it_IT\" \/>\n<meta property=\"og:type\" content=\"article\" \/>\n<meta property=\"og:title\" content=\"Piazza le tue scommesse tramite Telegram 888Starz \u1409 Scommetti in modo comodo e veloce!\" \/>\n<meta property=\"og:description\" content=\"Scommettere su 888Starz ora \u00e8 ancora pi\u00f9 facile! Usa Telegram per scommettere senza visitare il sito. Scopri quanto \u00e8 facile e comodo iniziare a scommettere direttamente dall&#039;app di messaggistica!\" \/>\n<meta property=\"og:url\" content=\"https:\/\/888starz.futbol\/it\/bet-via-telegram\/\" \/>\n<meta property=\"og:site_name\" content=\"888starz Futbol IT\" \/>\n<meta property=\"article:modified_time\" content=\"2025-11-18T12:29:21+00:00\" \/>\n<meta name=\"twitter:card\" content=\"summary_large_image\" \/>\n<script type=\"application\/ld+json\" class=\"yoast-schema-graph\">{\"@context\":\"https:\\\/\\\/schema.org\",\"@graph\":[{\"@type\":\"WebPage\",\"@id\":\"https:\\\/\\\/888starz.futbol\\\/it\\\/bet-via-telegram\\\/\",\"url\":\"https:\\\/\\\/888starz.futbol\\\/it\\\/bet-via-telegram\\\/\",\"name\":\"Piazza le tue scommesse tramite Telegram 888Starz \u1409 Scommetti in modo comodo e veloce!\",\"isPartOf\":{\"@id\":\"https:\\\/\\\/888starz.futbol\\\/it\\\/#website\"},\"datePublished\":\"2025-06-22T15:13:08+00:00\",\"dateModified\":\"2025-11-18T12:29:21+00:00\",\"description\":\"Scommettere su 888Starz ora \u00e8 ancora pi\u00f9 facile! Usa Telegram per scommettere senza visitare il sito. Scopri quanto \u00e8 facile e comodo iniziare a scommettere direttamente dall'app di messaggistica!\",\"breadcrumb\":{\"@id\":\"https:\\\/\\\/888starz.futbol\\\/it\\\/bet-via-telegram\\\/#breadcrumb\"},\"inLanguage\":\"it-IT\",\"potentialAction\":[{\"@type\":\"ReadAction\",\"target\":[\"https:\\\/\\\/888starz.futbol\\\/it\\\/bet-via-telegram\\\/\"]}]},{\"@type\":\"BreadcrumbList\",\"@id\":\"https:\\\/\\\/888starz.futbol\\\/it\\\/bet-via-telegram\\\/#breadcrumb\",\"itemListElement\":[{\"@type\":\"ListItem\",\"position\":1,\"name\":\"Home\",\"item\":\"https:\\\/\\\/888starz.futbol\\\/it\\\/\"},{\"@type\":\"ListItem\",\"position\":2,\"name\":\"Scommetti tramite Telegram\"}]},{\"@type\":\"WebSite\",\"@id\":\"https:\\\/\\\/888starz.futbol\\\/it\\\/#website\",\"url\":\"https:\\\/\\\/888starz.futbol\\\/it\\\/\",\"name\":\"888starz Futbol IT\",\"description\":\"My WordPress Blog\",\"potentialAction\":[{\"@type\":\"SearchAction\",\"target\":{\"@type\":\"EntryPoint\",\"urlTemplate\":\"https:\\\/\\\/888starz.futbol\\\/it\\\/?s={search_term_string}\"},\"query-input\":{\"@type\":\"PropertyValueSpecification\",\"valueRequired\":true,\"valueName\":\"search_term_string\"}}],\"inLanguage\":\"it-IT\"}]}<\/script>\n<!-- \/ Yoast SEO plugin. -->","yoast_head_json":{"title":"Piazza le tue scommesse tramite Telegram 888Starz \u1409 Scommetti in modo comodo e veloce!","description":"Scommettere su 888Starz ora \u00e8 ancora pi\u00f9 facile! Usa Telegram per scommettere senza visitare il sito. Scopri quanto \u00e8 facile e comodo iniziare a scommettere direttamente dall'app di messaggistica!","robots":{"index":"index","follow":"follow","max-snippet":"max-snippet:-1","max-image-preview":"max-image-preview:large","max-video-preview":"max-video-preview:-1"},"og_locale":"it_IT","og_type":"article","og_title":"Piazza le tue scommesse tramite Telegram 888Starz \u1409 Scommetti in modo comodo e veloce!","og_description":"Scommettere su 888Starz ora \u00e8 ancora pi\u00f9 facile! Usa Telegram per scommettere senza visitare il sito. Scopri quanto \u00e8 facile e comodo iniziare a scommettere direttamente dall'app di messaggistica!","og_url":"https:\/\/888starz.futbol\/it\/bet-via-telegram\/","og_site_name":"888starz Futbol IT","article_modified_time":"2025-11-18T12:29:21+00:00","twitter_card":"summary_large_image","schema":{"@context":"https:\/\/schema.org","@graph":[{"@type":"WebPage","@id":"https:\/\/888starz.futbol\/it\/bet-via-telegram\/","url":"https:\/\/888starz.futbol\/it\/bet-via-telegram\/","name":"Piazza le tue scommesse tramite Telegram 888Starz \u1409 Scommetti in modo comodo e veloce!","isPartOf":{"@id":"https:\/\/888starz.futbol\/it\/#website"},"datePublished":"2025-06-22T15:13:08+00:00","dateModified":"2025-11-18T12:29:21+00:00","description":"Scommettere su 888Starz ora \u00e8 ancora pi\u00f9 facile! Usa Telegram per scommettere senza visitare il sito. Scopri quanto \u00e8 facile e comodo iniziare a scommettere direttamente dall'app di messaggistica!","breadcrumb":{"@id":"https:\/\/888starz.futbol\/it\/bet-via-telegram\/#breadcrumb"},"inLanguage":"it-IT","potentialAction":[{"@type":"ReadAction","target":["https:\/\/888starz.futbol\/it\/bet-via-telegram\/"]}]},{"@type":"BreadcrumbList","@id":"https:\/\/888starz.futbol\/it\/bet-via-telegram\/#breadcrumb","itemListElement":[{"@type":"ListItem","position":1,"name":"Home","item":"https:\/\/888starz.futbol\/it\/"},{"@type":"ListItem","position":2,"name":"Scommetti tramite Telegram"}]},{"@type":"WebSite","@id":"https:\/\/888starz.futbol\/it\/#website","url":"https:\/\/888starz.futbol\/it\/","name":"888starz Futbol IT","description":"My WordPress Blog","potentialAction":[{"@type":"SearchAction","target":{"@type":"EntryPoint","urlTemplate":"https:\/\/888starz.futbol\/it\/?s={search_term_string}"},"query-input":{"@type":"PropertyValueSpecification","valueRequired":true,"valueName":"search_term_string"}}],"inLanguage":"it-IT"}]}},"_links":{"self":[{"href":"https:\/\/888starz.futbol\/it\/wp-json\/wp\/v2\/pages\/415","targetHints":{"allow":["GET"]}}],"collection":[{"href":"https:\/\/888starz.futbol\/it\/wp-json\/wp\/v2\/pages"}],"about":[{"href":"https:\/\/888starz.futbol\/it\/wp-json\/wp\/v2\/types\/page"}],"author":[{"embeddable":true,"href":"https:\/\/888starz.futbol\/it\/wp-json\/wp\/v2\/users\/1"}],"replies":[{"embeddable":true,"href":"https:\/\/888starz.futbol\/it\/wp-json\/wp\/v2\/comments?post=415"}],"version-history":[{"count":6,"href":"https:\/\/888starz.futbol\/it\/wp-json\/wp\/v2\/pages\/415\/revisions"}],"predecessor-version":[{"id":486,"href":"https:\/\/888starz.futbol\/it\/wp-json\/wp\/v2\/pages\/415\/revisions\/486"}],"wp:attachment":[{"href":"https:\/\/888starz.futbol\/it\/wp-json\/wp\/v2\/media?parent=415"}],"curies":[{"name":"wp","href":"https:\/\/api.w.org\/{rel}","templated":true}]}}